{"id":7,"date":"2023-05-08T15:45:26","date_gmt":"2023-05-08T12:45:26","guid":{"rendered":"https:\/\/autoleasing.fi\/yrityksille\/?page_id=7"},"modified":"2024-09-02T10:24:58","modified_gmt":"2024-09-02T07:24:58","slug":"autoleasing-yrityksille","status":"publish","type":"page","link":"https:\/\/autoleasing.fi\/yrityksille\/autoleasing\/autoleasing-yrityksille\/","title":{"rendered":"Autoleasing yrityksille"},"content":{"rendered":"\n<div class=\"wp-block-group row is-layout-flow wp-block-group-is-layout-flow\">\n<div class=\"wp-block-group site-content has-global-padding is-layout-constrained wp-block-group-is-layout-constrained\">\n<div class=\"wp-block-columns is-layout-flex wp-container-core-columns-is-layout-28f84493 wp-block-columns-is-layout-flex\">\n<div class=\"wp-block-column is-layout-flow wp-block-column-is-layout-flow\" style=\"flex-basis:66.66%\">\n<h2 class=\"wp-block-heading\">Autoleasing tekee yrityksen arjesta sujuvaa<\/h2>\n\n\n\n<p>Autoilussa puhaltavat muutosten tuulet. Yh\u00e4 useampi yritys on p\u00e4\u00e4tt\u00e4nyt siirty\u00e4 huolettomaan leasingautoiluun ja j\u00e4tt\u00e4\u00e4 taakseen autojen omistamisen riskit ja rasitteet. Miksi sitoa en\u00e4\u00e4 yrityksen p\u00e4\u00e4omaa autoihin, kun teemme sen puolestasi? Autoleasingin kiinte\u00e4\u00e4n kuukausihintaan sis\u00e4ltyv\u00e4t auton lis\u00e4ksi l\u00e4hes kaikki autoilun kulut huolloista renkaisiin ja katsastuksiin. N\u00e4in ollen yritysautoilun kulut ovat helposti ennakoitavissa ja p\u00e4\u00e4omaa sek\u00e4 aikaa s\u00e4\u00e4styy autoasioista liiketoiminnan kehitt\u00e4miseen.&nbsp;<\/p>\n\n\n\n<p>Autoleasing-palvelun tuottaa <a data-type=\"page\" data-id=\"4638\" href=\"https:\/\/autoleasing.fi\/yrityksille\/nf-fleet\/meista\/\">NF Fleet<\/a>, joka on Nordea Financen ja Ayvensin yhteisyritys. N\u00e4in k\u00e4yt\u00f6ss\u00e4si on paras mahdollinen kumppani kokonaistaloudellisiin yritysleasingratkaisuihin.<\/p>\n\n\n\n<h2 class=\"wp-block-heading\">Vastuullista yritysautoilua<\/h2>\n\n\n\n<p>Autoleasing tarjoaa yrityksille my\u00f6s helpon siirtym\u00e4n vastuulliseen yritysautoiluun. Tiimimme auttaa sinua sovittamaan yrityksesi liikkumisratkaisut tukemaan liiketoiminnan arvoja. R\u00e4\u00e4t\u00e4l\u00f6imme ymp\u00e4rist\u00f6yst\u00e4v\u00e4lliset, taloudelliset ja toimivat leasingkokonaisuudet tarpeiden ja tavoitteiden mukaan \u2013 yrityksesi kokoon sovitettuna. Monipuoliset Autoleasingin lis\u00e4palvelut t\u00e4ydent\u00e4v\u00e4t arjen autoilun sujuvuutta ja keskitt\u00e4j\u00e4lle on tarjolla merkitt\u00e4vi\u00e4 taloudellisia etuja.&nbsp;<\/p>\n\n\n\n<h2 class=\"wp-block-heading\">Korkeatasoista palvelua<\/h2>\n\n\n\n<p>Autoleasing-palvelun tuottava NF Fleet on tunnettu ensiluokkaisesta, luotettavasta ja joustavasta asiakaspalvelustaan. Yritysleasingasiakkaanamme sin\u00e4 voit keskitty\u00e4 rauhassa ty\u00f6h\u00f6si, kun yrityksesi autoasiat ovat ammattilaisten k\u00e4siss\u00e4.<\/p>\n\n\n\n<h2 class=\"wp-block-heading\">Rahoitusvaihtoehtojen vertailu<\/h2>\n\n\n\n<figure id=\"rahoitusvaihtoehtojen-vertailu\" class=\"wp-block-table leasing-comparison-table\"><table><thead><tr><th><\/th><th class=\"has-text-align-center\" data-align=\"center\">Huoltoleasing<\/th><th class=\"has-text-align-center\" data-align=\"center\">Osamaksu<\/th><th class=\"has-text-align-center\" data-align=\"center\">Rahoitusleasing<\/th><\/tr><\/thead><tbody><tr><td>Auton rahoituskustannukset<\/td><td class=\"has-text-align-center\" data-align=\"center\"><img decoding=\"async\" src=\"https:\/\/autoleasing.fi\/yrityksille\/wp-content\/uploads\/2023\/08\/icon-check.png\" alt=\"T\u00e4m\u00e4n kuvan alt-attribuutti on tyhj\u00e4; Tiedoston nimi on icon-check.png\" style=\"width: 16px;\"><\/td><td class=\"has-text-align-center\" data-align=\"center\"><img decoding=\"async\" style=\"width: 16px;\" src=\"https:\/\/autoleasing.fi\/yrityksille\/wp-content\/uploads\/2023\/08\/icon-check.png\" alt=\"T\u00e4m\u00e4n kuvan alt-attribuutti on tyhj\u00e4; Tiedoston nimi on icon-check.png\"><\/td><td class=\"has-text-align-center\" data-align=\"center\"><img decoding=\"async\" style=\"width: 16px;\" src=\"https:\/\/autoleasing.fi\/yrityksille\/wp-content\/uploads\/2023\/08\/icon-check.png\" alt=\"T\u00e4m\u00e4n kuvan alt-attribuutti on tyhj\u00e4; Tiedoston nimi on icon-check.png\"><\/td><\/tr><tr><td>Vakuutus (liikenne- &amp; kaskovakuutus)<\/td><td class=\"has-text-align-center\" data-align=\"center\">Mik\u00e4li valitset <br>T\u00e4ysvakuutuksen<\/td><td class=\"has-text-align-center\" data-align=\"center\">\u2013<\/td><td class=\"has-text-align-center\" data-align=\"center\">\u2013<\/td><\/tr><tr><td>Talvirenkaat<\/td><td class=\"has-text-align-center\" data-align=\"center\"><img decoding=\"async\" style=\"width: 16px;\" src=\"https:\/\/autoleasing.fi\/yrityksille\/wp-content\/uploads\/2023\/08\/icon-check.png\" alt=\"T\u00e4m\u00e4n kuvan alt-attribuutti on tyhj\u00e4; Tiedoston nimi on icon-check.png\"><\/td><td class=\"has-text-align-center\" data-align=\"center\">\u2013<\/td><td class=\"has-text-align-center\" data-align=\"center\">\u2013<\/td><\/tr><tr><td>Renkaiden kausivaihdot<\/td><td class=\"has-text-align-center\" data-align=\"center\"><img decoding=\"async\" style=\"width: 16px;\" src=\"https:\/\/autoleasing.fi\/yrityksille\/wp-content\/uploads\/2023\/08\/icon-check.png\" alt=\"T\u00e4m\u00e4n kuvan alt-attribuutti on tyhj\u00e4; Tiedoston nimi on icon-check.png\"><\/td><td class=\"has-text-align-center\" data-align=\"center\">\u2013<\/td><td class=\"has-text-align-center\" data-align=\"center\">\u2013<\/td><\/tr><tr><td>Renkaiden uusinnat<\/td><td class=\"has-text-align-center\" data-align=\"center\"><img decoding=\"async\" style=\"width: 16px;\" src=\"https:\/\/autoleasing.fi\/yrityksille\/wp-content\/uploads\/2023\/08\/icon-check.png\" alt=\"T\u00e4m\u00e4n kuvan alt-attribuutti on tyhj\u00e4; Tiedoston nimi on icon-check.png\"><\/td><td class=\"has-text-align-center\" data-align=\"center\">\u2013<\/td><td class=\"has-text-align-center\" data-align=\"center\">\u2013<\/td><\/tr><tr><td>M\u00e4\u00e4r\u00e4aikaishuollot<\/td><td class=\"has-text-align-center\" data-align=\"center\"><img decoding=\"async\" style=\"width: 16px;\" src=\"https:\/\/autoleasing.fi\/yrityksille\/wp-content\/uploads\/2023\/08\/icon-check.png\" alt=\"T\u00e4m\u00e4n kuvan alt-attribuutti on tyhj\u00e4; Tiedoston nimi on icon-check.png\"><\/td><td class=\"has-text-align-center\" data-align=\"center\">\u2013<\/td><td class=\"has-text-align-center\" data-align=\"center\">\u2013<\/td><\/tr><tr><td>Sijaisauto m\u00e4\u00e4r\u00e4aikaishuoltojen ajaksi<\/td><td class=\"has-text-align-center\" data-align=\"center\"><img decoding=\"async\" style=\"width: 16px;\" src=\"https:\/\/autoleasing.fi\/yrityksille\/wp-content\/uploads\/2023\/08\/icon-check.png\" alt=\"T\u00e4m\u00e4n kuvan alt-attribuutti on tyhj\u00e4; Tiedoston nimi on icon-check.png\"><\/td><td class=\"has-text-align-center\" data-align=\"center\">\u2013<\/td><td class=\"has-text-align-center\" data-align=\"center\">\u2013<\/td><\/tr><tr><td>Huoltojen ulkopuoliset tekniset korjaukset<\/td><td class=\"has-text-align-center\" data-align=\"center\"><img decoding=\"async\" style=\"width: 16px;\" src=\"https:\/\/autoleasing.fi\/yrityksille\/wp-content\/uploads\/2023\/08\/icon-check.png\" alt=\"T\u00e4m\u00e4n kuvan alt-attribuutti on tyhj\u00e4; Tiedoston nimi on icon-check.png\"><\/td><td class=\"has-text-align-center\" data-align=\"center\">\u2013<\/td><td class=\"has-text-align-center\" data-align=\"center\">\u2013<\/td><\/tr><tr><td>Katsastusmaksut<\/td><td class=\"has-text-align-center\" data-align=\"center\"><img decoding=\"async\" style=\"width: 16px;\" src=\"https:\/\/autoleasing.fi\/yrityksille\/wp-content\/uploads\/2023\/08\/icon-check.png\" alt=\"T\u00e4m\u00e4n kuvan alt-attribuutti on tyhj\u00e4; Tiedoston nimi on icon-check.png\"><\/td><td class=\"has-text-align-center\" data-align=\"center\">\u2013<\/td><td class=\"has-text-align-center\" data-align=\"center\">\u2013<\/td><\/tr><tr><td>Tiepalvelu 24\/7<\/td><td class=\"has-text-align-center\" data-align=\"center\"><img decoding=\"async\" style=\"width: 16px;\" src=\"https:\/\/autoleasing.fi\/yrityksille\/wp-content\/uploads\/2023\/08\/icon-check.png\" alt=\"T\u00e4m\u00e4n kuvan alt-attribuutti on tyhj\u00e4; Tiedoston nimi on icon-check.png\"><\/td><td class=\"has-text-align-center\" data-align=\"center\">\u2013<\/td><td class=\"has-text-align-center\" data-align=\"center\">\u2013<\/td><\/tr><tr><td>Pientarvikkeet + nesteet<\/td><td class=\"has-text-align-center\" data-align=\"center\">Huollon yhteydess\u00e4<\/td><td class=\"has-text-align-center\" data-align=\"center\">\u2013<\/td><td class=\"has-text-align-center\" data-align=\"center\">\u2013<\/td><\/tr><tr><td>Riski auton j\u00e4\u00e4nn\u00f6sarvosta<\/td><td class=\"has-text-align-center\" data-align=\"center\">Riskin kantaa <br>NF Fleet<\/td><td class=\"has-text-align-center\" data-align=\"center\">Riski autoilijalla<\/td><td class=\"has-text-align-center\" data-align=\"center\">Riski autoilijalla<\/td><\/tr><tr><td>Ajokilometrit<\/td><td class=\"has-text-align-center\" data-align=\"center\">Km m\u00e4\u00e4ritelty etuk\u00e4teen<\/td><td class=\"has-text-align-center\" data-align=\"center\">Rajoittamattomat<\/td><td class=\"has-text-align-center\" data-align=\"center\">Rajoittamattomat<\/td><\/tr><tr><td>Ajoneuvovero<\/td><td class=\"has-text-align-center\" data-align=\"center\">\u2013<\/td><td class=\"has-text-align-center\" data-align=\"center\">\u2013<\/td><td class=\"has-text-align-center\" data-align=\"center\">\u2013<\/td><\/tr><tr><td>Polttoaineet<\/td><td class=\"has-text-align-center\" data-align=\"center\">\u2013<\/td><td class=\"has-text-align-center\" data-align=\"center\">\u2013<\/td><td class=\"has-text-align-center\" data-align=\"center\">\u2013<\/td><\/tr><tr><td>Auton pesut<\/td><td class=\"has-text-align-center\" data-align=\"center\">\u2013<\/td><td class=\"has-text-align-center\" data-align=\"center\">\u2013<\/td><td class=\"has-text-align-center\" data-align=\"center\">\u2013<\/td><\/tr><tr><td>Renkaiden kausis\u00e4ilytys<\/td><td class=\"has-text-align-center\" data-align=\"center\">\u2013<\/td><td class=\"has-text-align-center\" data-align=\"center\">\u2013<\/td><td class=\"has-text-align-center\" data-align=\"center\">\u2013<\/td><\/tr><tr><td>Lis\u00e4palvelut<\/td><td class=\"has-text-align-center\" data-align=\"center\"><a style=\"text-decoration: underline;\" href=\"https:\/\/autoleasing.fi\/yrityksille\/leasingpalvelut\/huoltoleasing\/\">Kattava valikoima <br>lis\u00e4palveluita saatavilla<\/a><\/td><td class=\"has-text-align-center\" data-align=\"center\">\u2013<\/td><td class=\"has-text-align-center\" data-align=\"center\">\u2013<\/td><\/tr><\/tbody><\/table><\/figure>\n<\/div>\n\n\n\n<div class=\"wp-block-column is-layout-flow wp-block-column-is-layout-flow\" style=\"flex-basis:33.33%\">\n<div class=\"wp-block-buttons is-layout-flex wp-block-buttons-is-layout-flex\">\n<div class=\"wp-block-button\"><a class=\"wp-block-button__link wp-element-button\" href=\"https:\/\/autoleasing.fi\/yrityksille\/autoleasing\/leasingautot\/\">Tutustu leasingautoihin<\/a><\/div>\n<\/div>\n<\/div>\n<\/div>\n<\/div>\n<\/div>\n","protected":false},"excerpt":{"rendered":"<p>Autoleasing tekee yrityksen arjesta sujuvaa Autoilussa puhaltavat muutosten tuulet. Yh\u00e4 useampi yritys on p\u00e4\u00e4tt\u00e4nyt siirty\u00e4 huolettomaan leasingautoiluun ja j\u00e4tt\u00e4\u00e4 taakseen autojen omistamisen riskit ja rasitteet. Miksi sitoa en\u00e4\u00e4 yrityksen p\u00e4\u00e4omaa autoihin, kun teemme sen puolestasi? Autoleasingin kiinte\u00e4\u00e4n kuukausihintaan sis\u00e4ltyv\u00e4t auton lis\u00e4ksi l\u00e4hes kaikki autoilun kulut huolloista renkaisiin ja katsastuksiin. N\u00e4in ollen yritysautoilun kulut ovat helposti [&hellip;]<\/p>\n","protected":false},"author":1,"featured_media":5313,"parent":5,"menu_order":0,"comment_status":"closed","ping_status":"closed","template":"","meta":{"_acf_changed":false,"footnotes":""},"class_list":["post-7","page","type-page","status-publish","has-post-thumbnail","hentry"],"acf":[],"yoast_head":"<!-- This site is optimized with the Yoast SEO plugin v27.2 - https:\/\/yoast.com\/product\/yoast-seo-wordpress\/ -->\n<title>Autoleasing yrityksille - Autoleasing \u2013 Yrityksille<\/title>\n<meta name=\"robots\" content=\"index, follow, max-snippet:-1, max-image-preview:large, max-video-preview:-1\" \/>\n<link rel=\"canonical\" href=\"https:\/\/autoleasing.fi\/yrityksille\/autoleasing\/autoleasing-yrityksille\/\" \/>\n<meta property=\"og:locale\" content=\"fi_FI\" \/>\n<meta property=\"og:type\" content=\"article\" \/>\n<meta property=\"og:title\" content=\"Autoleasing yrityksille - Autoleasing \u2013 Yrityksille\" \/>\n<meta property=\"og:description\" content=\"Autoleasing tekee yrityksen arjesta sujuvaa Autoilussa puhaltavat muutosten tuulet. Yh\u00e4 useampi yritys on p\u00e4\u00e4tt\u00e4nyt siirty\u00e4 huolettomaan leasingautoiluun ja j\u00e4tt\u00e4\u00e4 taakseen autojen omistamisen riskit ja rasitteet. Miksi sitoa en\u00e4\u00e4 yrityksen p\u00e4\u00e4omaa autoihin, kun teemme sen puolestasi? Autoleasingin kiinte\u00e4\u00e4n kuukausihintaan sis\u00e4ltyv\u00e4t auton lis\u00e4ksi l\u00e4hes kaikki autoilun kulut huolloista renkaisiin ja katsastuksiin. N\u00e4in ollen yritysautoilun kulut ovat helposti [&hellip;]\" \/>\n<meta property=\"og:url\" content=\"https:\/\/autoleasing.fi\/yrityksille\/autoleasing\/autoleasing-yrityksille\/\" \/>\n<meta property=\"og:site_name\" content=\"Autoleasing \u2013 Yrityksille\" \/>\n<meta property=\"article:modified_time\" content=\"2024-09-02T07:24:58+00:00\" \/>\n<meta property=\"og:image\" content=\"https:\/\/autoleasing.fi\/yrityksille\/wp-content\/uploads\/2023\/05\/smiling-young-man-in-car-1.jpg\" \/>\n\t<meta property=\"og:image:width\" content=\"1600\" \/>\n\t<meta property=\"og:image:height\" content=\"1108\" \/>\n\t<meta property=\"og:image:type\" content=\"image\/jpeg\" \/>\n<meta name=\"twitter:card\" content=\"summary_large_image\" \/>\n<meta name=\"twitter:label1\" content=\"Arvioitu lukuaika\" \/>\n\t<meta name=\"twitter:data1\" content=\"4 minuuttia\" \/>\n<script type=\"application\/ld+json\" class=\"yoast-schema-graph\">{\"@context\":\"https:\/\/schema.org\",\"@graph\":[{\"@type\":\"WebPage\",\"@id\":\"https:\/\/autoleasing.fi\/yrityksille\/autoleasing\/autoleasing-yrityksille\/\",\"url\":\"https:\/\/autoleasing.fi\/yrityksille\/autoleasing\/autoleasing-yrityksille\/\",\"name\":\"Autoleasing yrityksille - Autoleasing \u2013 Yrityksille\",\"isPartOf\":{\"@id\":\"https:\/\/autoleasing.fi\/yrityksille\/#website\"},\"primaryImageOfPage\":{\"@id\":\"https:\/\/autoleasing.fi\/yrityksille\/autoleasing\/autoleasing-yrityksille\/#primaryimage\"},\"image\":{\"@id\":\"https:\/\/autoleasing.fi\/yrityksille\/autoleasing\/autoleasing-yrityksille\/#primaryimage\"},\"thumbnailUrl\":\"https:\/\/autoleasing.fi\/yrityksille\/wp-content\/uploads\/2023\/05\/smiling-young-man-in-car-1.jpg\",\"datePublished\":\"2023-05-08T12:45:26+00:00\",\"dateModified\":\"2024-09-02T07:24:58+00:00\",\"breadcrumb\":{\"@id\":\"https:\/\/autoleasing.fi\/yrityksille\/autoleasing\/autoleasing-yrityksille\/#breadcrumb\"},\"inLanguage\":\"fi\",\"potentialAction\":[{\"@type\":\"ReadAction\",\"target\":[\"https:\/\/autoleasing.fi\/yrityksille\/autoleasing\/autoleasing-yrityksille\/\"]}]},{\"@type\":\"ImageObject\",\"inLanguage\":\"fi\",\"@id\":\"https:\/\/autoleasing.fi\/yrityksille\/autoleasing\/autoleasing-yrityksille\/#primaryimage\",\"url\":\"https:\/\/autoleasing.fi\/yrityksille\/wp-content\/uploads\/2023\/05\/smiling-young-man-in-car-1.jpg\",\"contentUrl\":\"https:\/\/autoleasing.fi\/yrityksille\/wp-content\/uploads\/2023\/05\/smiling-young-man-in-car-1.jpg\",\"width\":1600,\"height\":1108},{\"@type\":\"BreadcrumbList\",\"@id\":\"https:\/\/autoleasing.fi\/yrityksille\/autoleasing\/autoleasing-yrityksille\/#breadcrumb\",\"itemListElement\":[{\"@type\":\"ListItem\",\"position\":1,\"name\":\"Etusivu\",\"item\":\"https:\/\/autoleasing.fi\/yrityksille\/\"},{\"@type\":\"ListItem\",\"position\":2,\"name\":\"Autoleasing\",\"item\":\"https:\/\/autoleasing.fi\/yrityksille\/autoleasing\/\"},{\"@type\":\"ListItem\",\"position\":3,\"name\":\"Autoleasing yrityksille\"}]},{\"@type\":\"WebSite\",\"@id\":\"https:\/\/autoleasing.fi\/yrityksille\/#website\",\"url\":\"https:\/\/autoleasing.fi\/yrityksille\/\",\"name\":\"Autoleasing \u2013 Yrityksille\",\"description\":\"\",\"publisher\":{\"@id\":\"https:\/\/autoleasing.fi\/yrityksille\/#organization\"},\"potentialAction\":[{\"@type\":\"SearchAction\",\"target\":{\"@type\":\"EntryPoint\",\"urlTemplate\":\"https:\/\/autoleasing.fi\/yrityksille\/?s={search_term_string}\"},\"query-input\":{\"@type\":\"PropertyValueSpecification\",\"valueRequired\":true,\"valueName\":\"search_term_string\"}}],\"inLanguage\":\"fi\"},{\"@type\":\"Organization\",\"@id\":\"https:\/\/autoleasing.fi\/yrityksille\/#organization\",\"name\":\"Autoleasing \u2013 Yrityksille\",\"url\":\"https:\/\/autoleasing.fi\/yrityksille\/\",\"logo\":{\"@type\":\"ImageObject\",\"inLanguage\":\"fi\",\"@id\":\"https:\/\/autoleasing.fi\/yrityksille\/#\/schema\/logo\/image\/\",\"url\":\"https:\/\/autoleasing.fi\/yrityksille\/wp-content\/uploads\/2023\/05\/happy-young-woman-looking-out-of-car-window-2.jpg\",\"contentUrl\":\"https:\/\/autoleasing.fi\/yrityksille\/wp-content\/uploads\/2023\/05\/happy-young-woman-looking-out-of-car-window-2.jpg\",\"width\":1600,\"height\":1157,\"caption\":\"Autoleasing \u2013 Yrityksille\"},\"image\":{\"@id\":\"https:\/\/autoleasing.fi\/yrityksille\/#\/schema\/logo\/image\/\"},\"sameAs\":[\"https:\/\/fi.linkedin.com\/company\/nffleetfinland\"]}]}<\/script>\n<!-- \/ Yoast SEO plugin. -->","yoast_head_json":{"title":"Autoleasing yrityksille - Autoleasing \u2013 Yrityksille","robots":{"index":"index","follow":"follow","max-snippet":"max-snippet:-1","max-image-preview":"max-image-preview:large","max-video-preview":"max-video-preview:-1"},"canonical":"https:\/\/autoleasing.fi\/yrityksille\/autoleasing\/autoleasing-yrityksille\/","og_locale":"fi_FI","og_type":"article","og_title":"Autoleasing yrityksille - Autoleasing \u2013 Yrityksille","og_description":"Autoleasing tekee yrityksen arjesta sujuvaa Autoilussa puhaltavat muutosten tuulet. Yh\u00e4 useampi yritys on p\u00e4\u00e4tt\u00e4nyt siirty\u00e4 huolettomaan leasingautoiluun ja j\u00e4tt\u00e4\u00e4 taakseen autojen omistamisen riskit ja rasitteet. Miksi sitoa en\u00e4\u00e4 yrityksen p\u00e4\u00e4omaa autoihin, kun teemme sen puolestasi? Autoleasingin kiinte\u00e4\u00e4n kuukausihintaan sis\u00e4ltyv\u00e4t auton lis\u00e4ksi l\u00e4hes kaikki autoilun kulut huolloista renkaisiin ja katsastuksiin. N\u00e4in ollen yritysautoilun kulut ovat helposti [&hellip;]","og_url":"https:\/\/autoleasing.fi\/yrityksille\/autoleasing\/autoleasing-yrityksille\/","og_site_name":"Autoleasing \u2013 Yrityksille","article_modified_time":"2024-09-02T07:24:58+00:00","og_image":[{"width":1600,"height":1108,"url":"https:\/\/autoleasing.fi\/yrityksille\/wp-content\/uploads\/2023\/05\/smiling-young-man-in-car-1.jpg","type":"image\/jpeg"}],"twitter_card":"summary_large_image","twitter_misc":{"Arvioitu lukuaika":"4 minuuttia"},"schema":{"@context":"https:\/\/schema.org","@graph":[{"@type":"WebPage","@id":"https:\/\/autoleasing.fi\/yrityksille\/autoleasing\/autoleasing-yrityksille\/","url":"https:\/\/autoleasing.fi\/yrityksille\/autoleasing\/autoleasing-yrityksille\/","name":"Autoleasing yrityksille - Autoleasing \u2013 Yrityksille","isPartOf":{"@id":"https:\/\/autoleasing.fi\/yrityksille\/#website"},"primaryImageOfPage":{"@id":"https:\/\/autoleasing.fi\/yrityksille\/autoleasing\/autoleasing-yrityksille\/#primaryimage"},"image":{"@id":"https:\/\/autoleasing.fi\/yrityksille\/autoleasing\/autoleasing-yrityksille\/#primaryimage"},"thumbnailUrl":"https:\/\/autoleasing.fi\/yrityksille\/wp-content\/uploads\/2023\/05\/smiling-young-man-in-car-1.jpg","datePublished":"2023-05-08T12:45:26+00:00","dateModified":"2024-09-02T07:24:58+00:00","breadcrumb":{"@id":"https:\/\/autoleasing.fi\/yrityksille\/autoleasing\/autoleasing-yrityksille\/#breadcrumb"},"inLanguage":"fi","potentialAction":[{"@type":"ReadAction","target":["https:\/\/autoleasing.fi\/yrityksille\/autoleasing\/autoleasing-yrityksille\/"]}]},{"@type":"ImageObject","inLanguage":"fi","@id":"https:\/\/autoleasing.fi\/yrityksille\/autoleasing\/autoleasing-yrityksille\/#primaryimage","url":"https:\/\/autoleasing.fi\/yrityksille\/wp-content\/uploads\/2023\/05\/smiling-young-man-in-car-1.jpg","contentUrl":"https:\/\/autoleasing.fi\/yrityksille\/wp-content\/uploads\/2023\/05\/smiling-young-man-in-car-1.jpg","width":1600,"height":1108},{"@type":"BreadcrumbList","@id":"https:\/\/autoleasing.fi\/yrityksille\/autoleasing\/autoleasing-yrityksille\/#breadcrumb","itemListElement":[{"@type":"ListItem","position":1,"name":"Etusivu","item":"https:\/\/autoleasing.fi\/yrityksille\/"},{"@type":"ListItem","position":2,"name":"Autoleasing","item":"https:\/\/autoleasing.fi\/yrityksille\/autoleasing\/"},{"@type":"ListItem","position":3,"name":"Autoleasing yrityksille"}]},{"@type":"WebSite","@id":"https:\/\/autoleasing.fi\/yrityksille\/#website","url":"https:\/\/autoleasing.fi\/yrityksille\/","name":"Autoleasing \u2013 Yrityksille","description":"","publisher":{"@id":"https:\/\/autoleasing.fi\/yrityksille\/#organization"},"potentialAction":[{"@type":"SearchAction","target":{"@type":"EntryPoint","urlTemplate":"https:\/\/autoleasing.fi\/yrityksille\/?s={search_term_string}"},"query-input":{"@type":"PropertyValueSpecification","valueRequired":true,"valueName":"search_term_string"}}],"inLanguage":"fi"},{"@type":"Organization","@id":"https:\/\/autoleasing.fi\/yrityksille\/#organization","name":"Autoleasing \u2013 Yrityksille","url":"https:\/\/autoleasing.fi\/yrityksille\/","logo":{"@type":"ImageObject","inLanguage":"fi","@id":"https:\/\/autoleasing.fi\/yrityksille\/#\/schema\/logo\/image\/","url":"https:\/\/autoleasing.fi\/yrityksille\/wp-content\/uploads\/2023\/05\/happy-young-woman-looking-out-of-car-window-2.jpg","contentUrl":"https:\/\/autoleasing.fi\/yrityksille\/wp-content\/uploads\/2023\/05\/happy-young-woman-looking-out-of-car-window-2.jpg","width":1600,"height":1157,"caption":"Autoleasing \u2013 Yrityksille"},"image":{"@id":"https:\/\/autoleasing.fi\/yrityksille\/#\/schema\/logo\/image\/"},"sameAs":["https:\/\/fi.linkedin.com\/company\/nffleetfinland"]}]}},"_links":{"self":[{"href":"https:\/\/autoleasing.fi\/yrityksille\/wp-json\/wp\/v2\/pages\/7","targetHints":{"allow":["GET"]}}],"collection":[{"href":"https:\/\/autoleasing.fi\/yrityksille\/wp-json\/wp\/v2\/pages"}],"about":[{"href":"https:\/\/autoleasing.fi\/yrityksille\/wp-json\/wp\/v2\/types\/page"}],"author":[{"embeddable":true,"href":"https:\/\/autoleasing.fi\/yrityksille\/wp-json\/wp\/v2\/users\/1"}],"replies":[{"embeddable":true,"href":"https:\/\/autoleasing.fi\/yrityksille\/wp-json\/wp\/v2\/comments?post=7"}],"version-history":[{"count":19,"href":"https:\/\/autoleasing.fi\/yrityksille\/wp-json\/wp\/v2\/pages\/7\/revisions"}],"predecessor-version":[{"id":6212,"href":"https:\/\/autoleasing.fi\/yrityksille\/wp-json\/wp\/v2\/pages\/7\/revisions\/6212"}],"up":[{"embeddable":true,"href":"https:\/\/autoleasing.fi\/yrityksille\/wp-json\/wp\/v2\/pages\/5"}],"wp:featuredmedia":[{"embeddable":true,"href":"https:\/\/autoleasing.fi\/yrityksille\/wp-json\/wp\/v2\/media\/5313"}],"wp:attachment":[{"href":"https:\/\/autoleasing.fi\/yrityksille\/wp-json\/wp\/v2\/media?parent=7"}],"curies":[{"name":"wp","href":"https:\/\/api.w.org\/{rel}","templated":true}]}}