{"id":6418,"date":"2025-11-06T13:51:21","date_gmt":"2025-11-06T11:51:21","guid":{"rendered":"https:\/\/autoleasing.fi\/yrityksille\/?page_id=6418"},"modified":"2025-11-06T13:51:21","modified_gmt":"2025-11-06T11:51:21","slug":"reklamaatio","status":"publish","type":"page","link":"https:\/\/autoleasing.fi\/yrityksille\/reklamaatio\/","title":{"rendered":"Reklamaatio"},"content":{"rendered":"\n<div class=\"wp-block-group row is-layout-flow wp-block-group-is-layout-flow\">\n<div class=\"wp-block-group site-content has-global-padding is-layout-constrained wp-block-group-is-layout-constrained\">\n<div class=\"wp-block-columns is-layout-flex wp-container-core-columns-is-layout-28f84493 wp-block-columns-is-layout-flex\">\n<div class=\"wp-block-column is-layout-flow wp-block-column-is-layout-flow\" style=\"flex-basis:66.66%\">\n<p><strong>Jokin ei mennyt odotetusti? Kerro siit\u00e4 meille.<\/strong><\/p>\n\n\n\n<p>Me NF Fleetill\u00e4 haluamme varmistaa, ett\u00e4 olet tyytyv\u00e4inen palveluumme.<br>Jos jokin ei mennyt aivan kuten piti tai et ole tyytyv\u00e4inen kokemukseesi, jaa palautteesi meille alla olevalla lomakkeella.<\/p>\n\n\n\n<h2 class=\"wp-block-heading\">N\u00e4in reklamaatioprosessimme toimii<\/h2>\n\n\n\n<ol class=\"wp-block-list\">\n<li>Me NF Fleetill\u00e4 vastaanotamme reklamaatiosi, ohjaamme sen asianomaiseen tiimiin ja aloitamme asian selvitt\u00e4misen.<\/li>\n\n\n\n<li>Otamme sinuun yhteytt\u00e4 viimeist\u00e4\u00e4n 5 arkip\u00e4iv\u00e4n kuluessa reklamaation vastaanottamisesta.<\/li>\n\n\n\n<li>Olemme sinuun yhteydess\u00e4, jos tarvitsemme lis\u00e4tietoja.<\/li>\n\n\n\n<li>Pyrimme k\u00e4sittelem\u00e4\u00e4n reklamaatiosi mahdollisimman nopeasti, kuitenkin viimeist\u00e4\u00e4n 2 kuukauden kuluessa.<\/li>\n<\/ol>\n\n\n\n<div class=\"wpcf7 no-js\" id=\"wpcf7-f6417-o1\" lang=\"fi\" dir=\"ltr\" data-wpcf7-id=\"6417\">\n<div class=\"screen-reader-response\"><p role=\"status\" aria-live=\"polite\" aria-atomic=\"true\"><\/p> <ul><\/ul><\/div>\n<form action=\"\/yrityksille\/wp-json\/wp\/v2\/pages\/6418#wpcf7-f6417-o1\" method=\"post\" class=\"wpcf7-form init\" aria-label=\"Yhteydenottolomake\" novalidate=\"novalidate\" data-status=\"init\">\n<fieldset class=\"hidden-fields-container\"><input type=\"hidden\" name=\"_wpcf7\" value=\"6417\" \/><input type=\"hidden\" name=\"_wpcf7_version\" value=\"6.1.5\" \/><input type=\"hidden\" name=\"_wpcf7_locale\" value=\"fi\" \/><input type=\"hidden\" name=\"_wpcf7_unit_tag\" value=\"wpcf7-f6417-o1\" \/><input type=\"hidden\" name=\"_wpcf7_container_post\" value=\"0\" \/><input type=\"hidden\" name=\"_wpcf7_posted_data_hash\" value=\"\" \/><input type=\"hidden\" name=\"_wpcf7cf_hidden_group_fields\" value=\"[]\" \/><input type=\"hidden\" name=\"_wpcf7cf_hidden_groups\" value=\"[]\" \/><input type=\"hidden\" name=\"_wpcf7cf_visible_groups\" value=\"[]\" \/><input type=\"hidden\" name=\"_wpcf7cf_repeaters\" value=\"[]\" \/><input type=\"hidden\" name=\"_wpcf7cf_steps\" value=\"{}\" \/><input type=\"hidden\" name=\"_wpcf7cf_options\" value=\"{&quot;form_id&quot;:6417,&quot;conditions&quot;:[{&quot;then_field&quot;:&quot;-1&quot;,&quot;and_rules&quot;:[{&quot;if_field&quot;:&quot;-1&quot;,&quot;operator&quot;:&quot;equals&quot;,&quot;if_value&quot;:&quot;Yrityksell\\u00e4ni on nykyist\\u00e4 autokantaa&quot;}]},{&quot;then_field&quot;:&quot;-1&quot;,&quot;and_rules&quot;:[{&quot;if_field&quot;:&quot;-1&quot;,&quot;operator&quot;:&quot;equals&quot;,&quot;if_value&quot;:&quot;Yritykseni on kiinnostunut leasingautoista&quot;}]},{&quot;then_field&quot;:&quot;-1&quot;,&quot;and_rules&quot;:[{&quot;if_field&quot;:&quot;-1&quot;,&quot;operator&quot;:&quot;equals&quot;,&quot;if_value&quot;:&quot;En ole viel\\u00e4 Autoleasing-yritysasiakas, mutta olen kiinnostunut palveluista&quot;}]}],&quot;settings&quot;:{&quot;animation&quot;:&quot;yes&quot;,&quot;animation_intime&quot;:200,&quot;animation_outtime&quot;:200,&quot;conditions_ui&quot;:&quot;normal&quot;,&quot;notice_dismissed&quot;:false,&quot;notice_dismissed_rollback-cf7-5.8&quot;:true,&quot;notice_dismissed_rollback-cf7-5.8.5&quot;:true,&quot;notice_dismissed_rollback-cf7-5.9.2&quot;:true,&quot;notice_dismissed_rollback-cf7-5.9.5&quot;:true,&quot;notice_dismissed_rollback-cf7-6.0&quot;:true}}\" \/>\n<\/fieldset>\n<div class=\"hide-after-submit\">\n<h2 style=\"margin-bottom: 0.8em;margin-top:0;\">Reklamaatiolomake<\/h2>\n\n     <div class=\"form-columns cols cols-1-1\">\n\t<div class=\"form-element\">\n\t         <label for=\"first-name\">Etunimi*<\/label>\n\t         <span class=\"wpcf7-form-control-wrap\" data-name=\"first-name\"><input size=\"40\" maxlength=\"400\" class=\"wpcf7-form-control wpcf7-text wpcf7-validates-as-required\" id=\"first-name\" aria-required=\"true\" aria-invalid=\"false\" value=\"\" type=\"text\" name=\"first-name\" \/><\/span>\n\t<\/div>\n\n\t<div class=\"form-element\">\n\t\t<label for=\"last-name\">Sukunimi*<\/label>\n                <span class=\"wpcf7-form-control-wrap\" data-name=\"last-name\"><input size=\"40\" maxlength=\"400\" class=\"wpcf7-form-control wpcf7-text wpcf7-validates-as-required\" id=\"last-name\" aria-required=\"true\" aria-invalid=\"false\" value=\"\" type=\"text\" name=\"last-name\" \/><\/span>\n\t<\/div>\n\n\t<div class=\"form-element\">\n\t\t<label for=\"phone\">Puhelin*<\/label>\n                <span class=\"wpcf7-form-control-wrap\" data-name=\"phone\"><input size=\"40\" maxlength=\"400\" class=\"wpcf7-form-control wpcf7-tel wpcf7-validates-as-required wpcf7-text wpcf7-validates-as-tel\" id=\"phone\" aria-required=\"true\" aria-invalid=\"false\" value=\"\" type=\"tel\" name=\"phone\" \/><\/span>\n\t<\/div>\n\n\t<div class=\"form-element\">\n\t\t<label for=\"email\">S\u00e4hk\u00f6posti*<\/label>\n                <span class=\"wpcf7-form-control-wrap\" data-name=\"email\"><input size=\"40\" maxlength=\"400\" class=\"wpcf7-form-control wpcf7-email wpcf7-validates-as-required wpcf7-text wpcf7-validates-as-email\" id=\"email\" aria-required=\"true\" aria-invalid=\"false\" value=\"\" type=\"email\" name=\"email\" \/><\/span>\n\t<\/div>\n\n         <div class=\"form-element\">\n\t\t<label for=\"reg-number\">Rekisterinumero<\/label>\n                <span class=\"wpcf7-form-control-wrap\" data-name=\"reg-number\"><input size=\"40\" maxlength=\"400\" class=\"wpcf7-form-control wpcf7-text\" id=\"reg-number\" aria-invalid=\"false\" value=\"\" type=\"text\" name=\"reg-number\" \/><\/span>\n\t<\/div>\n\n        <div class=\"form-element\">\n\t        <label for=\"subject\">Reklamaationi koskee*<\/label>\n<span class=\"wpcf7-form-control-wrap\" data-name=\"subject\"><select class=\"wpcf7-form-control wpcf7-select wpcf7-validates-as-required\" aria-required=\"true\" aria-invalid=\"false\" name=\"subject\"><option value=\"\">&#8212;Valitse vaihtoehto&#8212;<\/option><option value=\"Viestint\u00e4\u00e4\">Viestint\u00e4\u00e4<\/option><option value=\"Vahinkoa\">Vahinkoa<\/option><option value=\"Toimitusta\">Toimitusta<\/option><option value=\"Sopimuksen p\u00e4\u00e4tt\u00e4mist\u00e4\">Sopimuksen p\u00e4\u00e4tt\u00e4mist\u00e4<\/option><option value=\"Sakkoa\">Sakkoa<\/option><option value=\"Polttoaine- tai latauspalvelua\">Polttoaine- tai latauspalvelua<\/option><option value=\"Vakuutusta\">Vakuutusta<\/option><option value=\"Huoltoa\">Huoltoa<\/option><option value=\"Tilausta\">Tilausta<\/option><option value=\"Tuotetta\">Tuotetta<\/option><option value=\"Tarjousta\">Tarjousta<\/option><option value=\"Myynti\u00e4\">Myynti\u00e4<\/option><option value=\"Renkaita\">Renkaita<\/option><option value=\"Kampanjaa\">Kampanjaa<\/option><option value=\"Muu\">Muu<\/option><\/select><\/span>\n\t<\/div>\n\n<\/div>\n\n<div class=\"form-element width-100\">\n\t        <label for=\"additional-info\">Kerro reklamaatiostasi*<\/label>\n               <span class=\"wpcf7-form-control-wrap\" data-name=\"additional-info\"><textarea cols=\"40\" rows=\"4\" maxlength=\"2000\" class=\"wpcf7-form-control wpcf7-textarea wpcf7-validates-as-required\" aria-required=\"true\" aria-invalid=\"false\" name=\"additional-info\"><\/textarea><\/span>\n\t<\/div>\n\n<span id=\"wpcf7-69d9e40d344ad-wrapper\" class=\"wpcf7-form-control-wrap honeypot-www-wrap\" style=\"display:none !important; visibility:hidden !important;\"><input type=\"hidden\" name=\"honeypot-www-time-start\" value=\"1775887373\"><input type=\"hidden\" name=\"honeypot-www-time-check\" value=\"4\"><label for=\"wpcf7-69d9e40d344ad-field\" class=\"hp-message\">Please leave this field empty.<\/label><input id=\"wpcf7-69d9e40d344ad-field\"  placeholder=\"https:\/\/\"  class=\"wpcf7-form-control wpcf7-text\" type=\"text\" name=\"honeypot-www\" value=\"\" size=\"40\" tabindex=\"-1\" autocomplete=\"new-password\" \/><\/span>\n\n<input class=\"wpcf7-form-control wpcf7-submit has-spinner btn btn-blue extra-padding\" type=\"submit\" value=\"L\u00e4het\u00e4\" \/>\n<\/div>\n<div class=\"wpcf7-response-output\" aria-hidden=\"true\"><\/div>\n<\/form>\n<\/div>\n\n<\/div>\n\n\n\n<div class=\"wp-block-column is-layout-flow wp-block-column-is-layout-flow\" style=\"flex-basis:33.33%\"><\/div>\n<\/div>\n<\/div>\n<\/div>\n","protected":false},"excerpt":{"rendered":"<p>Jokin ei mennyt odotetusti? Kerro siit\u00e4 meille. Me NF Fleetill\u00e4 haluamme varmistaa, ett\u00e4 olet tyytyv\u00e4inen palveluumme.Jos jokin ei mennyt aivan kuten piti tai et ole tyytyv\u00e4inen kokemukseesi, jaa palautteesi meille alla olevalla lomakkeella. N\u00e4in reklamaatioprosessimme toimii<\/p>\n","protected":false},"author":1,"featured_media":0,"parent":0,"menu_order":0,"comment_status":"closed","ping_status":"closed","template":"","meta":{"_acf_changed":false,"footnotes":""},"class_list":["post-6418","page","type-page","status-publish","hentry"],"acf":[],"yoast_head":"<!-- This site is optimized with the Yoast SEO plugin v27.2 - https:\/\/yoast.com\/product\/yoast-seo-wordpress\/ -->\n<title>Reklamaatio - Autoleasing \u2013 Yrityksille<\/title>\n<meta name=\"robots\" content=\"index, follow, max-snippet:-1, max-image-preview:large, max-video-preview:-1\" \/>\n<link rel=\"canonical\" href=\"https:\/\/autoleasing.fi\/yrityksille\/reklamaatio\/\" \/>\n<meta property=\"og:locale\" content=\"fi_FI\" \/>\n<meta property=\"og:type\" content=\"article\" \/>\n<meta property=\"og:title\" content=\"Reklamaatio - Autoleasing \u2013 Yrityksille\" \/>\n<meta property=\"og:description\" content=\"Jokin ei mennyt odotetusti? Kerro siit\u00e4 meille. Me NF Fleetill\u00e4 haluamme varmistaa, ett\u00e4 olet tyytyv\u00e4inen palveluumme.Jos jokin ei mennyt aivan kuten piti tai et ole tyytyv\u00e4inen kokemukseesi, jaa palautteesi meille alla olevalla lomakkeella. N\u00e4in reklamaatioprosessimme toimii\" \/>\n<meta property=\"og:url\" content=\"https:\/\/autoleasing.fi\/yrityksille\/reklamaatio\/\" \/>\n<meta property=\"og:site_name\" content=\"Autoleasing \u2013 Yrityksille\" \/>\n<meta name=\"twitter:card\" content=\"summary_large_image\" \/>\n<meta name=\"twitter:label1\" content=\"Arvioitu lukuaika\" \/>\n\t<meta name=\"twitter:data1\" content=\"1 minuutti\" \/>\n<script type=\"application\/ld+json\" class=\"yoast-schema-graph\">{\"@context\":\"https:\/\/schema.org\",\"@graph\":[{\"@type\":\"WebPage\",\"@id\":\"https:\/\/autoleasing.fi\/yrityksille\/reklamaatio\/\",\"url\":\"https:\/\/autoleasing.fi\/yrityksille\/reklamaatio\/\",\"name\":\"Reklamaatio - Autoleasing \u2013 Yrityksille\",\"isPartOf\":{\"@id\":\"https:\/\/autoleasing.fi\/yrityksille\/#website\"},\"datePublished\":\"2025-11-06T11:51:21+00:00\",\"breadcrumb\":{\"@id\":\"https:\/\/autoleasing.fi\/yrityksille\/reklamaatio\/#breadcrumb\"},\"inLanguage\":\"fi\",\"potentialAction\":[{\"@type\":\"ReadAction\",\"target\":[\"https:\/\/autoleasing.fi\/yrityksille\/reklamaatio\/\"]}]},{\"@type\":\"BreadcrumbList\",\"@id\":\"https:\/\/autoleasing.fi\/yrityksille\/reklamaatio\/#breadcrumb\",\"itemListElement\":[{\"@type\":\"ListItem\",\"position\":1,\"name\":\"Etusivu\",\"item\":\"https:\/\/autoleasing.fi\/yrityksille\/\"},{\"@type\":\"ListItem\",\"position\":2,\"name\":\"Reklamaatio\"}]},{\"@type\":\"WebSite\",\"@id\":\"https:\/\/autoleasing.fi\/yrityksille\/#website\",\"url\":\"https:\/\/autoleasing.fi\/yrityksille\/\",\"name\":\"Autoleasing \u2013 Yrityksille\",\"description\":\"\",\"publisher\":{\"@id\":\"https:\/\/autoleasing.fi\/yrityksille\/#organization\"},\"potentialAction\":[{\"@type\":\"SearchAction\",\"target\":{\"@type\":\"EntryPoint\",\"urlTemplate\":\"https:\/\/autoleasing.fi\/yrityksille\/?s={search_term_string}\"},\"query-input\":{\"@type\":\"PropertyValueSpecification\",\"valueRequired\":true,\"valueName\":\"search_term_string\"}}],\"inLanguage\":\"fi\"},{\"@type\":\"Organization\",\"@id\":\"https:\/\/autoleasing.fi\/yrityksille\/#organization\",\"name\":\"Autoleasing \u2013 Yrityksille\",\"url\":\"https:\/\/autoleasing.fi\/yrityksille\/\",\"logo\":{\"@type\":\"ImageObject\",\"inLanguage\":\"fi\",\"@id\":\"https:\/\/autoleasing.fi\/yrityksille\/#\/schema\/logo\/image\/\",\"url\":\"https:\/\/autoleasing.fi\/yrityksille\/wp-content\/uploads\/2023\/05\/happy-young-woman-looking-out-of-car-window-2.jpg\",\"contentUrl\":\"https:\/\/autoleasing.fi\/yrityksille\/wp-content\/uploads\/2023\/05\/happy-young-woman-looking-out-of-car-window-2.jpg\",\"width\":1600,\"height\":1157,\"caption\":\"Autoleasing \u2013 Yrityksille\"},\"image\":{\"@id\":\"https:\/\/autoleasing.fi\/yrityksille\/#\/schema\/logo\/image\/\"},\"sameAs\":[\"https:\/\/fi.linkedin.com\/company\/nffleetfinland\"]}]}<\/script>\n<!-- \/ Yoast SEO plugin. -->","yoast_head_json":{"title":"Reklamaatio - Autoleasing \u2013 Yrityksille","robots":{"index":"index","follow":"follow","max-snippet":"max-snippet:-1","max-image-preview":"max-image-preview:large","max-video-preview":"max-video-preview:-1"},"canonical":"https:\/\/autoleasing.fi\/yrityksille\/reklamaatio\/","og_locale":"fi_FI","og_type":"article","og_title":"Reklamaatio - Autoleasing \u2013 Yrityksille","og_description":"Jokin ei mennyt odotetusti? Kerro siit\u00e4 meille. Me NF Fleetill\u00e4 haluamme varmistaa, ett\u00e4 olet tyytyv\u00e4inen palveluumme.Jos jokin ei mennyt aivan kuten piti tai et ole tyytyv\u00e4inen kokemukseesi, jaa palautteesi meille alla olevalla lomakkeella. N\u00e4in reklamaatioprosessimme toimii","og_url":"https:\/\/autoleasing.fi\/yrityksille\/reklamaatio\/","og_site_name":"Autoleasing \u2013 Yrityksille","twitter_card":"summary_large_image","twitter_misc":{"Arvioitu lukuaika":"1 minuutti"},"schema":{"@context":"https:\/\/schema.org","@graph":[{"@type":"WebPage","@id":"https:\/\/autoleasing.fi\/yrityksille\/reklamaatio\/","url":"https:\/\/autoleasing.fi\/yrityksille\/reklamaatio\/","name":"Reklamaatio - Autoleasing \u2013 Yrityksille","isPartOf":{"@id":"https:\/\/autoleasing.fi\/yrityksille\/#website"},"datePublished":"2025-11-06T11:51:21+00:00","breadcrumb":{"@id":"https:\/\/autoleasing.fi\/yrityksille\/reklamaatio\/#breadcrumb"},"inLanguage":"fi","potentialAction":[{"@type":"ReadAction","target":["https:\/\/autoleasing.fi\/yrityksille\/reklamaatio\/"]}]},{"@type":"BreadcrumbList","@id":"https:\/\/autoleasing.fi\/yrityksille\/reklamaatio\/#breadcrumb","itemListElement":[{"@type":"ListItem","position":1,"name":"Etusivu","item":"https:\/\/autoleasing.fi\/yrityksille\/"},{"@type":"ListItem","position":2,"name":"Reklamaatio"}]},{"@type":"WebSite","@id":"https:\/\/autoleasing.fi\/yrityksille\/#website","url":"https:\/\/autoleasing.fi\/yrityksille\/","name":"Autoleasing \u2013 Yrityksille","description":"","publisher":{"@id":"https:\/\/autoleasing.fi\/yrityksille\/#organization"},"potentialAction":[{"@type":"SearchAction","target":{"@type":"EntryPoint","urlTemplate":"https:\/\/autoleasing.fi\/yrityksille\/?s={search_term_string}"},"query-input":{"@type":"PropertyValueSpecification","valueRequired":true,"valueName":"search_term_string"}}],"inLanguage":"fi"},{"@type":"Organization","@id":"https:\/\/autoleasing.fi\/yrityksille\/#organization","name":"Autoleasing \u2013 Yrityksille","url":"https:\/\/autoleasing.fi\/yrityksille\/","logo":{"@type":"ImageObject","inLanguage":"fi","@id":"https:\/\/autoleasing.fi\/yrityksille\/#\/schema\/logo\/image\/","url":"https:\/\/autoleasing.fi\/yrityksille\/wp-content\/uploads\/2023\/05\/happy-young-woman-looking-out-of-car-window-2.jpg","contentUrl":"https:\/\/autoleasing.fi\/yrityksille\/wp-content\/uploads\/2023\/05\/happy-young-woman-looking-out-of-car-window-2.jpg","width":1600,"height":1157,"caption":"Autoleasing \u2013 Yrityksille"},"image":{"@id":"https:\/\/autoleasing.fi\/yrityksille\/#\/schema\/logo\/image\/"},"sameAs":["https:\/\/fi.linkedin.com\/company\/nffleetfinland"]}]}},"_links":{"self":[{"href":"https:\/\/autoleasing.fi\/yrityksille\/wp-json\/wp\/v2\/pages\/6418","targetHints":{"allow":["GET"]}}],"collection":[{"href":"https:\/\/autoleasing.fi\/yrityksille\/wp-json\/wp\/v2\/pages"}],"about":[{"href":"https:\/\/autoleasing.fi\/yrityksille\/wp-json\/wp\/v2\/types\/page"}],"author":[{"embeddable":true,"href":"https:\/\/autoleasing.fi\/yrityksille\/wp-json\/wp\/v2\/users\/1"}],"replies":[{"embeddable":true,"href":"https:\/\/autoleasing.fi\/yrityksille\/wp-json\/wp\/v2\/comments?post=6418"}],"version-history":[{"count":3,"href":"https:\/\/autoleasing.fi\/yrityksille\/wp-json\/wp\/v2\/pages\/6418\/revisions"}],"predecessor-version":[{"id":6421,"href":"https:\/\/autoleasing.fi\/yrityksille\/wp-json\/wp\/v2\/pages\/6418\/revisions\/6421"}],"wp:attachment":[{"href":"https:\/\/autoleasing.fi\/yrityksille\/wp-json\/wp\/v2\/media?parent=6418"}],"curies":[{"name":"wp","href":"https:\/\/api.w.org\/{rel}","templated":true}]}}