{"id":6280,"date":"2024-12-03T15:54:47","date_gmt":"2024-12-03T13:54:47","guid":{"rendered":"https:\/\/autoleasing.fi\/yrityksille\/?page_id=6280"},"modified":"2024-12-04T12:10:47","modified_gmt":"2024-12-04T10:10:47","slug":"huolto","status":"publish","type":"page","link":"https:\/\/autoleasing.fi\/yrityksille\/autoilijalle\/huolto\/","title":{"rendered":"M\u00e4\u00e4r\u00e4aikaishuollot"},"content":{"rendered":"\n<div class=\"wp-block-group row is-layout-flow wp-block-group-is-layout-flow\">\n<div class=\"wp-block-group site-content has-global-padding is-layout-constrained wp-block-group-is-layout-constrained\">\n<div class=\"wp-block-columns is-layout-flex wp-container-core-columns-is-layout-28f84493 wp-block-columns-is-layout-flex\">\n<div class=\"wp-block-column is-layout-flow wp-block-column-is-layout-flow\" style=\"flex-basis:66.66%\">\n<h2 class=\"wp-block-heading\">Huoltoleasingiin sis\u00e4ltyy huollot<\/h2>\n\n\n\n<p>Autoleasing-ty\u00f6suhdeautojen m\u00e4\u00e4r\u00e4aikaishuollot ovat ammattilaisten k\u00e4siss\u00e4. Teet\u00e4th\u00e4n m\u00e4\u00e4r\u00e4aikaishuollot valitsemillamme kumppaneilla huolto-ohjelman mukaisesti. Ty\u00f6suhdeauton m\u00e4\u00e4r\u00e4aikaishuollot ovat asiakkaillemme maksuttomia ja m\u00e4\u00e4r\u00e4aikaishuoltojen laskut ohjautuvat suoraan meille. NF Fleetin tekninen palvelu neuvottelee ja valvoo kaikki suoritettavat huollot yhteisty\u00f6ss\u00e4 korjaamon kanssa.<\/p>\n\n\n\n<h2 class=\"wp-block-heading\">M\u00e4\u00e4r\u00e4aikaishuolloissa ja korjauksissa kumppanimme on Mekonomen<\/h2>\n\n\n\n<p>Voit varata m\u00e4\u00e4r\u00e4aikaishuollon tai korjauksen suoraan Mekonomenilta alla olevan linkin kautta, josta l\u00f6yd\u00e4t k\u00e4yt\u00f6ss\u00e4si olevat huoltopisteet. Mik\u00e4li leasingsopimukseesi kuuluu huollon ajaksi A-kokoluokan sijaisauto, sen varaaminen onnistuu huollon varauksen yhteydess\u00e4.<\/p>\n\n\n\n<p>K\u00e4\u00e4nnyth\u00e4n takuukorjauksissa autosi merkkiliikkeen puoleen.<\/p>\n\n\n\n<div class=\"wp-block-buttons is-layout-flex wp-block-buttons-is-layout-flex\">\n<div class=\"wp-block-button\"><a class=\"wp-block-button__link wp-element-button\" href=\"https:\/\/huolto.mekonomen.fi\/nffleet\/\" target=\"_blank\" rel=\"noreferrer noopener\">Varaa huolto Mekonomeniin<\/a><\/div>\n<\/div>\n\n\n\n<div style=\"height:7px\" aria-hidden=\"true\" class=\"wp-block-spacer\"><\/div>\n\n\n\n<h2 class=\"wp-block-heading\">M\u00e4\u00e4r\u00e4aikaishuolto noutopalvelulla<\/h2>\n\n\n\n<p>Noutopalvelun avulla ty\u00f6suhdeautosi saadaan huollettua ty\u00f6p\u00e4iv\u00e4n aikana. Huoltoliike j\u00e4rjest\u00e4\u00e4 autosi noudon, tekee tarvittavan huollon ja palauttaa auton saman p\u00e4iv\u00e4n aikana.<\/p>\n\n\n\n<p>Noutopalvelu toimii Uudellamaalla.<\/p>\n\n\n\n<p>Noutopalvelun kuljetukset ovat veloituksettomia, kun teet huoltovarauksen alla olevan linkin kautta. Palvelun tuottaa yhteisty\u00f6kumppanimme Euromaster.<\/p>\n\n\n\n<p><a href=\"https:\/\/www.euromaster.fi\/palvelupyyntolomake\" target=\"_blank\" rel=\"noreferrer noopener\">Varaa m\u00e4\u00e4r\u00e4aikaishuolto noutopalvelulla<\/a><\/p>\n\n\n\n<h2 class=\"wp-block-heading\">Lentohuolto<\/h2>\n\n\n\n<p>Kun l\u00e4hdet matkalle Helsinki-Vantaan lentoasemalta,  yhteisty\u00f6kumppanimme Euromaster tekee huollon matkasi aikana. Palattuasi matkalta, autosi odottaa sinua lentoasemalla. Lentohuoltoa k\u00e4ytt\u00e4ess\u00e4si sinun ei tarvitse maksaa lentokentt\u00e4pys\u00e4k\u00f6innist\u00e4. Tilaa lentohuolto viimeist\u00e4\u00e4n viikkoa ennen matkaasi.<\/p>\n\n\n\n<p>Lentohuollon pys\u00e4k\u00f6intipaikka sijaitsee Helsinki-Vantaan lentokent\u00e4ll\u00e4 P3B-parkkitalon sis\u00e4\u00e4najokerroksessa. Paikkanumero on 180 ja se on merkitty Euromaster-kyltill\u00e4. Huoltoon tulevan auton noudosta ja avaimien haltuun saamisesta on sovittava Euromasterin kanssa erikseen. Palvelun tuottaa Euromaster ja se on tarkoitettu kaikille huoltoleasingasiakkaille. Lentohuolto on veloitukseton, kun teet huoltovarauksen alla olevan linkin kautta.<\/p>\n\n\n\n<p><a href=\"https:\/\/www.euromaster.fi\/palvelupyyntolomake\" target=\"_blank\" rel=\"noreferrer noopener\">Varaa aika lentohuoltoon<\/a><\/p>\n\n\n\n<h2 class=\"wp-block-heading\" id=\"5b23e87a-d22f-40bc-8104-184a76a3efd3\">Sijaisauto huollon ajaksi<\/h2>\n\n\n\n<p>Ty\u00f6suhdeautosi huoltojen ja teknisten korjausten ajaksi sinulla on mahdollisuus saada k\u00e4ytt\u00f6\u00f6si sijaisauto. Tarkistathan kuitenkin yrityksesi autopolitiikasta, mitk\u00e4 palvelut ovat yrityksesi autoilijoiden k\u00e4yt\u00f6ss\u00e4.<\/p>\n\n\n\n<p>Sijaisautopalvelu toimii Hertz- ja Europcar-autovuokraamoiden kautta. Sijaisauto tulee aina varata etuk\u00e4teen, kun huollon ajankohta on tiedossa ja aika varattu. Varaathan auton kokoluokasta, joka sis\u00e4ltyy yrityksesi sopimukseen.<\/p>\n\n\n\n<p><a href=\"https:\/\/autoleasing.fi\/yrityksille\/lisapalvelut\/sijais-ja-odotusautopalvelu\/\">Lue lis\u00e4\u00e4 sijaisautopalvelusta<\/a><\/p>\n<\/div>\n\n\n\n<div class=\"wp-block-column is-layout-flow wp-block-column-is-layout-flow\" style=\"flex-basis:33.33%\">\n<div class=\"wp-block-buttons is-layout-flex wp-block-buttons-is-layout-flex\">\n<div class=\"wp-block-button popup\"><a class=\"wp-block-button__link wp-element-button\" href=\"#yhteydenotto\">Ota yhteytt\u00e4<\/a><\/div>\n<\/div>\n<\/div>\n<\/div>\n<\/div>\n<\/div>\n\n\n\n<p><\/p>\n","protected":false},"excerpt":{"rendered":"<p>Huoltoleasingiin sis\u00e4ltyy huollot Autoleasing-ty\u00f6suhdeautojen m\u00e4\u00e4r\u00e4aikaishuollot ovat ammattilaisten k\u00e4siss\u00e4. Teet\u00e4th\u00e4n m\u00e4\u00e4r\u00e4aikaishuollot valitsemillamme kumppaneilla huolto-ohjelman mukaisesti. Ty\u00f6suhdeauton m\u00e4\u00e4r\u00e4aikaishuollot ovat asiakkaillemme maksuttomia ja m\u00e4\u00e4r\u00e4aikaishuoltojen laskut ohjautuvat suoraan meille. NF Fleetin tekninen palvelu neuvottelee ja valvoo kaikki suoritettavat huollot yhteisty\u00f6ss\u00e4 korjaamon kanssa. M\u00e4\u00e4r\u00e4aikaishuolloissa ja korjauksissa kumppanimme on Mekonomen Voit varata m\u00e4\u00e4r\u00e4aikaishuollon tai korjauksen suoraan Mekonomenilta alla olevan linkin kautta, [&hellip;]<\/p>\n","protected":false},"author":1,"featured_media":6309,"parent":4464,"menu_order":0,"comment_status":"closed","ping_status":"closed","template":"","meta":{"_acf_changed":false,"footnotes":""},"class_list":["post-6280","page","type-page","status-publish","has-post-thumbnail","hentry"],"acf":[],"yoast_head":"<!-- This site is optimized with the Yoast SEO plugin v27.2 - https:\/\/yoast.com\/product\/yoast-seo-wordpress\/ -->\n<title>M\u00e4\u00e4r\u00e4aikaishuollot - Autoleasing \u2013 Yrityksille<\/title>\n<meta name=\"robots\" content=\"index, follow, max-snippet:-1, max-image-preview:large, max-video-preview:-1\" \/>\n<link rel=\"canonical\" href=\"https:\/\/autoleasing.fi\/yrityksille\/autoilijalle\/huolto\/\" \/>\n<meta property=\"og:locale\" content=\"fi_FI\" \/>\n<meta property=\"og:type\" content=\"article\" \/>\n<meta property=\"og:title\" content=\"M\u00e4\u00e4r\u00e4aikaishuollot - Autoleasing \u2013 Yrityksille\" \/>\n<meta property=\"og:description\" content=\"Huoltoleasingiin sis\u00e4ltyy huollot Autoleasing-ty\u00f6suhdeautojen m\u00e4\u00e4r\u00e4aikaishuollot ovat ammattilaisten k\u00e4siss\u00e4. Teet\u00e4th\u00e4n m\u00e4\u00e4r\u00e4aikaishuollot valitsemillamme kumppaneilla huolto-ohjelman mukaisesti. Ty\u00f6suhdeauton m\u00e4\u00e4r\u00e4aikaishuollot ovat asiakkaillemme maksuttomia ja m\u00e4\u00e4r\u00e4aikaishuoltojen laskut ohjautuvat suoraan meille. NF Fleetin tekninen palvelu neuvottelee ja valvoo kaikki suoritettavat huollot yhteisty\u00f6ss\u00e4 korjaamon kanssa. M\u00e4\u00e4r\u00e4aikaishuolloissa ja korjauksissa kumppanimme on Mekonomen Voit varata m\u00e4\u00e4r\u00e4aikaishuollon tai korjauksen suoraan Mekonomenilta alla olevan linkin kautta, [&hellip;]\" \/>\n<meta property=\"og:url\" content=\"https:\/\/autoleasing.fi\/yrityksille\/autoilijalle\/huolto\/\" \/>\n<meta property=\"og:site_name\" content=\"Autoleasing \u2013 Yrityksille\" \/>\n<meta property=\"article:modified_time\" content=\"2024-12-04T10:10:47+00:00\" \/>\n<meta property=\"og:image\" content=\"https:\/\/autoleasing.fi\/yrityksille\/wp-content\/uploads\/2024\/12\/car-driving-in-winter-landscape.jpg\" \/>\n\t<meta property=\"og:image:width\" content=\"1600\" \/>\n\t<meta property=\"og:image:height\" content=\"900\" \/>\n\t<meta property=\"og:image:type\" content=\"image\/jpeg\" \/>\n<meta name=\"twitter:card\" content=\"summary_large_image\" \/>\n<meta name=\"twitter:label1\" content=\"Arvioitu lukuaika\" \/>\n\t<meta name=\"twitter:data1\" content=\"2 minuuttia\" \/>\n<script type=\"application\/ld+json\" class=\"yoast-schema-graph\">{\"@context\":\"https:\/\/schema.org\",\"@graph\":[{\"@type\":\"WebPage\",\"@id\":\"https:\/\/autoleasing.fi\/yrityksille\/autoilijalle\/huolto\/\",\"url\":\"https:\/\/autoleasing.fi\/yrityksille\/autoilijalle\/huolto\/\",\"name\":\"M\u00e4\u00e4r\u00e4aikaishuollot - Autoleasing \u2013 Yrityksille\",\"isPartOf\":{\"@id\":\"https:\/\/autoleasing.fi\/yrityksille\/#website\"},\"primaryImageOfPage\":{\"@id\":\"https:\/\/autoleasing.fi\/yrityksille\/autoilijalle\/huolto\/#primaryimage\"},\"image\":{\"@id\":\"https:\/\/autoleasing.fi\/yrityksille\/autoilijalle\/huolto\/#primaryimage\"},\"thumbnailUrl\":\"https:\/\/autoleasing.fi\/yrityksille\/wp-content\/uploads\/2024\/12\/car-driving-in-winter-landscape.jpg\",\"datePublished\":\"2024-12-03T13:54:47+00:00\",\"dateModified\":\"2024-12-04T10:10:47+00:00\",\"breadcrumb\":{\"@id\":\"https:\/\/autoleasing.fi\/yrityksille\/autoilijalle\/huolto\/#breadcrumb\"},\"inLanguage\":\"fi\",\"potentialAction\":[{\"@type\":\"ReadAction\",\"target\":[\"https:\/\/autoleasing.fi\/yrityksille\/autoilijalle\/huolto\/\"]}]},{\"@type\":\"ImageObject\",\"inLanguage\":\"fi\",\"@id\":\"https:\/\/autoleasing.fi\/yrityksille\/autoilijalle\/huolto\/#primaryimage\",\"url\":\"https:\/\/autoleasing.fi\/yrityksille\/wp-content\/uploads\/2024\/12\/car-driving-in-winter-landscape.jpg\",\"contentUrl\":\"https:\/\/autoleasing.fi\/yrityksille\/wp-content\/uploads\/2024\/12\/car-driving-in-winter-landscape.jpg\",\"width\":1600,\"height\":900},{\"@type\":\"BreadcrumbList\",\"@id\":\"https:\/\/autoleasing.fi\/yrityksille\/autoilijalle\/huolto\/#breadcrumb\",\"itemListElement\":[{\"@type\":\"ListItem\",\"position\":1,\"name\":\"Etusivu\",\"item\":\"https:\/\/autoleasing.fi\/yrityksille\/\"},{\"@type\":\"ListItem\",\"position\":2,\"name\":\"Autoilijalle\",\"item\":\"https:\/\/autoleasing.fi\/yrityksille\/autoilijalle\/\"},{\"@type\":\"ListItem\",\"position\":3,\"name\":\"M\u00e4\u00e4r\u00e4aikaishuollot\"}]},{\"@type\":\"WebSite\",\"@id\":\"https:\/\/autoleasing.fi\/yrityksille\/#website\",\"url\":\"https:\/\/autoleasing.fi\/yrityksille\/\",\"name\":\"Autoleasing \u2013 Yrityksille\",\"description\":\"\",\"publisher\":{\"@id\":\"https:\/\/autoleasing.fi\/yrityksille\/#organization\"},\"potentialAction\":[{\"@type\":\"SearchAction\",\"target\":{\"@type\":\"EntryPoint\",\"urlTemplate\":\"https:\/\/autoleasing.fi\/yrityksille\/?s={search_term_string}\"},\"query-input\":{\"@type\":\"PropertyValueSpecification\",\"valueRequired\":true,\"valueName\":\"search_term_string\"}}],\"inLanguage\":\"fi\"},{\"@type\":\"Organization\",\"@id\":\"https:\/\/autoleasing.fi\/yrityksille\/#organization\",\"name\":\"Autoleasing \u2013 Yrityksille\",\"url\":\"https:\/\/autoleasing.fi\/yrityksille\/\",\"logo\":{\"@type\":\"ImageObject\",\"inLanguage\":\"fi\",\"@id\":\"https:\/\/autoleasing.fi\/yrityksille\/#\/schema\/logo\/image\/\",\"url\":\"https:\/\/autoleasing.fi\/yrityksille\/wp-content\/uploads\/2023\/05\/happy-young-woman-looking-out-of-car-window-2.jpg\",\"contentUrl\":\"https:\/\/autoleasing.fi\/yrityksille\/wp-content\/uploads\/2023\/05\/happy-young-woman-looking-out-of-car-window-2.jpg\",\"width\":1600,\"height\":1157,\"caption\":\"Autoleasing \u2013 Yrityksille\"},\"image\":{\"@id\":\"https:\/\/autoleasing.fi\/yrityksille\/#\/schema\/logo\/image\/\"},\"sameAs\":[\"https:\/\/fi.linkedin.com\/company\/nffleetfinland\"]}]}<\/script>\n<!-- \/ Yoast SEO plugin. -->","yoast_head_json":{"title":"M\u00e4\u00e4r\u00e4aikaishuollot - Autoleasing \u2013 Yrityksille","robots":{"index":"index","follow":"follow","max-snippet":"max-snippet:-1","max-image-preview":"max-image-preview:large","max-video-preview":"max-video-preview:-1"},"canonical":"https:\/\/autoleasing.fi\/yrityksille\/autoilijalle\/huolto\/","og_locale":"fi_FI","og_type":"article","og_title":"M\u00e4\u00e4r\u00e4aikaishuollot - Autoleasing \u2013 Yrityksille","og_description":"Huoltoleasingiin sis\u00e4ltyy huollot Autoleasing-ty\u00f6suhdeautojen m\u00e4\u00e4r\u00e4aikaishuollot ovat ammattilaisten k\u00e4siss\u00e4. Teet\u00e4th\u00e4n m\u00e4\u00e4r\u00e4aikaishuollot valitsemillamme kumppaneilla huolto-ohjelman mukaisesti. Ty\u00f6suhdeauton m\u00e4\u00e4r\u00e4aikaishuollot ovat asiakkaillemme maksuttomia ja m\u00e4\u00e4r\u00e4aikaishuoltojen laskut ohjautuvat suoraan meille. NF Fleetin tekninen palvelu neuvottelee ja valvoo kaikki suoritettavat huollot yhteisty\u00f6ss\u00e4 korjaamon kanssa. M\u00e4\u00e4r\u00e4aikaishuolloissa ja korjauksissa kumppanimme on Mekonomen Voit varata m\u00e4\u00e4r\u00e4aikaishuollon tai korjauksen suoraan Mekonomenilta alla olevan linkin kautta, [&hellip;]","og_url":"https:\/\/autoleasing.fi\/yrityksille\/autoilijalle\/huolto\/","og_site_name":"Autoleasing \u2013 Yrityksille","article_modified_time":"2024-12-04T10:10:47+00:00","og_image":[{"width":1600,"height":900,"url":"https:\/\/autoleasing.fi\/yrityksille\/wp-content\/uploads\/2024\/12\/car-driving-in-winter-landscape.jpg","type":"image\/jpeg"}],"twitter_card":"summary_large_image","twitter_misc":{"Arvioitu lukuaika":"2 minuuttia"},"schema":{"@context":"https:\/\/schema.org","@graph":[{"@type":"WebPage","@id":"https:\/\/autoleasing.fi\/yrityksille\/autoilijalle\/huolto\/","url":"https:\/\/autoleasing.fi\/yrityksille\/autoilijalle\/huolto\/","name":"M\u00e4\u00e4r\u00e4aikaishuollot - Autoleasing \u2013 Yrityksille","isPartOf":{"@id":"https:\/\/autoleasing.fi\/yrityksille\/#website"},"primaryImageOfPage":{"@id":"https:\/\/autoleasing.fi\/yrityksille\/autoilijalle\/huolto\/#primaryimage"},"image":{"@id":"https:\/\/autoleasing.fi\/yrityksille\/autoilijalle\/huolto\/#primaryimage"},"thumbnailUrl":"https:\/\/autoleasing.fi\/yrityksille\/wp-content\/uploads\/2024\/12\/car-driving-in-winter-landscape.jpg","datePublished":"2024-12-03T13:54:47+00:00","dateModified":"2024-12-04T10:10:47+00:00","breadcrumb":{"@id":"https:\/\/autoleasing.fi\/yrityksille\/autoilijalle\/huolto\/#breadcrumb"},"inLanguage":"fi","potentialAction":[{"@type":"ReadAction","target":["https:\/\/autoleasing.fi\/yrityksille\/autoilijalle\/huolto\/"]}]},{"@type":"ImageObject","inLanguage":"fi","@id":"https:\/\/autoleasing.fi\/yrityksille\/autoilijalle\/huolto\/#primaryimage","url":"https:\/\/autoleasing.fi\/yrityksille\/wp-content\/uploads\/2024\/12\/car-driving-in-winter-landscape.jpg","contentUrl":"https:\/\/autoleasing.fi\/yrityksille\/wp-content\/uploads\/2024\/12\/car-driving-in-winter-landscape.jpg","width":1600,"height":900},{"@type":"BreadcrumbList","@id":"https:\/\/autoleasing.fi\/yrityksille\/autoilijalle\/huolto\/#breadcrumb","itemListElement":[{"@type":"ListItem","position":1,"name":"Etusivu","item":"https:\/\/autoleasing.fi\/yrityksille\/"},{"@type":"ListItem","position":2,"name":"Autoilijalle","item":"https:\/\/autoleasing.fi\/yrityksille\/autoilijalle\/"},{"@type":"ListItem","position":3,"name":"M\u00e4\u00e4r\u00e4aikaishuollot"}]},{"@type":"WebSite","@id":"https:\/\/autoleasing.fi\/yrityksille\/#website","url":"https:\/\/autoleasing.fi\/yrityksille\/","name":"Autoleasing \u2013 Yrityksille","description":"","publisher":{"@id":"https:\/\/autoleasing.fi\/yrityksille\/#organization"},"potentialAction":[{"@type":"SearchAction","target":{"@type":"EntryPoint","urlTemplate":"https:\/\/autoleasing.fi\/yrityksille\/?s={search_term_string}"},"query-input":{"@type":"PropertyValueSpecification","valueRequired":true,"valueName":"search_term_string"}}],"inLanguage":"fi"},{"@type":"Organization","@id":"https:\/\/autoleasing.fi\/yrityksille\/#organization","name":"Autoleasing \u2013 Yrityksille","url":"https:\/\/autoleasing.fi\/yrityksille\/","logo":{"@type":"ImageObject","inLanguage":"fi","@id":"https:\/\/autoleasing.fi\/yrityksille\/#\/schema\/logo\/image\/","url":"https:\/\/autoleasing.fi\/yrityksille\/wp-content\/uploads\/2023\/05\/happy-young-woman-looking-out-of-car-window-2.jpg","contentUrl":"https:\/\/autoleasing.fi\/yrityksille\/wp-content\/uploads\/2023\/05\/happy-young-woman-looking-out-of-car-window-2.jpg","width":1600,"height":1157,"caption":"Autoleasing \u2013 Yrityksille"},"image":{"@id":"https:\/\/autoleasing.fi\/yrityksille\/#\/schema\/logo\/image\/"},"sameAs":["https:\/\/fi.linkedin.com\/company\/nffleetfinland"]}]}},"_links":{"self":[{"href":"https:\/\/autoleasing.fi\/yrityksille\/wp-json\/wp\/v2\/pages\/6280","targetHints":{"allow":["GET"]}}],"collection":[{"href":"https:\/\/autoleasing.fi\/yrityksille\/wp-json\/wp\/v2\/pages"}],"about":[{"href":"https:\/\/autoleasing.fi\/yrityksille\/wp-json\/wp\/v2\/types\/page"}],"author":[{"embeddable":true,"href":"https:\/\/autoleasing.fi\/yrityksille\/wp-json\/wp\/v2\/users\/1"}],"replies":[{"embeddable":true,"href":"https:\/\/autoleasing.fi\/yrityksille\/wp-json\/wp\/v2\/comments?post=6280"}],"version-history":[{"count":16,"href":"https:\/\/autoleasing.fi\/yrityksille\/wp-json\/wp\/v2\/pages\/6280\/revisions"}],"predecessor-version":[{"id":6342,"href":"https:\/\/autoleasing.fi\/yrityksille\/wp-json\/wp\/v2\/pages\/6280\/revisions\/6342"}],"up":[{"embeddable":true,"href":"https:\/\/autoleasing.fi\/yrityksille\/wp-json\/wp\/v2\/pages\/4464"}],"wp:featuredmedia":[{"embeddable":true,"href":"https:\/\/autoleasing.fi\/yrityksille\/wp-json\/wp\/v2\/media\/6309"}],"wp:attachment":[{"href":"https:\/\/autoleasing.fi\/yrityksille\/wp-json\/wp\/v2\/media?parent=6280"}],"curies":[{"name":"wp","href":"https:\/\/api.w.org\/{rel}","templated":true}]}}