{"id":5624,"date":"2023-08-03T15:59:29","date_gmt":"2023-08-03T12:59:29","guid":{"rendered":"https:\/\/autoleasing.fi\/yrityksille\/?page_id=5624"},"modified":"2025-06-02T15:55:24","modified_gmt":"2025-06-02T12:55:24","slug":"car-wash","status":"publish","type":"page","link":"https:\/\/autoleasing.fi\/yrityksille\/en\/additional-services\/car-wash\/","title":{"rendered":"Car Wash"},"content":{"rendered":"\n<div class=\"wp-block-group row is-layout-flow wp-block-group-is-layout-flow\">\n<div class=\"wp-block-group site-content is-layout-flow wp-block-group-is-layout-flow\">\n<h2 class=\"wp-block-heading\">Easy Car Wash<\/h2>\n\n\n\n<p>Car Wash is an easy way to keep leased vehicles clean at all times. For passenger cars the service works conveniently with a mobile app, and the drivers may choose the wash program they like. Commercial vehicles using Car Wash are identified by their license plate, and a specific wash category has been defined for the vehicles. Special equipment wash is also available for commercial vehicles.<\/p>\n\n\n\n<p>You can get the Car Wash service for your company\u2019s leased vehicles easily and fast. Contact our Customer Care, and we will activate the service for your drivers to use.<\/p>\n\n\n\n<div class=\"wp-block-buttons is-layout-flex wp-block-buttons-is-layout-flex\">\n<div class=\"wp-block-button popup\"><a class=\"wp-block-button__link wp-element-button\" href=\"#contact\">Contact us<\/a><\/div>\n<\/div>\n\n\n\n<h2 class=\"wp-block-heading\">Car Wash is available across Finland<\/h2>\n\n\n\n<p>As a Car Wash customer, you have access to 27 car wash stations and a wide selection of wash programs across Finland 24\/7. NF Fleet\u2019s partner for Car Wash is Juhlapesu. Please, check if Juhlapesu is included into your employer\u2019s co-operation agreement.<\/p>\n\n\n\n<div class=\"wp-block-buttons is-layout-flex wp-block-buttons-is-layout-flex\">\n<div class=\"wp-block-button\"><a class=\"wp-block-button__link wp-element-button\" href=\"https:\/\/www.juhlapesu.fi\/autopesulat\/\" target=\"_blank\" rel=\"noreferrer noopener\">Car wash locations<\/a><\/div>\n<\/div>\n\n\n\n<p><\/p>\n\n\n\n<p>Car washes can be carried out with a company fuel card at ABC, Neste and St1\/Shell stations.<\/p>\n\n\n\n<p>In addition, we offer the possibility to use these partners for washing. In these cases the invoice is passed through us:<\/p>\n\n\n\n<ul class=\"wp-block-list\">\n<li>InCar Autopesula Kauppakeskus Redi<\/li>\n\n\n\n<li>InCar Helsinki Mall of Tripla<\/li>\n\n\n\n<li>Korrek Pro Center<\/li>\n\n\n\n<li>AutoDent<\/li>\n\n\n\n<li>MJE-Fix<\/li>\n\n\n\n<li>Autoklinikka Merkkihuolto Konala, Pit\u00e4j\u00e4nm\u00e4ki and Alppila<\/li>\n\n\n\n<li>Official dealerships of various car brands also carry out washes\u200b<\/li>\n<\/ul>\n\n\n\n<p>Please check your company&#8217;s car policy to see if car washes are included in your car policy before using the service.<\/p>\n<\/div>\n<\/div>\n\n\n\n<p><\/p>\n","protected":false},"excerpt":{"rendered":"<p>Easy Car Wash Car Wash is an easy way to keep leased vehicles clean at all times. For passenger cars the service works conveniently with a mobile app, and the drivers may choose the wash program they like. Commercial vehicles using Car Wash are identified by their license plate, and a specific wash category has [&hellip;]<\/p>\n","protected":false},"author":1,"featured_media":5437,"parent":5580,"menu_order":0,"comment_status":"closed","ping_status":"closed","template":"page-templates\/additional-services.php","meta":{"_acf_changed":false,"footnotes":""},"class_list":["post-5624","page","type-page","status-publish","has-post-thumbnail","hentry"],"acf":[],"yoast_head":"<!-- This site is optimized with the Yoast SEO plugin v27.2 - https:\/\/yoast.com\/product\/yoast-seo-wordpress\/ -->\n<title>Car Wash - Autoleasing \u2013 Yrityksille<\/title>\n<meta name=\"robots\" content=\"index, follow, max-snippet:-1, max-image-preview:large, max-video-preview:-1\" \/>\n<link rel=\"canonical\" href=\"https:\/\/autoleasing.fi\/yrityksille\/en\/additional-services\/car-wash\/\" \/>\n<meta property=\"og:locale\" content=\"fi_FI\" \/>\n<meta property=\"og:type\" content=\"article\" \/>\n<meta property=\"og:title\" content=\"Car Wash - Autoleasing \u2013 Yrityksille\" \/>\n<meta property=\"og:description\" content=\"Easy Car Wash Car Wash is an easy way to keep leased vehicles clean at all times. For passenger cars the service works conveniently with a mobile app, and the drivers may choose the wash program they like. Commercial vehicles using Car Wash are identified by their license plate, and a specific wash category has [&hellip;]\" \/>\n<meta property=\"og:url\" content=\"https:\/\/autoleasing.fi\/yrityksille\/en\/additional-services\/car-wash\/\" \/>\n<meta property=\"og:site_name\" content=\"Autoleasing \u2013 Yrityksille\" \/>\n<meta property=\"article:modified_time\" content=\"2025-06-02T12:55:24+00:00\" \/>\n<meta property=\"og:image\" content=\"https:\/\/autoleasing.fi\/yrityksille\/wp-content\/uploads\/2023\/05\/two-white-vans-in-a-parking-lot-1.jpg\" \/>\n\t<meta property=\"og:image:width\" content=\"1600\" \/>\n\t<meta property=\"og:image:height\" content=\"1067\" \/>\n\t<meta property=\"og:image:type\" content=\"image\/jpeg\" \/>\n<meta name=\"twitter:card\" content=\"summary_large_image\" \/>\n<meta name=\"twitter:label1\" content=\"Arvioitu lukuaika\" \/>\n\t<meta name=\"twitter:data1\" content=\"2 minuuttia\" \/>\n<script type=\"application\/ld+json\" class=\"yoast-schema-graph\">{\"@context\":\"https:\/\/schema.org\",\"@graph\":[{\"@type\":\"WebPage\",\"@id\":\"https:\/\/autoleasing.fi\/yrityksille\/en\/additional-services\/car-wash\/\",\"url\":\"https:\/\/autoleasing.fi\/yrityksille\/en\/additional-services\/car-wash\/\",\"name\":\"Car Wash - Autoleasing \u2013 Yrityksille\",\"isPartOf\":{\"@id\":\"https:\/\/autoleasing.fi\/yrityksille\/#website\"},\"primaryImageOfPage\":{\"@id\":\"https:\/\/autoleasing.fi\/yrityksille\/en\/additional-services\/car-wash\/#primaryimage\"},\"image\":{\"@id\":\"https:\/\/autoleasing.fi\/yrityksille\/en\/additional-services\/car-wash\/#primaryimage\"},\"thumbnailUrl\":\"https:\/\/autoleasing.fi\/yrityksille\/wp-content\/uploads\/2023\/05\/two-white-vans-in-a-parking-lot-1.jpg\",\"datePublished\":\"2023-08-03T12:59:29+00:00\",\"dateModified\":\"2025-06-02T12:55:24+00:00\",\"breadcrumb\":{\"@id\":\"https:\/\/autoleasing.fi\/yrityksille\/en\/additional-services\/car-wash\/#breadcrumb\"},\"inLanguage\":\"fi\",\"potentialAction\":[{\"@type\":\"ReadAction\",\"target\":[\"https:\/\/autoleasing.fi\/yrityksille\/en\/additional-services\/car-wash\/\"]}]},{\"@type\":\"ImageObject\",\"inLanguage\":\"fi\",\"@id\":\"https:\/\/autoleasing.fi\/yrityksille\/en\/additional-services\/car-wash\/#primaryimage\",\"url\":\"https:\/\/autoleasing.fi\/yrityksille\/wp-content\/uploads\/2023\/05\/two-white-vans-in-a-parking-lot-1.jpg\",\"contentUrl\":\"https:\/\/autoleasing.fi\/yrityksille\/wp-content\/uploads\/2023\/05\/two-white-vans-in-a-parking-lot-1.jpg\",\"width\":1600,\"height\":1067},{\"@type\":\"BreadcrumbList\",\"@id\":\"https:\/\/autoleasing.fi\/yrityksille\/en\/additional-services\/car-wash\/#breadcrumb\",\"itemListElement\":[{\"@type\":\"ListItem\",\"position\":1,\"name\":\"Etusivu\",\"item\":\"https:\/\/autoleasing.fi\/yrityksille\/\"},{\"@type\":\"ListItem\",\"position\":2,\"name\":\"Additional services\",\"item\":\"https:\/\/autoleasing.fi\/yrityksille\/en\/additional-services\/\"},{\"@type\":\"ListItem\",\"position\":3,\"name\":\"Car Wash\"}]},{\"@type\":\"WebSite\",\"@id\":\"https:\/\/autoleasing.fi\/yrityksille\/#website\",\"url\":\"https:\/\/autoleasing.fi\/yrityksille\/\",\"name\":\"Autoleasing \u2013 Yrityksille\",\"description\":\"\",\"publisher\":{\"@id\":\"https:\/\/autoleasing.fi\/yrityksille\/#organization\"},\"potentialAction\":[{\"@type\":\"SearchAction\",\"target\":{\"@type\":\"EntryPoint\",\"urlTemplate\":\"https:\/\/autoleasing.fi\/yrityksille\/?s={search_term_string}\"},\"query-input\":{\"@type\":\"PropertyValueSpecification\",\"valueRequired\":true,\"valueName\":\"search_term_string\"}}],\"inLanguage\":\"fi\"},{\"@type\":\"Organization\",\"@id\":\"https:\/\/autoleasing.fi\/yrityksille\/#organization\",\"name\":\"Autoleasing \u2013 Yrityksille\",\"url\":\"https:\/\/autoleasing.fi\/yrityksille\/\",\"logo\":{\"@type\":\"ImageObject\",\"inLanguage\":\"fi\",\"@id\":\"https:\/\/autoleasing.fi\/yrityksille\/#\/schema\/logo\/image\/\",\"url\":\"https:\/\/autoleasing.fi\/yrityksille\/wp-content\/uploads\/2023\/05\/happy-young-woman-looking-out-of-car-window-2.jpg\",\"contentUrl\":\"https:\/\/autoleasing.fi\/yrityksille\/wp-content\/uploads\/2023\/05\/happy-young-woman-looking-out-of-car-window-2.jpg\",\"width\":1600,\"height\":1157,\"caption\":\"Autoleasing \u2013 Yrityksille\"},\"image\":{\"@id\":\"https:\/\/autoleasing.fi\/yrityksille\/#\/schema\/logo\/image\/\"},\"sameAs\":[\"https:\/\/fi.linkedin.com\/company\/nffleetfinland\"]}]}<\/script>\n<!-- \/ Yoast SEO plugin. -->","yoast_head_json":{"title":"Car Wash - Autoleasing \u2013 Yrityksille","robots":{"index":"index","follow":"follow","max-snippet":"max-snippet:-1","max-image-preview":"max-image-preview:large","max-video-preview":"max-video-preview:-1"},"canonical":"https:\/\/autoleasing.fi\/yrityksille\/en\/additional-services\/car-wash\/","og_locale":"fi_FI","og_type":"article","og_title":"Car Wash - Autoleasing \u2013 Yrityksille","og_description":"Easy Car Wash Car Wash is an easy way to keep leased vehicles clean at all times. For passenger cars the service works conveniently with a mobile app, and the drivers may choose the wash program they like. Commercial vehicles using Car Wash are identified by their license plate, and a specific wash category has [&hellip;]","og_url":"https:\/\/autoleasing.fi\/yrityksille\/en\/additional-services\/car-wash\/","og_site_name":"Autoleasing \u2013 Yrityksille","article_modified_time":"2025-06-02T12:55:24+00:00","og_image":[{"width":1600,"height":1067,"url":"https:\/\/autoleasing.fi\/yrityksille\/wp-content\/uploads\/2023\/05\/two-white-vans-in-a-parking-lot-1.jpg","type":"image\/jpeg"}],"twitter_card":"summary_large_image","twitter_misc":{"Arvioitu lukuaika":"2 minuuttia"},"schema":{"@context":"https:\/\/schema.org","@graph":[{"@type":"WebPage","@id":"https:\/\/autoleasing.fi\/yrityksille\/en\/additional-services\/car-wash\/","url":"https:\/\/autoleasing.fi\/yrityksille\/en\/additional-services\/car-wash\/","name":"Car Wash - Autoleasing \u2013 Yrityksille","isPartOf":{"@id":"https:\/\/autoleasing.fi\/yrityksille\/#website"},"primaryImageOfPage":{"@id":"https:\/\/autoleasing.fi\/yrityksille\/en\/additional-services\/car-wash\/#primaryimage"},"image":{"@id":"https:\/\/autoleasing.fi\/yrityksille\/en\/additional-services\/car-wash\/#primaryimage"},"thumbnailUrl":"https:\/\/autoleasing.fi\/yrityksille\/wp-content\/uploads\/2023\/05\/two-white-vans-in-a-parking-lot-1.jpg","datePublished":"2023-08-03T12:59:29+00:00","dateModified":"2025-06-02T12:55:24+00:00","breadcrumb":{"@id":"https:\/\/autoleasing.fi\/yrityksille\/en\/additional-services\/car-wash\/#breadcrumb"},"inLanguage":"fi","potentialAction":[{"@type":"ReadAction","target":["https:\/\/autoleasing.fi\/yrityksille\/en\/additional-services\/car-wash\/"]}]},{"@type":"ImageObject","inLanguage":"fi","@id":"https:\/\/autoleasing.fi\/yrityksille\/en\/additional-services\/car-wash\/#primaryimage","url":"https:\/\/autoleasing.fi\/yrityksille\/wp-content\/uploads\/2023\/05\/two-white-vans-in-a-parking-lot-1.jpg","contentUrl":"https:\/\/autoleasing.fi\/yrityksille\/wp-content\/uploads\/2023\/05\/two-white-vans-in-a-parking-lot-1.jpg","width":1600,"height":1067},{"@type":"BreadcrumbList","@id":"https:\/\/autoleasing.fi\/yrityksille\/en\/additional-services\/car-wash\/#breadcrumb","itemListElement":[{"@type":"ListItem","position":1,"name":"Etusivu","item":"https:\/\/autoleasing.fi\/yrityksille\/"},{"@type":"ListItem","position":2,"name":"Additional services","item":"https:\/\/autoleasing.fi\/yrityksille\/en\/additional-services\/"},{"@type":"ListItem","position":3,"name":"Car Wash"}]},{"@type":"WebSite","@id":"https:\/\/autoleasing.fi\/yrityksille\/#website","url":"https:\/\/autoleasing.fi\/yrityksille\/","name":"Autoleasing \u2013 Yrityksille","description":"","publisher":{"@id":"https:\/\/autoleasing.fi\/yrityksille\/#organization"},"potentialAction":[{"@type":"SearchAction","target":{"@type":"EntryPoint","urlTemplate":"https:\/\/autoleasing.fi\/yrityksille\/?s={search_term_string}"},"query-input":{"@type":"PropertyValueSpecification","valueRequired":true,"valueName":"search_term_string"}}],"inLanguage":"fi"},{"@type":"Organization","@id":"https:\/\/autoleasing.fi\/yrityksille\/#organization","name":"Autoleasing \u2013 Yrityksille","url":"https:\/\/autoleasing.fi\/yrityksille\/","logo":{"@type":"ImageObject","inLanguage":"fi","@id":"https:\/\/autoleasing.fi\/yrityksille\/#\/schema\/logo\/image\/","url":"https:\/\/autoleasing.fi\/yrityksille\/wp-content\/uploads\/2023\/05\/happy-young-woman-looking-out-of-car-window-2.jpg","contentUrl":"https:\/\/autoleasing.fi\/yrityksille\/wp-content\/uploads\/2023\/05\/happy-young-woman-looking-out-of-car-window-2.jpg","width":1600,"height":1157,"caption":"Autoleasing \u2013 Yrityksille"},"image":{"@id":"https:\/\/autoleasing.fi\/yrityksille\/#\/schema\/logo\/image\/"},"sameAs":["https:\/\/fi.linkedin.com\/company\/nffleetfinland"]}]}},"_links":{"self":[{"href":"https:\/\/autoleasing.fi\/yrityksille\/wp-json\/wp\/v2\/pages\/5624","targetHints":{"allow":["GET"]}}],"collection":[{"href":"https:\/\/autoleasing.fi\/yrityksille\/wp-json\/wp\/v2\/pages"}],"about":[{"href":"https:\/\/autoleasing.fi\/yrityksille\/wp-json\/wp\/v2\/types\/page"}],"author":[{"embeddable":true,"href":"https:\/\/autoleasing.fi\/yrityksille\/wp-json\/wp\/v2\/users\/1"}],"replies":[{"embeddable":true,"href":"https:\/\/autoleasing.fi\/yrityksille\/wp-json\/wp\/v2\/comments?post=5624"}],"version-history":[{"count":9,"href":"https:\/\/autoleasing.fi\/yrityksille\/wp-json\/wp\/v2\/pages\/5624\/revisions"}],"predecessor-version":[{"id":6399,"href":"https:\/\/autoleasing.fi\/yrityksille\/wp-json\/wp\/v2\/pages\/5624\/revisions\/6399"}],"up":[{"embeddable":true,"href":"https:\/\/autoleasing.fi\/yrityksille\/wp-json\/wp\/v2\/pages\/5580"}],"wp:featuredmedia":[{"embeddable":true,"href":"https:\/\/autoleasing.fi\/yrityksille\/wp-json\/wp\/v2\/media\/5437"}],"wp:attachment":[{"href":"https:\/\/autoleasing.fi\/yrityksille\/wp-json\/wp\/v2\/media?parent=5624"}],"curies":[{"name":"wp","href":"https:\/\/api.w.org\/{rel}","templated":true}]}}