{"id":5551,"date":"2023-08-02T17:27:52","date_gmt":"2023-08-02T14:27:52","guid":{"rendered":"https:\/\/autoleasing.fi\/yrityksille\/?page_id=5551"},"modified":"2024-09-02T10:25:19","modified_gmt":"2024-09-02T07:25:19","slug":"autoleasing-for-businesses","status":"publish","type":"page","link":"https:\/\/autoleasing.fi\/yrityksille\/en\/autoleasing-en\/autoleasing-for-businesses\/","title":{"rendered":"Autoleasing for businesses"},"content":{"rendered":"\n<div class=\"wp-block-group row is-layout-flow wp-block-group-is-layout-flow\">\n<div class=\"wp-block-group site-content has-global-padding is-layout-constrained wp-block-group-is-layout-constrained\">\n<div class=\"wp-block-columns is-layout-flex wp-container-core-columns-is-layout-28f84493 wp-block-columns-is-layout-flex\">\n<div class=\"wp-block-column is-layout-flow wp-block-column-is-layout-flow\" style=\"flex-basis:66.66%\">\n<h2 class=\"wp-block-heading\"><strong>Autoleasing makes your everyday life smoother<\/strong><\/h2>\n\n\n\n<p>Winds of change are blowing in the mobility solutions sector. More and more companies have decided to switch from ownership to leasing and leave behind the risks and burdens of fleet ownership. Why would you tie up capital to vehicles while we can do it for you? The monthly&nbsp;Autoleasing rental includes not just the vehicle but also almost all expenses from maintenance to tires and yearly inspection fee. Therefore, your company&#8217;s monthly mobility costs are easy to budget and predictable, and your company&#8217;s own resources can be used to develop the business.<\/p>\n\n\n\n<p>The Autoleasing\u00a0service is provided by\u00a0<a href=\"https:\/\/autoleasing.fi\/yrityksille\/en\/nf-fleet-en\/about-us\/\">NF\u00a0Fleet<\/a>, a joint venture of Nordea\u00a0Finance and Ayvens. We are there to offer you a wide range of cost efficient and sustainable mobility solutions.<\/p>\n\n\n\n<h2 class=\"wp-block-heading\"><strong>Sustainable&nbsp;corporate mobility&nbsp;<\/strong><\/h2>\n\n\n\n<p>Autoleasing offers an easy transition to sustainable mobility. Our team will help you to adapt our offering to support your company values and objectives. We will customize environmentally friendly and cost-efficient mobility solutions to fit your needs and objectives &#8211; adapted to the size of your company. Our versatile additional services for Autoleasing complement the fluency of your everyday mobility experience. We also offer significant benefits should you company choose NF Fleet as the sole supplier of mobility services<\/p>\n\n\n\n<h2 class=\"wp-block-heading\"><strong>Best-in-Class service<\/strong><\/h2>\n\n\n\n<p>NF Fleet, provider of the Autoleasing services, is known for their&nbsp;&nbsp;high quality, trustworthy and flexible Customer Care. As our corporate customer, your company vehicle fleet will be in the hands of professionals.&nbsp;<\/p>\n\n\n\n<h2 class=\"wp-block-heading\">Comparison of financing options<\/h2>\n\n\n\n<figure id=\"rahoitusvaihtoehtojen-vertailu\" class=\"wp-block-table leasing-comparison-table\"><table><thead><tr><th><\/th><th class=\"has-text-align-center\" data-align=\"center\">Full-Service Leasing<\/th><th class=\"has-text-align-center\" data-align=\"center\">Hire Purchase<\/th><th class=\"has-text-align-center\" data-align=\"center\">Finance Lease<\/th><\/tr><\/thead><tbody><tr><td>Finance of the Vehicle<\/td><td class=\"has-text-align-center\" data-align=\"center\"><img decoding=\"async\" src=\"https:\/\/autoleasing.fi\/yrityksille\/wp-content\/uploads\/2023\/08\/icon-check.png\" alt=\"T\u00e4m\u00e4n kuvan alt-attribuutti on tyhj\u00e4; Tiedoston nimi on icon-check.png\" style=\"width: 16px;\"><\/td><td class=\"has-text-align-center\" data-align=\"center\"><img decoding=\"async\" style=\"width: 16px;\" src=\"https:\/\/autoleasing.fi\/yrityksille\/wp-content\/uploads\/2023\/08\/icon-check.png\" alt=\"T\u00e4m\u00e4n kuvan alt-attribuutti on tyhj\u00e4; Tiedoston nimi on icon-check.png\"><\/td><td class=\"has-text-align-center\" data-align=\"center\"><img decoding=\"async\" style=\"width: 16px;\" src=\"https:\/\/autoleasing.fi\/yrityksille\/wp-content\/uploads\/2023\/08\/icon-check.png\" alt=\"T\u00e4m\u00e4n kuvan alt-attribuutti on tyhj\u00e4; Tiedoston nimi on icon-check.png\"><\/td><\/tr><tr><td>Full Cover Insurance<\/td><td class=\"has-text-align-center\" data-align=\"center\">If selected<\/td><td class=\"has-text-align-center\" data-align=\"center\">\u2013<\/td><td class=\"has-text-align-center\" data-align=\"center\">\u2013<\/td><\/tr><tr><td>Winter Tires<\/td><td class=\"has-text-align-center\" data-align=\"center\"><img decoding=\"async\" style=\"width: 16px;\" src=\"https:\/\/autoleasing.fi\/yrityksille\/wp-content\/uploads\/2023\/08\/icon-check.png\" alt=\"T\u00e4m\u00e4n kuvan alt-attribuutti on tyhj\u00e4; Tiedoston nimi on icon-check.png\"><\/td><td class=\"has-text-align-center\" data-align=\"center\">\u2013<\/td><td class=\"has-text-align-center\" data-align=\"center\">\u2013<\/td><\/tr><tr><td>Seasonal Tire Change<\/td><td class=\"has-text-align-center\" data-align=\"center\"><img decoding=\"async\" style=\"width: 16px;\" src=\"https:\/\/autoleasing.fi\/yrityksille\/wp-content\/uploads\/2023\/08\/icon-check.png\" alt=\"T\u00e4m\u00e4n kuvan alt-attribuutti on tyhj\u00e4; Tiedoston nimi on icon-check.png\"><\/td><td class=\"has-text-align-center\" data-align=\"center\">\u2013<\/td><td class=\"has-text-align-center\" data-align=\"center\">\u2013<\/td><\/tr><tr><td>Tire Renewal<\/td><td class=\"has-text-align-center\" data-align=\"center\"><img decoding=\"async\" style=\"width: 16px;\" src=\"https:\/\/autoleasing.fi\/yrityksille\/wp-content\/uploads\/2023\/08\/icon-check.png\" alt=\"T\u00e4m\u00e4n kuvan alt-attribuutti on tyhj\u00e4; Tiedoston nimi on icon-check.png\"><\/td><td class=\"has-text-align-center\" data-align=\"center\">\u2013<\/td><td class=\"has-text-align-center\" data-align=\"center\">\u2013<\/td><\/tr><tr><td>Scheduled Maintenance<\/td><td class=\"has-text-align-center\" data-align=\"center\"><img decoding=\"async\" style=\"width: 16px;\" src=\"https:\/\/autoleasing.fi\/yrityksille\/wp-content\/uploads\/2023\/08\/icon-check.png\" alt=\"T\u00e4m\u00e4n kuvan alt-attribuutti on tyhj\u00e4; Tiedoston nimi on icon-check.png\"><\/td><td class=\"has-text-align-center\" data-align=\"center\">\u2013<\/td><td class=\"has-text-align-center\" data-align=\"center\">\u2013<\/td><\/tr><tr><td>Service Replacement Vehicle<\/td><td class=\"has-text-align-center\" data-align=\"center\"><img decoding=\"async\" style=\"width: 16px;\" src=\"https:\/\/autoleasing.fi\/yrityksille\/wp-content\/uploads\/2023\/08\/icon-check.png\" alt=\"T\u00e4m\u00e4n kuvan alt-attribuutti on tyhj\u00e4; Tiedoston nimi on icon-check.png\"><\/td><td class=\"has-text-align-center\" data-align=\"center\">\u2013<\/td><td class=\"has-text-align-center\" data-align=\"center\">\u2013<\/td><\/tr><tr><td>Technical Repairs<\/td><td class=\"has-text-align-center\" data-align=\"center\"><img decoding=\"async\" style=\"width: 16px;\" src=\"https:\/\/autoleasing.fi\/yrityksille\/wp-content\/uploads\/2023\/08\/icon-check.png\" alt=\"T\u00e4m\u00e4n kuvan alt-attribuutti on tyhj\u00e4; Tiedoston nimi on icon-check.png\"><\/td><td class=\"has-text-align-center\" data-align=\"center\">\u2013<\/td><td class=\"has-text-align-center\" data-align=\"center\">\u2013<\/td><\/tr><tr><td>Inspection Fee<\/td><td class=\"has-text-align-center\" data-align=\"center\"><img decoding=\"async\" style=\"width: 16px;\" src=\"https:\/\/autoleasing.fi\/yrityksille\/wp-content\/uploads\/2023\/08\/icon-check.png\" alt=\"T\u00e4m\u00e4n kuvan alt-attribuutti on tyhj\u00e4; Tiedoston nimi on icon-check.png\"><\/td><td class=\"has-text-align-center\" data-align=\"center\">\u2013<\/td><td class=\"has-text-align-center\" data-align=\"center\">\u2013<\/td><\/tr><tr><td>Road Side Assistance 24\/7<\/td><td class=\"has-text-align-center\" data-align=\"center\"><img decoding=\"async\" style=\"width: 16px;\" src=\"https:\/\/autoleasing.fi\/yrityksille\/wp-content\/uploads\/2023\/08\/icon-check.png\" alt=\"T\u00e4m\u00e4n kuvan alt-attribuutti on tyhj\u00e4; Tiedoston nimi on icon-check.png\"><\/td><td class=\"has-text-align-center\" data-align=\"center\">\u2013<\/td><td class=\"has-text-align-center\" data-align=\"center\">\u2013<\/td><\/tr><tr><td>Fluids &amp; Extras&nbsp;<\/td><td class=\"has-text-align-center\" data-align=\"center\">Upon vehicle service &amp; maintenance<\/td><td class=\"has-text-align-center\" data-align=\"center\">\u2013<\/td><td class=\"has-text-align-center\" data-align=\"center\">\u2013<\/td><\/tr><tr><td>Residual Value Risk<\/td><td class=\"has-text-align-center\" data-align=\"center\">With NF Fleet<\/td><td class=\"has-text-align-center\" data-align=\"center\">With customer<\/td><td class=\"has-text-align-center\" data-align=\"center\">With customer<\/td><\/tr><tr><td>Kilometers<\/td><td class=\"has-text-align-center\" data-align=\"center\">Predetermined<\/td><td class=\"has-text-align-center\" data-align=\"center\">Unlimited<\/td><td class=\"has-text-align-center\" data-align=\"center\">Unlimited<\/td><\/tr><tr><td>Annual Road Tax<\/td><td class=\"has-text-align-center\" data-align=\"center\">\u2013<\/td><td class=\"has-text-align-center\" data-align=\"center\">\u2013<\/td><td class=\"has-text-align-center\" data-align=\"center\">\u2013<\/td><\/tr><tr><td>Fuel and Charging<\/td><td class=\"has-text-align-center\" data-align=\"center\">\u2013<\/td><td class=\"has-text-align-center\" data-align=\"center\">\u2013<\/td><td class=\"has-text-align-center\" data-align=\"center\">\u2013<\/td><\/tr><tr><td>Car Wash<\/td><td class=\"has-text-align-center\" data-align=\"center\">\u2013<\/td><td class=\"has-text-align-center\" data-align=\"center\">\u2013<\/td><td class=\"has-text-align-center\" data-align=\"center\">\u2013<\/td><\/tr><tr><td>Tire Storage<\/td><td class=\"has-text-align-center\" data-align=\"center\">\u2013<\/td><td class=\"has-text-align-center\" data-align=\"center\">\u2013<\/td><td class=\"has-text-align-center\" data-align=\"center\">\u2013<\/td><\/tr><tr><td>Additional Services<\/td><td class=\"has-text-align-center\" data-align=\"center\"><a href=\"https:\/\/autoleasing.fi\/yrityksille\/en\/leasing-services\/full-service-leasing\/\"><u>Extensive selection available<\/u><\/a><\/td><td class=\"has-text-align-center\" data-align=\"center\">\u2013<\/td><td class=\"has-text-align-center\" data-align=\"center\">\u2013<\/td><\/tr><\/tbody><\/table><\/figure>\n<\/div>\n\n\n\n<div class=\"wp-block-column is-layout-flow wp-block-column-is-layout-flow\" style=\"flex-basis:33.33%\">\n<div class=\"wp-block-buttons is-layout-flex wp-block-buttons-is-layout-flex\">\n<div class=\"wp-block-button\"><a class=\"wp-block-button__link wp-element-button\" href=\"https:\/\/autoleasing.fi\/yrityksille\/en\/autoleasing-en\/leasing-vehicles\/\">Explore leasing cars<\/a><\/div>\n<\/div>\n<\/div>\n<\/div>\n<\/div>\n<\/div>\n","protected":false},"excerpt":{"rendered":"<p>Autoleasing makes your everyday life smoother Winds of change are blowing in the mobility solutions sector. More and more companies have decided to switch from ownership to leasing and leave behind the risks and burdens of fleet ownership. Why would you tie up capital to vehicles while we can do it for you? The monthly&nbsp;Autoleasing [&hellip;]<\/p>\n","protected":false},"author":1,"featured_media":5313,"parent":5549,"menu_order":0,"comment_status":"closed","ping_status":"closed","template":"","meta":{"_acf_changed":false,"footnotes":""},"class_list":["post-5551","page","type-page","status-publish","has-post-thumbnail","hentry"],"acf":[],"yoast_head":"<!-- This site is optimized with the Yoast SEO plugin v27.2 - https:\/\/yoast.com\/product\/yoast-seo-wordpress\/ -->\n<title>Autoleasing for businesses - Autoleasing \u2013 Yrityksille<\/title>\n<meta name=\"robots\" content=\"index, follow, max-snippet:-1, max-image-preview:large, max-video-preview:-1\" \/>\n<link rel=\"canonical\" href=\"https:\/\/autoleasing.fi\/yrityksille\/en\/autoleasing-en\/autoleasing-for-businesses\/\" \/>\n<meta property=\"og:locale\" content=\"fi_FI\" \/>\n<meta property=\"og:type\" content=\"article\" \/>\n<meta property=\"og:title\" content=\"Autoleasing for businesses - Autoleasing \u2013 Yrityksille\" \/>\n<meta property=\"og:description\" content=\"Autoleasing makes your everyday life smoother Winds of change are blowing in the mobility solutions sector. More and more companies have decided to switch from ownership to leasing and leave behind the risks and burdens of fleet ownership. Why would you tie up capital to vehicles while we can do it for you? The monthly&nbsp;Autoleasing [&hellip;]\" \/>\n<meta property=\"og:url\" content=\"https:\/\/autoleasing.fi\/yrityksille\/en\/autoleasing-en\/autoleasing-for-businesses\/\" \/>\n<meta property=\"og:site_name\" content=\"Autoleasing \u2013 Yrityksille\" \/>\n<meta property=\"article:modified_time\" content=\"2024-09-02T07:25:19+00:00\" \/>\n<meta property=\"og:image\" content=\"https:\/\/autoleasing.fi\/yrityksille\/wp-content\/uploads\/2023\/05\/smiling-young-man-in-car-1.jpg\" \/>\n\t<meta property=\"og:image:width\" content=\"1600\" \/>\n\t<meta property=\"og:image:height\" content=\"1108\" \/>\n\t<meta property=\"og:image:type\" content=\"image\/jpeg\" \/>\n<meta name=\"twitter:card\" content=\"summary_large_image\" \/>\n<meta name=\"twitter:label1\" content=\"Arvioitu lukuaika\" \/>\n\t<meta name=\"twitter:data1\" content=\"5 minuuttia\" \/>\n<script type=\"application\/ld+json\" class=\"yoast-schema-graph\">{\"@context\":\"https:\/\/schema.org\",\"@graph\":[{\"@type\":\"WebPage\",\"@id\":\"https:\/\/autoleasing.fi\/yrityksille\/en\/autoleasing-en\/autoleasing-for-businesses\/\",\"url\":\"https:\/\/autoleasing.fi\/yrityksille\/en\/autoleasing-en\/autoleasing-for-businesses\/\",\"name\":\"Autoleasing for businesses - Autoleasing \u2013 Yrityksille\",\"isPartOf\":{\"@id\":\"https:\/\/autoleasing.fi\/yrityksille\/#website\"},\"primaryImageOfPage\":{\"@id\":\"https:\/\/autoleasing.fi\/yrityksille\/en\/autoleasing-en\/autoleasing-for-businesses\/#primaryimage\"},\"image\":{\"@id\":\"https:\/\/autoleasing.fi\/yrityksille\/en\/autoleasing-en\/autoleasing-for-businesses\/#primaryimage\"},\"thumbnailUrl\":\"https:\/\/autoleasing.fi\/yrityksille\/wp-content\/uploads\/2023\/05\/smiling-young-man-in-car-1.jpg\",\"datePublished\":\"2023-08-02T14:27:52+00:00\",\"dateModified\":\"2024-09-02T07:25:19+00:00\",\"breadcrumb\":{\"@id\":\"https:\/\/autoleasing.fi\/yrityksille\/en\/autoleasing-en\/autoleasing-for-businesses\/#breadcrumb\"},\"inLanguage\":\"fi\",\"potentialAction\":[{\"@type\":\"ReadAction\",\"target\":[\"https:\/\/autoleasing.fi\/yrityksille\/en\/autoleasing-en\/autoleasing-for-businesses\/\"]}]},{\"@type\":\"ImageObject\",\"inLanguage\":\"fi\",\"@id\":\"https:\/\/autoleasing.fi\/yrityksille\/en\/autoleasing-en\/autoleasing-for-businesses\/#primaryimage\",\"url\":\"https:\/\/autoleasing.fi\/yrityksille\/wp-content\/uploads\/2023\/05\/smiling-young-man-in-car-1.jpg\",\"contentUrl\":\"https:\/\/autoleasing.fi\/yrityksille\/wp-content\/uploads\/2023\/05\/smiling-young-man-in-car-1.jpg\",\"width\":1600,\"height\":1108},{\"@type\":\"BreadcrumbList\",\"@id\":\"https:\/\/autoleasing.fi\/yrityksille\/en\/autoleasing-en\/autoleasing-for-businesses\/#breadcrumb\",\"itemListElement\":[{\"@type\":\"ListItem\",\"position\":1,\"name\":\"Etusivu\",\"item\":\"https:\/\/autoleasing.fi\/yrityksille\/\"},{\"@type\":\"ListItem\",\"position\":2,\"name\":\"Autoleasing\",\"item\":\"https:\/\/autoleasing.fi\/yrityksille\/en\/autoleasing-en\/\"},{\"@type\":\"ListItem\",\"position\":3,\"name\":\"Autoleasing for businesses\"}]},{\"@type\":\"WebSite\",\"@id\":\"https:\/\/autoleasing.fi\/yrityksille\/#website\",\"url\":\"https:\/\/autoleasing.fi\/yrityksille\/\",\"name\":\"Autoleasing \u2013 Yrityksille\",\"description\":\"\",\"publisher\":{\"@id\":\"https:\/\/autoleasing.fi\/yrityksille\/#organization\"},\"potentialAction\":[{\"@type\":\"SearchAction\",\"target\":{\"@type\":\"EntryPoint\",\"urlTemplate\":\"https:\/\/autoleasing.fi\/yrityksille\/?s={search_term_string}\"},\"query-input\":{\"@type\":\"PropertyValueSpecification\",\"valueRequired\":true,\"valueName\":\"search_term_string\"}}],\"inLanguage\":\"fi\"},{\"@type\":\"Organization\",\"@id\":\"https:\/\/autoleasing.fi\/yrityksille\/#organization\",\"name\":\"Autoleasing \u2013 Yrityksille\",\"url\":\"https:\/\/autoleasing.fi\/yrityksille\/\",\"logo\":{\"@type\":\"ImageObject\",\"inLanguage\":\"fi\",\"@id\":\"https:\/\/autoleasing.fi\/yrityksille\/#\/schema\/logo\/image\/\",\"url\":\"https:\/\/autoleasing.fi\/yrityksille\/wp-content\/uploads\/2023\/05\/happy-young-woman-looking-out-of-car-window-2.jpg\",\"contentUrl\":\"https:\/\/autoleasing.fi\/yrityksille\/wp-content\/uploads\/2023\/05\/happy-young-woman-looking-out-of-car-window-2.jpg\",\"width\":1600,\"height\":1157,\"caption\":\"Autoleasing \u2013 Yrityksille\"},\"image\":{\"@id\":\"https:\/\/autoleasing.fi\/yrityksille\/#\/schema\/logo\/image\/\"},\"sameAs\":[\"https:\/\/fi.linkedin.com\/company\/nffleetfinland\"]}]}<\/script>\n<!-- \/ Yoast SEO plugin. -->","yoast_head_json":{"title":"Autoleasing for businesses - Autoleasing \u2013 Yrityksille","robots":{"index":"index","follow":"follow","max-snippet":"max-snippet:-1","max-image-preview":"max-image-preview:large","max-video-preview":"max-video-preview:-1"},"canonical":"https:\/\/autoleasing.fi\/yrityksille\/en\/autoleasing-en\/autoleasing-for-businesses\/","og_locale":"fi_FI","og_type":"article","og_title":"Autoleasing for businesses - Autoleasing \u2013 Yrityksille","og_description":"Autoleasing makes your everyday life smoother Winds of change are blowing in the mobility solutions sector. More and more companies have decided to switch from ownership to leasing and leave behind the risks and burdens of fleet ownership. Why would you tie up capital to vehicles while we can do it for you? The monthly&nbsp;Autoleasing [&hellip;]","og_url":"https:\/\/autoleasing.fi\/yrityksille\/en\/autoleasing-en\/autoleasing-for-businesses\/","og_site_name":"Autoleasing \u2013 Yrityksille","article_modified_time":"2024-09-02T07:25:19+00:00","og_image":[{"width":1600,"height":1108,"url":"https:\/\/autoleasing.fi\/yrityksille\/wp-content\/uploads\/2023\/05\/smiling-young-man-in-car-1.jpg","type":"image\/jpeg"}],"twitter_card":"summary_large_image","twitter_misc":{"Arvioitu lukuaika":"5 minuuttia"},"schema":{"@context":"https:\/\/schema.org","@graph":[{"@type":"WebPage","@id":"https:\/\/autoleasing.fi\/yrityksille\/en\/autoleasing-en\/autoleasing-for-businesses\/","url":"https:\/\/autoleasing.fi\/yrityksille\/en\/autoleasing-en\/autoleasing-for-businesses\/","name":"Autoleasing for businesses - Autoleasing \u2013 Yrityksille","isPartOf":{"@id":"https:\/\/autoleasing.fi\/yrityksille\/#website"},"primaryImageOfPage":{"@id":"https:\/\/autoleasing.fi\/yrityksille\/en\/autoleasing-en\/autoleasing-for-businesses\/#primaryimage"},"image":{"@id":"https:\/\/autoleasing.fi\/yrityksille\/en\/autoleasing-en\/autoleasing-for-businesses\/#primaryimage"},"thumbnailUrl":"https:\/\/autoleasing.fi\/yrityksille\/wp-content\/uploads\/2023\/05\/smiling-young-man-in-car-1.jpg","datePublished":"2023-08-02T14:27:52+00:00","dateModified":"2024-09-02T07:25:19+00:00","breadcrumb":{"@id":"https:\/\/autoleasing.fi\/yrityksille\/en\/autoleasing-en\/autoleasing-for-businesses\/#breadcrumb"},"inLanguage":"fi","potentialAction":[{"@type":"ReadAction","target":["https:\/\/autoleasing.fi\/yrityksille\/en\/autoleasing-en\/autoleasing-for-businesses\/"]}]},{"@type":"ImageObject","inLanguage":"fi","@id":"https:\/\/autoleasing.fi\/yrityksille\/en\/autoleasing-en\/autoleasing-for-businesses\/#primaryimage","url":"https:\/\/autoleasing.fi\/yrityksille\/wp-content\/uploads\/2023\/05\/smiling-young-man-in-car-1.jpg","contentUrl":"https:\/\/autoleasing.fi\/yrityksille\/wp-content\/uploads\/2023\/05\/smiling-young-man-in-car-1.jpg","width":1600,"height":1108},{"@type":"BreadcrumbList","@id":"https:\/\/autoleasing.fi\/yrityksille\/en\/autoleasing-en\/autoleasing-for-businesses\/#breadcrumb","itemListElement":[{"@type":"ListItem","position":1,"name":"Etusivu","item":"https:\/\/autoleasing.fi\/yrityksille\/"},{"@type":"ListItem","position":2,"name":"Autoleasing","item":"https:\/\/autoleasing.fi\/yrityksille\/en\/autoleasing-en\/"},{"@type":"ListItem","position":3,"name":"Autoleasing for businesses"}]},{"@type":"WebSite","@id":"https:\/\/autoleasing.fi\/yrityksille\/#website","url":"https:\/\/autoleasing.fi\/yrityksille\/","name":"Autoleasing \u2013 Yrityksille","description":"","publisher":{"@id":"https:\/\/autoleasing.fi\/yrityksille\/#organization"},"potentialAction":[{"@type":"SearchAction","target":{"@type":"EntryPoint","urlTemplate":"https:\/\/autoleasing.fi\/yrityksille\/?s={search_term_string}"},"query-input":{"@type":"PropertyValueSpecification","valueRequired":true,"valueName":"search_term_string"}}],"inLanguage":"fi"},{"@type":"Organization","@id":"https:\/\/autoleasing.fi\/yrityksille\/#organization","name":"Autoleasing \u2013 Yrityksille","url":"https:\/\/autoleasing.fi\/yrityksille\/","logo":{"@type":"ImageObject","inLanguage":"fi","@id":"https:\/\/autoleasing.fi\/yrityksille\/#\/schema\/logo\/image\/","url":"https:\/\/autoleasing.fi\/yrityksille\/wp-content\/uploads\/2023\/05\/happy-young-woman-looking-out-of-car-window-2.jpg","contentUrl":"https:\/\/autoleasing.fi\/yrityksille\/wp-content\/uploads\/2023\/05\/happy-young-woman-looking-out-of-car-window-2.jpg","width":1600,"height":1157,"caption":"Autoleasing \u2013 Yrityksille"},"image":{"@id":"https:\/\/autoleasing.fi\/yrityksille\/#\/schema\/logo\/image\/"},"sameAs":["https:\/\/fi.linkedin.com\/company\/nffleetfinland"]}]}},"_links":{"self":[{"href":"https:\/\/autoleasing.fi\/yrityksille\/wp-json\/wp\/v2\/pages\/5551","targetHints":{"allow":["GET"]}}],"collection":[{"href":"https:\/\/autoleasing.fi\/yrityksille\/wp-json\/wp\/v2\/pages"}],"about":[{"href":"https:\/\/autoleasing.fi\/yrityksille\/wp-json\/wp\/v2\/types\/page"}],"author":[{"embeddable":true,"href":"https:\/\/autoleasing.fi\/yrityksille\/wp-json\/wp\/v2\/users\/1"}],"replies":[{"embeddable":true,"href":"https:\/\/autoleasing.fi\/yrityksille\/wp-json\/wp\/v2\/comments?post=5551"}],"version-history":[{"count":13,"href":"https:\/\/autoleasing.fi\/yrityksille\/wp-json\/wp\/v2\/pages\/5551\/revisions"}],"predecessor-version":[{"id":6213,"href":"https:\/\/autoleasing.fi\/yrityksille\/wp-json\/wp\/v2\/pages\/5551\/revisions\/6213"}],"up":[{"embeddable":true,"href":"https:\/\/autoleasing.fi\/yrityksille\/wp-json\/wp\/v2\/pages\/5549"}],"wp:featuredmedia":[{"embeddable":true,"href":"https:\/\/autoleasing.fi\/yrityksille\/wp-json\/wp\/v2\/media\/5313"}],"wp:attachment":[{"href":"https:\/\/autoleasing.fi\/yrityksille\/wp-json\/wp\/v2\/media?parent=5551"}],"curies":[{"name":"wp","href":"https:\/\/api.w.org\/{rel}","templated":true}]}}