{"id":5254,"date":"2023-05-30T12:22:26","date_gmt":"2023-05-30T09:22:26","guid":{"rendered":"https:\/\/autoleasing.fi\/yrityksille\/?page_id=5254"},"modified":"2025-03-24T14:10:04","modified_gmt":"2025-03-24T12:10:04","slug":"latausratkaisut","status":"publish","type":"page","link":"https:\/\/autoleasing.fi\/yrityksille\/lisapalvelut\/electric-latauspalvelu\/latausratkaisut\/","title":{"rendered":"Latausratkaisut"},"content":{"rendered":"\n<div class=\"wp-block-group row is-layout-flow wp-block-group-is-layout-flow\">\n<div class=\"wp-block-group site-content has-global-padding is-layout-constrained wp-block-group-is-layout-constrained\">\n<h2 class=\"wp-block-heading\">Electric sis\u00e4lt\u00e4\u00e4 arkea helpottavat latausratkaisut<\/h2>\n\n\n\n<p>Electric-latauspalvelu mahdollistaa s\u00e4hk\u00f6\u00e4 k\u00e4ytt\u00e4v\u00e4n ty\u00f6suhdeauton helpon lataamisen sek\u00e4 ty\u00f6paikalla, kotona ett\u00e4 laajassa julkisten latauspisteiden verkostossa. Yhteisty\u00f6kumppanimme latausratkaisuissa ovat ABC-lataus, Plugit, Virta ja Neste.<\/p>\n\n\n\n<p>T\u00e4\u00e4lt\u00e4 l\u00f6yd\u00e4t Autoleasing Electric-asiakkaan julkiset latauspisteet:&nbsp;<a href=\"https:\/\/www.abcasemat.fi\/sahkoauton-lataus\" target=\"_blank\" rel=\"noreferrer noopener\">ABC-lataus<\/a>, <a data-type=\"URL\" data-id=\"https:\/\/app.plugitcloud.com\/closest\" href=\"https:\/\/app.plugitcloud.com\/closest\" target=\"_blank\" rel=\"noreferrer noopener\">Plugit<\/a>, <a data-type=\"URL\" data-id=\"https:\/\/app.virta.global\/\" href=\"https:\/\/app.virta.global\/\" target=\"_blank\" rel=\"noreferrer noopener\">Virta<\/a> ja <a href=\"https:\/\/www.neste.fi\/yksityisille\/asemat\" target=\"_blank\" rel=\"noreferrer noopener\">Neste<\/a>.<\/p>\n\n\n\n<p>K\u00e4yt\u00e4nn\u00f6ss\u00e4 ty\u00f6suhdeautoilija saa k\u00e4ytt\u00f6\u00f6ns\u00e4 ABC-latauksen, Plugitin, Virran ja Nesteen mobiilisovellukset, joiden avulla lataus hoituu k\u00e4tev\u00e4sti ja laskutus saadaan liitetty\u00e4 yrityksen kuukausittaiseen leasinglaskutukseen autokohtaisesti. Lis\u00e4ksi Electric-latauspalvelu sis\u00e4lt\u00e4\u00e4 selke\u00e4n autokohtaisen latauss\u00e4hk\u00f6n raportoinnin, jonka avulla yrityksen on helppo seurata ja arvioida tavoiteltuja ymp\u00e4rist\u00f6- ja kustannushy\u00f6tyj\u00e4. Raportointi l\u00f6ytyy My NF Fleet -portaalista.<\/p>\n\n\n\n<p>Autamme asiakkaitamme my\u00f6s sopivan latausratkaisun valinnassa \u2013 oli kyseess\u00e4 sitten kokonaisratkaisu kulujen hallinnointipalvelulla, tai latauslaitteisto ilman kuluja ohjaavaa \u00e4lytoimintoa. Kotilatauslaite on mahdollista lis\u00e4t\u00e4 leasingsopimukselle lis\u00e4varusteena.&nbsp;<\/p>\n\n\n\n<div class=\"wp-block-buttons is-layout-flex wp-block-buttons-is-layout-flex\">\n<div class=\"wp-block-button popup\"><a class=\"wp-block-button__link wp-element-button\" href=\"#yhteydenotto\">Ota yhteytt\u00e4<\/a><\/div>\n<\/div>\n<\/div>\n\n\n\n<h2 class=\"wp-block-heading\">Electric-latauspalvelun yhteystiedot<\/h2>\n\n\n\n<p>Electric-latauspalvelun k\u00e4ytt\u00f6\u00f6notto ja laskutuksen yhdist\u00e4minen leasingsopimukseen, mobiiliapplikaatioiden tilaus autoilijoille: &nbsp;<\/p>\n\n\n\n<p><a href=\"https:\/\/autoleasing.fi\/yrityksille\/nf-fleet\/yhteystiedot\/\" data-type=\"page\" data-id=\"4487\">Autoleasing-yritysasiakaspalvelu<\/a><\/p>\n\n\n\n<p>Palvelun avauksen j\u00e4lkeen yhteisty\u00f6kumppanimme huolehtivat asiakaspalvelusta:<\/p>\n\n\n\n<p><strong>ABC-lataus<br><\/strong><a href=\"https:\/\/www.abcasemat.fi\/sahkoauton-lataus\" target=\"_blank\" rel=\"noreferrer noopener\">abcasemat.fi\/sahkoauton-lataus<\/a><br>Puh. <a href=\"tel:+107680080\">010 768 0080<\/a> (24h\/Asiakaspalvelu)<\/p>\n\n\n\n<p><strong>Plugit<\/strong><br><a data-type=\"URL\" data-id=\"https:\/\/plugit.fi\" href=\"https:\/\/plugit.fi\" target=\"_blank\" rel=\"noreferrer noopener\">plugit.fi<\/a><br>Puh.&nbsp;<a href=\"tel:0207350330\">0207 350 330<\/a><br><a href=\"mailto:support@plugit.fi\">support@plugit.fi<\/a><\/p>\n\n\n\n<p><strong>Virta<\/strong><br><a href=\"https:\/\/www.virta.global\" data-type=\"URL\" data-id=\"https:\/\/www.virta.global\" target=\"_blank\" rel=\"noreferrer noopener\">virta.global<\/a><br>Puh.&nbsp;<a href=\"tel:080002200\">0800 02200<\/a>&nbsp;(24h\/Palvelukeskus)<br><a href=\"https:\/\/www.virta.global\/fi\/tuki\" data-type=\"URL\" data-id=\"https:\/\/www.virta.global\/fi\/tuki\" target=\"_blank\" rel=\"noreferrer noopener\">virta.global\/fi\/tuki<\/a><\/p>\n\n\n\n<p><strong>Neste<br><\/strong><a href=\"https:\/\/www.neste.fi\/yksityisille\/asemat\/neste-my-uusiutuva-lataus\" target=\"_blank\" rel=\"noreferrer noopener\">neste.fi<\/a><br>Puh.\u00a0<a href=\"tel:020011311\">0200 11311<\/a>\u00a0(Asiakaspalvelu)<\/p>\n<\/div>\n","protected":false},"excerpt":{"rendered":"<p>Electric sis\u00e4lt\u00e4\u00e4 arkea helpottavat latausratkaisut Electric-latauspalvelu mahdollistaa s\u00e4hk\u00f6\u00e4 k\u00e4ytt\u00e4v\u00e4n ty\u00f6suhdeauton helpon lataamisen sek\u00e4 ty\u00f6paikalla, kotona ett\u00e4 laajassa julkisten latauspisteiden verkostossa. Yhteisty\u00f6kumppanimme latausratkaisuissa ovat ABC-lataus, Plugit, Virta ja Neste. T\u00e4\u00e4lt\u00e4 l\u00f6yd\u00e4t Autoleasing Electric-asiakkaan julkiset latauspisteet:&nbsp;ABC-lataus, Plugit, Virta ja Neste. K\u00e4yt\u00e4nn\u00f6ss\u00e4 ty\u00f6suhdeautoilija saa k\u00e4ytt\u00f6\u00f6ns\u00e4 ABC-latauksen, Plugitin, Virran ja Nesteen mobiilisovellukset, joiden avulla lataus hoituu k\u00e4tev\u00e4sti ja laskutus [&hellip;]<\/p>\n","protected":false},"author":1,"featured_media":5435,"parent":4934,"menu_order":0,"comment_status":"closed","ping_status":"closed","template":"page-templates\/additional-services-electric.php","meta":{"_acf_changed":false,"footnotes":""},"class_list":["post-5254","page","type-page","status-publish","has-post-thumbnail","hentry"],"acf":[],"yoast_head":"<!-- This site is optimized with the Yoast SEO plugin v27.2 - https:\/\/yoast.com\/product\/yoast-seo-wordpress\/ -->\n<title>Latausratkaisut - Autoleasing \u2013 Yrityksille<\/title>\n<meta name=\"robots\" content=\"index, follow, max-snippet:-1, max-image-preview:large, max-video-preview:-1\" \/>\n<link rel=\"canonical\" href=\"https:\/\/autoleasing.fi\/yrityksille\/lisapalvelut\/electric-latauspalvelu\/latausratkaisut\/\" \/>\n<meta property=\"og:locale\" content=\"fi_FI\" \/>\n<meta property=\"og:type\" content=\"article\" \/>\n<meta property=\"og:title\" content=\"Latausratkaisut - Autoleasing \u2013 Yrityksille\" \/>\n<meta property=\"og:description\" content=\"Electric sis\u00e4lt\u00e4\u00e4 arkea helpottavat latausratkaisut Electric-latauspalvelu mahdollistaa s\u00e4hk\u00f6\u00e4 k\u00e4ytt\u00e4v\u00e4n ty\u00f6suhdeauton helpon lataamisen sek\u00e4 ty\u00f6paikalla, kotona ett\u00e4 laajassa julkisten latauspisteiden verkostossa. Yhteisty\u00f6kumppanimme latausratkaisuissa ovat ABC-lataus, Plugit, Virta ja Neste. T\u00e4\u00e4lt\u00e4 l\u00f6yd\u00e4t Autoleasing Electric-asiakkaan julkiset latauspisteet:&nbsp;ABC-lataus, Plugit, Virta ja Neste. K\u00e4yt\u00e4nn\u00f6ss\u00e4 ty\u00f6suhdeautoilija saa k\u00e4ytt\u00f6\u00f6ns\u00e4 ABC-latauksen, Plugitin, Virran ja Nesteen mobiilisovellukset, joiden avulla lataus hoituu k\u00e4tev\u00e4sti ja laskutus [&hellip;]\" \/>\n<meta property=\"og:url\" content=\"https:\/\/autoleasing.fi\/yrityksille\/lisapalvelut\/electric-latauspalvelu\/latausratkaisut\/\" \/>\n<meta property=\"og:site_name\" content=\"Autoleasing \u2013 Yrityksille\" \/>\n<meta property=\"article:modified_time\" content=\"2025-03-24T12:10:04+00:00\" \/>\n<meta property=\"og:image\" content=\"https:\/\/autoleasing.fi\/yrityksille\/wp-content\/uploads\/2023\/05\/womans-hand-plugging-in-a-charging-lead-to-her-electric-car-1.jpg\" \/>\n\t<meta property=\"og:image:width\" content=\"1600\" \/>\n\t<meta property=\"og:image:height\" content=\"1045\" \/>\n\t<meta property=\"og:image:type\" content=\"image\/jpeg\" \/>\n<meta name=\"twitter:card\" content=\"summary_large_image\" \/>\n<meta name=\"twitter:label1\" content=\"Arvioitu lukuaika\" \/>\n\t<meta name=\"twitter:data1\" content=\"2 minuuttia\" \/>\n<script type=\"application\/ld+json\" class=\"yoast-schema-graph\">{\"@context\":\"https:\/\/schema.org\",\"@graph\":[{\"@type\":\"WebPage\",\"@id\":\"https:\/\/autoleasing.fi\/yrityksille\/lisapalvelut\/electric-latauspalvelu\/latausratkaisut\/\",\"url\":\"https:\/\/autoleasing.fi\/yrityksille\/lisapalvelut\/electric-latauspalvelu\/latausratkaisut\/\",\"name\":\"Latausratkaisut - Autoleasing \u2013 Yrityksille\",\"isPartOf\":{\"@id\":\"https:\/\/autoleasing.fi\/yrityksille\/#website\"},\"primaryImageOfPage\":{\"@id\":\"https:\/\/autoleasing.fi\/yrityksille\/lisapalvelut\/electric-latauspalvelu\/latausratkaisut\/#primaryimage\"},\"image\":{\"@id\":\"https:\/\/autoleasing.fi\/yrityksille\/lisapalvelut\/electric-latauspalvelu\/latausratkaisut\/#primaryimage\"},\"thumbnailUrl\":\"https:\/\/autoleasing.fi\/yrityksille\/wp-content\/uploads\/2023\/05\/womans-hand-plugging-in-a-charging-lead-to-her-electric-car-1.jpg\",\"datePublished\":\"2023-05-30T09:22:26+00:00\",\"dateModified\":\"2025-03-24T12:10:04+00:00\",\"breadcrumb\":{\"@id\":\"https:\/\/autoleasing.fi\/yrityksille\/lisapalvelut\/electric-latauspalvelu\/latausratkaisut\/#breadcrumb\"},\"inLanguage\":\"fi\",\"potentialAction\":[{\"@type\":\"ReadAction\",\"target\":[\"https:\/\/autoleasing.fi\/yrityksille\/lisapalvelut\/electric-latauspalvelu\/latausratkaisut\/\"]}]},{\"@type\":\"ImageObject\",\"inLanguage\":\"fi\",\"@id\":\"https:\/\/autoleasing.fi\/yrityksille\/lisapalvelut\/electric-latauspalvelu\/latausratkaisut\/#primaryimage\",\"url\":\"https:\/\/autoleasing.fi\/yrityksille\/wp-content\/uploads\/2023\/05\/womans-hand-plugging-in-a-charging-lead-to-her-electric-car-1.jpg\",\"contentUrl\":\"https:\/\/autoleasing.fi\/yrityksille\/wp-content\/uploads\/2023\/05\/womans-hand-plugging-in-a-charging-lead-to-her-electric-car-1.jpg\",\"width\":1600,\"height\":1045},{\"@type\":\"BreadcrumbList\",\"@id\":\"https:\/\/autoleasing.fi\/yrityksille\/lisapalvelut\/electric-latauspalvelu\/latausratkaisut\/#breadcrumb\",\"itemListElement\":[{\"@type\":\"ListItem\",\"position\":1,\"name\":\"Etusivu\",\"item\":\"https:\/\/autoleasing.fi\/yrityksille\/\"},{\"@type\":\"ListItem\",\"position\":2,\"name\":\"Lis\u00e4palvelut\",\"item\":\"https:\/\/autoleasing.fi\/yrityksille\/lisapalvelut\/\"},{\"@type\":\"ListItem\",\"position\":3,\"name\":\"Electric-latauspalvelu\",\"item\":\"https:\/\/autoleasing.fi\/yrityksille\/lisapalvelut\/electric-latauspalvelu\/\"},{\"@type\":\"ListItem\",\"position\":4,\"name\":\"Latausratkaisut\"}]},{\"@type\":\"WebSite\",\"@id\":\"https:\/\/autoleasing.fi\/yrityksille\/#website\",\"url\":\"https:\/\/autoleasing.fi\/yrityksille\/\",\"name\":\"Autoleasing \u2013 Yrityksille\",\"description\":\"\",\"publisher\":{\"@id\":\"https:\/\/autoleasing.fi\/yrityksille\/#organization\"},\"potentialAction\":[{\"@type\":\"SearchAction\",\"target\":{\"@type\":\"EntryPoint\",\"urlTemplate\":\"https:\/\/autoleasing.fi\/yrityksille\/?s={search_term_string}\"},\"query-input\":{\"@type\":\"PropertyValueSpecification\",\"valueRequired\":true,\"valueName\":\"search_term_string\"}}],\"inLanguage\":\"fi\"},{\"@type\":\"Organization\",\"@id\":\"https:\/\/autoleasing.fi\/yrityksille\/#organization\",\"name\":\"Autoleasing \u2013 Yrityksille\",\"url\":\"https:\/\/autoleasing.fi\/yrityksille\/\",\"logo\":{\"@type\":\"ImageObject\",\"inLanguage\":\"fi\",\"@id\":\"https:\/\/autoleasing.fi\/yrityksille\/#\/schema\/logo\/image\/\",\"url\":\"https:\/\/autoleasing.fi\/yrityksille\/wp-content\/uploads\/2023\/05\/happy-young-woman-looking-out-of-car-window-2.jpg\",\"contentUrl\":\"https:\/\/autoleasing.fi\/yrityksille\/wp-content\/uploads\/2023\/05\/happy-young-woman-looking-out-of-car-window-2.jpg\",\"width\":1600,\"height\":1157,\"caption\":\"Autoleasing \u2013 Yrityksille\"},\"image\":{\"@id\":\"https:\/\/autoleasing.fi\/yrityksille\/#\/schema\/logo\/image\/\"},\"sameAs\":[\"https:\/\/fi.linkedin.com\/company\/nffleetfinland\"]}]}<\/script>\n<!-- \/ Yoast SEO plugin. -->","yoast_head_json":{"title":"Latausratkaisut - Autoleasing \u2013 Yrityksille","robots":{"index":"index","follow":"follow","max-snippet":"max-snippet:-1","max-image-preview":"max-image-preview:large","max-video-preview":"max-video-preview:-1"},"canonical":"https:\/\/autoleasing.fi\/yrityksille\/lisapalvelut\/electric-latauspalvelu\/latausratkaisut\/","og_locale":"fi_FI","og_type":"article","og_title":"Latausratkaisut - Autoleasing \u2013 Yrityksille","og_description":"Electric sis\u00e4lt\u00e4\u00e4 arkea helpottavat latausratkaisut Electric-latauspalvelu mahdollistaa s\u00e4hk\u00f6\u00e4 k\u00e4ytt\u00e4v\u00e4n ty\u00f6suhdeauton helpon lataamisen sek\u00e4 ty\u00f6paikalla, kotona ett\u00e4 laajassa julkisten latauspisteiden verkostossa. Yhteisty\u00f6kumppanimme latausratkaisuissa ovat ABC-lataus, Plugit, Virta ja Neste. T\u00e4\u00e4lt\u00e4 l\u00f6yd\u00e4t Autoleasing Electric-asiakkaan julkiset latauspisteet:&nbsp;ABC-lataus, Plugit, Virta ja Neste. K\u00e4yt\u00e4nn\u00f6ss\u00e4 ty\u00f6suhdeautoilija saa k\u00e4ytt\u00f6\u00f6ns\u00e4 ABC-latauksen, Plugitin, Virran ja Nesteen mobiilisovellukset, joiden avulla lataus hoituu k\u00e4tev\u00e4sti ja laskutus [&hellip;]","og_url":"https:\/\/autoleasing.fi\/yrityksille\/lisapalvelut\/electric-latauspalvelu\/latausratkaisut\/","og_site_name":"Autoleasing \u2013 Yrityksille","article_modified_time":"2025-03-24T12:10:04+00:00","og_image":[{"width":1600,"height":1045,"url":"https:\/\/autoleasing.fi\/yrityksille\/wp-content\/uploads\/2023\/05\/womans-hand-plugging-in-a-charging-lead-to-her-electric-car-1.jpg","type":"image\/jpeg"}],"twitter_card":"summary_large_image","twitter_misc":{"Arvioitu lukuaika":"2 minuuttia"},"schema":{"@context":"https:\/\/schema.org","@graph":[{"@type":"WebPage","@id":"https:\/\/autoleasing.fi\/yrityksille\/lisapalvelut\/electric-latauspalvelu\/latausratkaisut\/","url":"https:\/\/autoleasing.fi\/yrityksille\/lisapalvelut\/electric-latauspalvelu\/latausratkaisut\/","name":"Latausratkaisut - Autoleasing \u2013 Yrityksille","isPartOf":{"@id":"https:\/\/autoleasing.fi\/yrityksille\/#website"},"primaryImageOfPage":{"@id":"https:\/\/autoleasing.fi\/yrityksille\/lisapalvelut\/electric-latauspalvelu\/latausratkaisut\/#primaryimage"},"image":{"@id":"https:\/\/autoleasing.fi\/yrityksille\/lisapalvelut\/electric-latauspalvelu\/latausratkaisut\/#primaryimage"},"thumbnailUrl":"https:\/\/autoleasing.fi\/yrityksille\/wp-content\/uploads\/2023\/05\/womans-hand-plugging-in-a-charging-lead-to-her-electric-car-1.jpg","datePublished":"2023-05-30T09:22:26+00:00","dateModified":"2025-03-24T12:10:04+00:00","breadcrumb":{"@id":"https:\/\/autoleasing.fi\/yrityksille\/lisapalvelut\/electric-latauspalvelu\/latausratkaisut\/#breadcrumb"},"inLanguage":"fi","potentialAction":[{"@type":"ReadAction","target":["https:\/\/autoleasing.fi\/yrityksille\/lisapalvelut\/electric-latauspalvelu\/latausratkaisut\/"]}]},{"@type":"ImageObject","inLanguage":"fi","@id":"https:\/\/autoleasing.fi\/yrityksille\/lisapalvelut\/electric-latauspalvelu\/latausratkaisut\/#primaryimage","url":"https:\/\/autoleasing.fi\/yrityksille\/wp-content\/uploads\/2023\/05\/womans-hand-plugging-in-a-charging-lead-to-her-electric-car-1.jpg","contentUrl":"https:\/\/autoleasing.fi\/yrityksille\/wp-content\/uploads\/2023\/05\/womans-hand-plugging-in-a-charging-lead-to-her-electric-car-1.jpg","width":1600,"height":1045},{"@type":"BreadcrumbList","@id":"https:\/\/autoleasing.fi\/yrityksille\/lisapalvelut\/electric-latauspalvelu\/latausratkaisut\/#breadcrumb","itemListElement":[{"@type":"ListItem","position":1,"name":"Etusivu","item":"https:\/\/autoleasing.fi\/yrityksille\/"},{"@type":"ListItem","position":2,"name":"Lis\u00e4palvelut","item":"https:\/\/autoleasing.fi\/yrityksille\/lisapalvelut\/"},{"@type":"ListItem","position":3,"name":"Electric-latauspalvelu","item":"https:\/\/autoleasing.fi\/yrityksille\/lisapalvelut\/electric-latauspalvelu\/"},{"@type":"ListItem","position":4,"name":"Latausratkaisut"}]},{"@type":"WebSite","@id":"https:\/\/autoleasing.fi\/yrityksille\/#website","url":"https:\/\/autoleasing.fi\/yrityksille\/","name":"Autoleasing \u2013 Yrityksille","description":"","publisher":{"@id":"https:\/\/autoleasing.fi\/yrityksille\/#organization"},"potentialAction":[{"@type":"SearchAction","target":{"@type":"EntryPoint","urlTemplate":"https:\/\/autoleasing.fi\/yrityksille\/?s={search_term_string}"},"query-input":{"@type":"PropertyValueSpecification","valueRequired":true,"valueName":"search_term_string"}}],"inLanguage":"fi"},{"@type":"Organization","@id":"https:\/\/autoleasing.fi\/yrityksille\/#organization","name":"Autoleasing \u2013 Yrityksille","url":"https:\/\/autoleasing.fi\/yrityksille\/","logo":{"@type":"ImageObject","inLanguage":"fi","@id":"https:\/\/autoleasing.fi\/yrityksille\/#\/schema\/logo\/image\/","url":"https:\/\/autoleasing.fi\/yrityksille\/wp-content\/uploads\/2023\/05\/happy-young-woman-looking-out-of-car-window-2.jpg","contentUrl":"https:\/\/autoleasing.fi\/yrityksille\/wp-content\/uploads\/2023\/05\/happy-young-woman-looking-out-of-car-window-2.jpg","width":1600,"height":1157,"caption":"Autoleasing \u2013 Yrityksille"},"image":{"@id":"https:\/\/autoleasing.fi\/yrityksille\/#\/schema\/logo\/image\/"},"sameAs":["https:\/\/fi.linkedin.com\/company\/nffleetfinland"]}]}},"_links":{"self":[{"href":"https:\/\/autoleasing.fi\/yrityksille\/wp-json\/wp\/v2\/pages\/5254","targetHints":{"allow":["GET"]}}],"collection":[{"href":"https:\/\/autoleasing.fi\/yrityksille\/wp-json\/wp\/v2\/pages"}],"about":[{"href":"https:\/\/autoleasing.fi\/yrityksille\/wp-json\/wp\/v2\/types\/page"}],"author":[{"embeddable":true,"href":"https:\/\/autoleasing.fi\/yrityksille\/wp-json\/wp\/v2\/users\/1"}],"replies":[{"embeddable":true,"href":"https:\/\/autoleasing.fi\/yrityksille\/wp-json\/wp\/v2\/comments?post=5254"}],"version-history":[{"count":13,"href":"https:\/\/autoleasing.fi\/yrityksille\/wp-json\/wp\/v2\/pages\/5254\/revisions"}],"predecessor-version":[{"id":6361,"href":"https:\/\/autoleasing.fi\/yrityksille\/wp-json\/wp\/v2\/pages\/5254\/revisions\/6361"}],"up":[{"embeddable":true,"href":"https:\/\/autoleasing.fi\/yrityksille\/wp-json\/wp\/v2\/pages\/4934"}],"wp:featuredmedia":[{"embeddable":true,"href":"https:\/\/autoleasing.fi\/yrityksille\/wp-json\/wp\/v2\/media\/5435"}],"wp:attachment":[{"href":"https:\/\/autoleasing.fi\/yrityksille\/wp-json\/wp\/v2\/media?parent=5254"}],"curies":[{"name":"wp","href":"https:\/\/api.w.org\/{rel}","templated":true}]}}