{"id":5251,"date":"2023-05-30T12:21:05","date_gmt":"2023-05-30T09:21:05","guid":{"rendered":"https:\/\/autoleasing.fi\/yrityksille\/?page_id=5251"},"modified":"2023-05-31T14:58:16","modified_gmt":"2023-05-31T11:58:16","slug":"konsultointi","status":"publish","type":"page","link":"https:\/\/autoleasing.fi\/yrityksille\/lisapalvelut\/electric-latauspalvelu\/konsultointi\/","title":{"rendered":"Konsultointi"},"content":{"rendered":"\n<div class=\"wp-block-group row is-layout-flow wp-block-group-is-layout-flow\">\n<div class=\"wp-block-group site-content has-global-padding is-layout-constrained wp-block-group-is-layout-constrained\">\n<h2 class=\"wp-block-heading\">Electric-latauspalvelu sis\u00e4lt\u00e4\u00e4 kattavan konsultoinnin<\/h2>\n\n\n\n<p>Autoleasingin Electric-latauspalvelu sis\u00e4lt\u00e4\u00e4 kattavan konsultoinnin ja neuvonnan huomioiden jokaisen yrityksen yksil\u00f6lliset liikkumistarpeet. Olemme asiakkaidemme tukena matkan eri vaiheissa.<\/p>\n\n\n\n<p>Autamme laatimaan edustamallesi yritykselle autopolitiikan, joka ottaa huomioon yrityksen arvot ja tavoitteet muun muassa kustannusten, ymp\u00e4rist\u00f6n, turvallisuuden sek\u00e4 henkil\u00f6st\u00f6n n\u00e4k\u00f6kulmista. Hyvin laadittu autopolitiikka mahdollistaa kustannustehokkaat valinnat ja varmistaa, ett\u00e4 ty\u00f6suhdeautoilijat hy\u00f6dynt\u00e4v\u00e4t uutta teknologiaa mahdollisimman tehokkaasti.<\/p>\n\n\n\n<p>Lis\u00e4ksi konsultoimme teit\u00e4 kaikissa s\u00e4hk\u00f6autoiluun liittyviss\u00e4 asioissa. Otamme aina huomioon juuri teid\u00e4n yrityksenne ja ty\u00f6ntekij\u00f6idenne yksil\u00f6lliset tarpeet eri k\u00e4ytt\u00f6voimien sek\u00e4 latauslaitteiden valinnan suhteen.<\/p>\n\n\n\n<p>T\u00e4m\u00e4n helpompaa ei s\u00e4hk\u00f6iseen yritysautoiluun siirtyminen voi olla! Kerromme mielell\u00e4mme lis\u00e4\u00e4 <a href=\"https:\/\/autoleasing.fi\/yrityksille\/lisapalvelut\/electric-latauspalvelu\/\" data-type=\"page\" data-id=\"4934\">Electric-latauspalvelusta<\/a>.&nbsp;<\/p>\n\n\n\n<div class=\"wp-block-buttons is-layout-flex wp-block-buttons-is-layout-flex\">\n<div class=\"wp-block-button popup\"><a class=\"wp-block-button__link wp-element-button\" href=\"#yhteydenotto\">Ota yhteytt\u00e4<\/a><\/div>\n<\/div>\n<\/div>\n<\/div>\n","protected":false},"excerpt":{"rendered":"<p>Electric-latauspalvelu sis\u00e4lt\u00e4\u00e4 kattavan konsultoinnin Autoleasingin Electric-latauspalvelu sis\u00e4lt\u00e4\u00e4 kattavan konsultoinnin ja neuvonnan huomioiden jokaisen yrityksen yksil\u00f6lliset liikkumistarpeet. Olemme asiakkaidemme tukena matkan eri vaiheissa. Autamme laatimaan edustamallesi yritykselle autopolitiikan, joka ottaa huomioon yrityksen arvot ja tavoitteet muun muassa kustannusten, ymp\u00e4rist\u00f6n, turvallisuuden sek\u00e4 henkil\u00f6st\u00f6n n\u00e4k\u00f6kulmista. Hyvin laadittu autopolitiikka mahdollistaa kustannustehokkaat valinnat ja varmistaa, ett\u00e4 ty\u00f6suhdeautoilijat hy\u00f6dynt\u00e4v\u00e4t uutta teknologiaa [&hellip;]<\/p>\n","protected":false},"author":1,"featured_media":5435,"parent":4934,"menu_order":0,"comment_status":"closed","ping_status":"closed","template":"page-templates\/additional-services-electric.php","meta":{"_acf_changed":false,"footnotes":""},"class_list":["post-5251","page","type-page","status-publish","has-post-thumbnail","hentry"],"acf":[],"yoast_head":"<!-- This site is optimized with the Yoast SEO plugin v27.2 - https:\/\/yoast.com\/product\/yoast-seo-wordpress\/ -->\n<title>Konsultointi - Autoleasing \u2013 Yrityksille<\/title>\n<meta name=\"robots\" content=\"index, follow, max-snippet:-1, max-image-preview:large, max-video-preview:-1\" \/>\n<link rel=\"canonical\" href=\"https:\/\/autoleasing.fi\/yrityksille\/lisapalvelut\/electric-latauspalvelu\/konsultointi\/\" \/>\n<meta property=\"og:locale\" content=\"fi_FI\" \/>\n<meta property=\"og:type\" content=\"article\" \/>\n<meta property=\"og:title\" content=\"Konsultointi - Autoleasing \u2013 Yrityksille\" \/>\n<meta property=\"og:description\" content=\"Electric-latauspalvelu sis\u00e4lt\u00e4\u00e4 kattavan konsultoinnin Autoleasingin Electric-latauspalvelu sis\u00e4lt\u00e4\u00e4 kattavan konsultoinnin ja neuvonnan huomioiden jokaisen yrityksen yksil\u00f6lliset liikkumistarpeet. Olemme asiakkaidemme tukena matkan eri vaiheissa. Autamme laatimaan edustamallesi yritykselle autopolitiikan, joka ottaa huomioon yrityksen arvot ja tavoitteet muun muassa kustannusten, ymp\u00e4rist\u00f6n, turvallisuuden sek\u00e4 henkil\u00f6st\u00f6n n\u00e4k\u00f6kulmista. Hyvin laadittu autopolitiikka mahdollistaa kustannustehokkaat valinnat ja varmistaa, ett\u00e4 ty\u00f6suhdeautoilijat hy\u00f6dynt\u00e4v\u00e4t uutta teknologiaa [&hellip;]\" \/>\n<meta property=\"og:url\" content=\"https:\/\/autoleasing.fi\/yrityksille\/lisapalvelut\/electric-latauspalvelu\/konsultointi\/\" \/>\n<meta property=\"og:site_name\" content=\"Autoleasing \u2013 Yrityksille\" \/>\n<meta property=\"article:modified_time\" content=\"2023-05-31T11:58:16+00:00\" \/>\n<meta property=\"og:image\" content=\"https:\/\/autoleasing.fi\/yrityksille\/wp-content\/uploads\/2023\/05\/womans-hand-plugging-in-a-charging-lead-to-her-electric-car-1.jpg\" \/>\n\t<meta property=\"og:image:width\" content=\"1600\" \/>\n\t<meta property=\"og:image:height\" content=\"1045\" \/>\n\t<meta property=\"og:image:type\" content=\"image\/jpeg\" \/>\n<meta name=\"twitter:card\" content=\"summary_large_image\" \/>\n<meta name=\"twitter:label1\" content=\"Arvioitu lukuaika\" \/>\n\t<meta name=\"twitter:data1\" content=\"1 minuutti\" \/>\n<script type=\"application\/ld+json\" class=\"yoast-schema-graph\">{\"@context\":\"https:\/\/schema.org\",\"@graph\":[{\"@type\":\"WebPage\",\"@id\":\"https:\/\/autoleasing.fi\/yrityksille\/lisapalvelut\/electric-latauspalvelu\/konsultointi\/\",\"url\":\"https:\/\/autoleasing.fi\/yrityksille\/lisapalvelut\/electric-latauspalvelu\/konsultointi\/\",\"name\":\"Konsultointi - Autoleasing \u2013 Yrityksille\",\"isPartOf\":{\"@id\":\"https:\/\/autoleasing.fi\/yrityksille\/#website\"},\"primaryImageOfPage\":{\"@id\":\"https:\/\/autoleasing.fi\/yrityksille\/lisapalvelut\/electric-latauspalvelu\/konsultointi\/#primaryimage\"},\"image\":{\"@id\":\"https:\/\/autoleasing.fi\/yrityksille\/lisapalvelut\/electric-latauspalvelu\/konsultointi\/#primaryimage\"},\"thumbnailUrl\":\"https:\/\/autoleasing.fi\/yrityksille\/wp-content\/uploads\/2023\/05\/womans-hand-plugging-in-a-charging-lead-to-her-electric-car-1.jpg\",\"datePublished\":\"2023-05-30T09:21:05+00:00\",\"dateModified\":\"2023-05-31T11:58:16+00:00\",\"breadcrumb\":{\"@id\":\"https:\/\/autoleasing.fi\/yrityksille\/lisapalvelut\/electric-latauspalvelu\/konsultointi\/#breadcrumb\"},\"inLanguage\":\"fi\",\"potentialAction\":[{\"@type\":\"ReadAction\",\"target\":[\"https:\/\/autoleasing.fi\/yrityksille\/lisapalvelut\/electric-latauspalvelu\/konsultointi\/\"]}]},{\"@type\":\"ImageObject\",\"inLanguage\":\"fi\",\"@id\":\"https:\/\/autoleasing.fi\/yrityksille\/lisapalvelut\/electric-latauspalvelu\/konsultointi\/#primaryimage\",\"url\":\"https:\/\/autoleasing.fi\/yrityksille\/wp-content\/uploads\/2023\/05\/womans-hand-plugging-in-a-charging-lead-to-her-electric-car-1.jpg\",\"contentUrl\":\"https:\/\/autoleasing.fi\/yrityksille\/wp-content\/uploads\/2023\/05\/womans-hand-plugging-in-a-charging-lead-to-her-electric-car-1.jpg\",\"width\":1600,\"height\":1045},{\"@type\":\"BreadcrumbList\",\"@id\":\"https:\/\/autoleasing.fi\/yrityksille\/lisapalvelut\/electric-latauspalvelu\/konsultointi\/#breadcrumb\",\"itemListElement\":[{\"@type\":\"ListItem\",\"position\":1,\"name\":\"Etusivu\",\"item\":\"https:\/\/autoleasing.fi\/yrityksille\/\"},{\"@type\":\"ListItem\",\"position\":2,\"name\":\"Lis\u00e4palvelut\",\"item\":\"https:\/\/autoleasing.fi\/yrityksille\/lisapalvelut\/\"},{\"@type\":\"ListItem\",\"position\":3,\"name\":\"Electric-latauspalvelu\",\"item\":\"https:\/\/autoleasing.fi\/yrityksille\/lisapalvelut\/electric-latauspalvelu\/\"},{\"@type\":\"ListItem\",\"position\":4,\"name\":\"Konsultointi\"}]},{\"@type\":\"WebSite\",\"@id\":\"https:\/\/autoleasing.fi\/yrityksille\/#website\",\"url\":\"https:\/\/autoleasing.fi\/yrityksille\/\",\"name\":\"Autoleasing \u2013 Yrityksille\",\"description\":\"\",\"publisher\":{\"@id\":\"https:\/\/autoleasing.fi\/yrityksille\/#organization\"},\"potentialAction\":[{\"@type\":\"SearchAction\",\"target\":{\"@type\":\"EntryPoint\",\"urlTemplate\":\"https:\/\/autoleasing.fi\/yrityksille\/?s={search_term_string}\"},\"query-input\":{\"@type\":\"PropertyValueSpecification\",\"valueRequired\":true,\"valueName\":\"search_term_string\"}}],\"inLanguage\":\"fi\"},{\"@type\":\"Organization\",\"@id\":\"https:\/\/autoleasing.fi\/yrityksille\/#organization\",\"name\":\"Autoleasing \u2013 Yrityksille\",\"url\":\"https:\/\/autoleasing.fi\/yrityksille\/\",\"logo\":{\"@type\":\"ImageObject\",\"inLanguage\":\"fi\",\"@id\":\"https:\/\/autoleasing.fi\/yrityksille\/#\/schema\/logo\/image\/\",\"url\":\"https:\/\/autoleasing.fi\/yrityksille\/wp-content\/uploads\/2023\/05\/happy-young-woman-looking-out-of-car-window-2.jpg\",\"contentUrl\":\"https:\/\/autoleasing.fi\/yrityksille\/wp-content\/uploads\/2023\/05\/happy-young-woman-looking-out-of-car-window-2.jpg\",\"width\":1600,\"height\":1157,\"caption\":\"Autoleasing \u2013 Yrityksille\"},\"image\":{\"@id\":\"https:\/\/autoleasing.fi\/yrityksille\/#\/schema\/logo\/image\/\"},\"sameAs\":[\"https:\/\/fi.linkedin.com\/company\/nffleetfinland\"]}]}<\/script>\n<!-- \/ Yoast SEO plugin. -->","yoast_head_json":{"title":"Konsultointi - Autoleasing \u2013 Yrityksille","robots":{"index":"index","follow":"follow","max-snippet":"max-snippet:-1","max-image-preview":"max-image-preview:large","max-video-preview":"max-video-preview:-1"},"canonical":"https:\/\/autoleasing.fi\/yrityksille\/lisapalvelut\/electric-latauspalvelu\/konsultointi\/","og_locale":"fi_FI","og_type":"article","og_title":"Konsultointi - Autoleasing \u2013 Yrityksille","og_description":"Electric-latauspalvelu sis\u00e4lt\u00e4\u00e4 kattavan konsultoinnin Autoleasingin Electric-latauspalvelu sis\u00e4lt\u00e4\u00e4 kattavan konsultoinnin ja neuvonnan huomioiden jokaisen yrityksen yksil\u00f6lliset liikkumistarpeet. Olemme asiakkaidemme tukena matkan eri vaiheissa. Autamme laatimaan edustamallesi yritykselle autopolitiikan, joka ottaa huomioon yrityksen arvot ja tavoitteet muun muassa kustannusten, ymp\u00e4rist\u00f6n, turvallisuuden sek\u00e4 henkil\u00f6st\u00f6n n\u00e4k\u00f6kulmista. Hyvin laadittu autopolitiikka mahdollistaa kustannustehokkaat valinnat ja varmistaa, ett\u00e4 ty\u00f6suhdeautoilijat hy\u00f6dynt\u00e4v\u00e4t uutta teknologiaa [&hellip;]","og_url":"https:\/\/autoleasing.fi\/yrityksille\/lisapalvelut\/electric-latauspalvelu\/konsultointi\/","og_site_name":"Autoleasing \u2013 Yrityksille","article_modified_time":"2023-05-31T11:58:16+00:00","og_image":[{"width":1600,"height":1045,"url":"https:\/\/autoleasing.fi\/yrityksille\/wp-content\/uploads\/2023\/05\/womans-hand-plugging-in-a-charging-lead-to-her-electric-car-1.jpg","type":"image\/jpeg"}],"twitter_card":"summary_large_image","twitter_misc":{"Arvioitu lukuaika":"1 minuutti"},"schema":{"@context":"https:\/\/schema.org","@graph":[{"@type":"WebPage","@id":"https:\/\/autoleasing.fi\/yrityksille\/lisapalvelut\/electric-latauspalvelu\/konsultointi\/","url":"https:\/\/autoleasing.fi\/yrityksille\/lisapalvelut\/electric-latauspalvelu\/konsultointi\/","name":"Konsultointi - Autoleasing \u2013 Yrityksille","isPartOf":{"@id":"https:\/\/autoleasing.fi\/yrityksille\/#website"},"primaryImageOfPage":{"@id":"https:\/\/autoleasing.fi\/yrityksille\/lisapalvelut\/electric-latauspalvelu\/konsultointi\/#primaryimage"},"image":{"@id":"https:\/\/autoleasing.fi\/yrityksille\/lisapalvelut\/electric-latauspalvelu\/konsultointi\/#primaryimage"},"thumbnailUrl":"https:\/\/autoleasing.fi\/yrityksille\/wp-content\/uploads\/2023\/05\/womans-hand-plugging-in-a-charging-lead-to-her-electric-car-1.jpg","datePublished":"2023-05-30T09:21:05+00:00","dateModified":"2023-05-31T11:58:16+00:00","breadcrumb":{"@id":"https:\/\/autoleasing.fi\/yrityksille\/lisapalvelut\/electric-latauspalvelu\/konsultointi\/#breadcrumb"},"inLanguage":"fi","potentialAction":[{"@type":"ReadAction","target":["https:\/\/autoleasing.fi\/yrityksille\/lisapalvelut\/electric-latauspalvelu\/konsultointi\/"]}]},{"@type":"ImageObject","inLanguage":"fi","@id":"https:\/\/autoleasing.fi\/yrityksille\/lisapalvelut\/electric-latauspalvelu\/konsultointi\/#primaryimage","url":"https:\/\/autoleasing.fi\/yrityksille\/wp-content\/uploads\/2023\/05\/womans-hand-plugging-in-a-charging-lead-to-her-electric-car-1.jpg","contentUrl":"https:\/\/autoleasing.fi\/yrityksille\/wp-content\/uploads\/2023\/05\/womans-hand-plugging-in-a-charging-lead-to-her-electric-car-1.jpg","width":1600,"height":1045},{"@type":"BreadcrumbList","@id":"https:\/\/autoleasing.fi\/yrityksille\/lisapalvelut\/electric-latauspalvelu\/konsultointi\/#breadcrumb","itemListElement":[{"@type":"ListItem","position":1,"name":"Etusivu","item":"https:\/\/autoleasing.fi\/yrityksille\/"},{"@type":"ListItem","position":2,"name":"Lis\u00e4palvelut","item":"https:\/\/autoleasing.fi\/yrityksille\/lisapalvelut\/"},{"@type":"ListItem","position":3,"name":"Electric-latauspalvelu","item":"https:\/\/autoleasing.fi\/yrityksille\/lisapalvelut\/electric-latauspalvelu\/"},{"@type":"ListItem","position":4,"name":"Konsultointi"}]},{"@type":"WebSite","@id":"https:\/\/autoleasing.fi\/yrityksille\/#website","url":"https:\/\/autoleasing.fi\/yrityksille\/","name":"Autoleasing \u2013 Yrityksille","description":"","publisher":{"@id":"https:\/\/autoleasing.fi\/yrityksille\/#organization"},"potentialAction":[{"@type":"SearchAction","target":{"@type":"EntryPoint","urlTemplate":"https:\/\/autoleasing.fi\/yrityksille\/?s={search_term_string}"},"query-input":{"@type":"PropertyValueSpecification","valueRequired":true,"valueName":"search_term_string"}}],"inLanguage":"fi"},{"@type":"Organization","@id":"https:\/\/autoleasing.fi\/yrityksille\/#organization","name":"Autoleasing \u2013 Yrityksille","url":"https:\/\/autoleasing.fi\/yrityksille\/","logo":{"@type":"ImageObject","inLanguage":"fi","@id":"https:\/\/autoleasing.fi\/yrityksille\/#\/schema\/logo\/image\/","url":"https:\/\/autoleasing.fi\/yrityksille\/wp-content\/uploads\/2023\/05\/happy-young-woman-looking-out-of-car-window-2.jpg","contentUrl":"https:\/\/autoleasing.fi\/yrityksille\/wp-content\/uploads\/2023\/05\/happy-young-woman-looking-out-of-car-window-2.jpg","width":1600,"height":1157,"caption":"Autoleasing \u2013 Yrityksille"},"image":{"@id":"https:\/\/autoleasing.fi\/yrityksille\/#\/schema\/logo\/image\/"},"sameAs":["https:\/\/fi.linkedin.com\/company\/nffleetfinland"]}]}},"_links":{"self":[{"href":"https:\/\/autoleasing.fi\/yrityksille\/wp-json\/wp\/v2\/pages\/5251","targetHints":{"allow":["GET"]}}],"collection":[{"href":"https:\/\/autoleasing.fi\/yrityksille\/wp-json\/wp\/v2\/pages"}],"about":[{"href":"https:\/\/autoleasing.fi\/yrityksille\/wp-json\/wp\/v2\/types\/page"}],"author":[{"embeddable":true,"href":"https:\/\/autoleasing.fi\/yrityksille\/wp-json\/wp\/v2\/users\/1"}],"replies":[{"embeddable":true,"href":"https:\/\/autoleasing.fi\/yrityksille\/wp-json\/wp\/v2\/comments?post=5251"}],"version-history":[{"count":5,"href":"https:\/\/autoleasing.fi\/yrityksille\/wp-json\/wp\/v2\/pages\/5251\/revisions"}],"predecessor-version":[{"id":5403,"href":"https:\/\/autoleasing.fi\/yrityksille\/wp-json\/wp\/v2\/pages\/5251\/revisions\/5403"}],"up":[{"embeddable":true,"href":"https:\/\/autoleasing.fi\/yrityksille\/wp-json\/wp\/v2\/pages\/4934"}],"wp:featuredmedia":[{"embeddable":true,"href":"https:\/\/autoleasing.fi\/yrityksille\/wp-json\/wp\/v2\/media\/5435"}],"wp:attachment":[{"href":"https:\/\/autoleasing.fi\/yrityksille\/wp-json\/wp\/v2\/media?parent=5251"}],"curies":[{"name":"wp","href":"https:\/\/api.w.org\/{rel}","templated":true}]}}