{"id":5207,"date":"2023-05-29T16:17:24","date_gmt":"2023-05-29T13:17:24","guid":{"rendered":"https:\/\/autoleasing.fi\/yrityksille\/?page_id=5207"},"modified":"2025-01-09T13:39:00","modified_gmt":"2025-01-09T11:39:00","slug":"palveluhinnasto","status":"publish","type":"page","link":"https:\/\/autoleasing.fi\/yrityksille\/palveluhinnasto\/","title":{"rendered":"Palveluhinnasto"},"content":{"rendered":"\n<div class=\"wp-block-group row is-layout-flow wp-block-group-is-layout-flow\">\n<div class=\"wp-block-group site-content has-global-padding is-layout-constrained wp-block-group-is-layout-constrained\">\n<div class=\"wp-block-columns is-layout-flex wp-container-core-columns-is-layout-28f84493 wp-block-columns-is-layout-flex\">\n<div class=\"wp-block-column is-layout-flow wp-block-column-is-layout-flow\" style=\"flex-basis:66.66%\">\n<p>Yritysasiakkaiden palveluhinnasto on voimassa 1.4.2024 alkaen ja on voimassa toistaiseksi.<\/p>\n\n\n\n<ol class=\"wp-block-list\">\n<li><strong>Tilauksen peruutuksen k\u00e4sittelymaksu 180 \u20ac<\/strong><br>Peruutuksen tapahtuessa enemm\u00e4n kuin 3 p\u00e4iv\u00e4\u00e4 tilauksen teon j\u00e4lkeen. Lis\u00e4ksi mahdollinen autoliikekohtainen tilauksen peruutusmaksu.<\/li>\n\n\n\n<li><strong>Sopimussiirto toiselle yritykselle 320 \u20ac<\/strong><br>Uuden haltijayrityksen rekister\u00f6inti ja sopimuksen tekeminen.<\/li>\n\n\n\n<li><strong>Sopimusmuutokset (aika ja\/tai kilometrit) 90 \u20ac<\/strong><\/li>\n\n\n\n<li><strong>Uudelleen rekister\u00f6inti (esim. haltijanvaihto) 35 \u20ac\/sopimus<\/strong><\/li>\n\n\n\n<li><strong>Ajoneuvojen toimittaminen, pois hakeminen tai siirt\u00e4minen<\/strong><br>P\u00e4\u00e4kaupunkiseutu 250 \u20ac<br>NF Fleetin palautuspisteest\u00e4 350 km asti 400 \u20ac<br>NF Fleetin palautuspisteest\u00e4 yli 350 km 650 \u20ac<\/li>\n\n\n\n<li><strong>Ajoneuvoon kuuluvien tavaroiden ja varusteiden kuljetukset, siirrot ja noudot<\/strong><br>P\u00e4\u00e4kaupunkiseutu 200 \u20ac<br>Tampere, Turku, Jyv\u00e4skyl\u00e4 (NF Fleetin palautuspisteest\u00e4 350 km asti) 350 \u20ac<br>Oulu, Rovaniemi (NF Fleetin palautuspisteest\u00e4 yli 350 km) 470 \u20ac<\/li>\n\n\n\n<li><strong>Ajoneuvon palauttamatta j\u00e4tt\u00e4minen NF Fleetin palautuspisteeseen<\/strong><br>Ilman erillist\u00e4 kirjallista sopimista auton palauttamiseen saakka: kk vuokra + 17 \u20ac\/p\u00e4iv\u00e4<br>(vakuutussakko + mahdollinen liikennevakuutushyvike): + poishakukustannukset<\/li>\n\n\n\n<li><strong>Maksu, jos autoa ei ole palautettu sopimuksen p\u00e4\u00e4tytty\u00e4 JA sopimusta ei ole jatkettu<\/strong><br>50 \u20ac\/kk\/sopimus (1.2.2025 alkaen)<\/li>\n\n\n\n<li><strong>Ajoneuvon v\u00e4litarkistus 100 \u20ac<\/strong><br>Sis\u00e4lt\u00e4\u00e4 auton konepesun tarkastuksen yhteydess\u00e4. Muista mahdollisista toimenpiteist\u00e4 veloitetaan toteutuneen kulun mukaisesti (esim. sis\u00e4puhdistus).<\/li>\n\n\n\n<li><strong>Renkaiden kausis\u00e4ilytys 69 \u20ac\/auto\/s\u00e4ilytyskausi<\/strong><\/li>\n\n\n\n<li><strong>Palautuneen ajoneuvon katsastuspalvelu 200 \u20ac<\/strong><\/li>\n\n\n\n<li><strong>(Maksamattomien) ajoneuvoverojen, pys\u00e4kointivirhemaksujen, sakkojen ja tullimaksujen k\u00e4sittely 100 \u20ac<\/strong><\/li>\n\n\n\n<li><strong>Laskelma leasingvastuista (yrityksen koko autokanta) 100 \u20ac<\/strong><\/li>\n\n\n\n<li><strong>Polttoainepalvelu 2,50 \u20ac\/auto\/lasku<\/strong><\/li>\n\n\n\n<li><strong>Paperilaskun toimittaminen 5 \u20ac\/lasku<\/strong><\/li>\n\n\n\n<li><strong>Automaattinen laskujen tili\u00f6inti<\/strong><br>Avausmaksu tai tili\u00f6innin muutos 250 \u20ac<\/li>\n\n\n\n<li><strong>Maastavientilupa\/valtakirja 100 \u20ac<\/strong><\/li>\n\n\n\n<li><strong>Lupa ajo-opetukseen 100 \u20ac<\/strong><\/li>\n\n\n\n<li><strong>Leasingsopimuksen kopion toimittaminen 100 \u20ac\/sopimus<\/strong><\/li>\n\n\n\n<li><strong>Vuosittaisen ajoneuvoveron l\u00e4pilaskutus 2,50 \u20ac\/auto\/kuukausi<\/strong><\/li>\n\n\n\n<li><strong>Vakuutuksen l\u00e4pilaskutus<\/strong><br>Kun vakuutus on muu kuin NF Fleetin tarjoama T\u00e4ysvakuutus<br>Autokohtaisesti (veloituksen erittely kuukausikohtaisesti) 2,50 \u20ac\/auto\/kuukausi<\/li>\n\n\n\n<li><strong>Verhoilupesu 250 \u20ac<\/strong><\/li>\n\n\n\n<li><strong>Muut palvelut ajank\u00e4yt\u00f6n mukaan 150 \u20ac\/tunti (min 25 \u20ac)<\/strong><br>Esim. menotositteiden k\u00e4sittely tai maksamattomien pys\u00e4k\u00f6intimaksujen k\u00e4sittely ja edelleenveloitus.<\/li>\n\n\n\n<li><strong>Maksumuistutus yhteisty\u00f6ss\u00e4 Lowellin kanssa<\/strong><br>Vakiokorvaus 40 \u20ac + viiv\u00e4styskorko<\/li>\n<\/ol>\n\n\n\n<p>Hinnat ALV 0 %.<\/p>\n\n\n\n<p>NF Fleet pid\u00e4tt\u00e4\u00e4 oikeuden hinnanmuutoksiin.<\/p>\n<\/div>\n\n\n\n<div class=\"wp-block-column is-layout-flow wp-block-column-is-layout-flow\" style=\"flex-basis:33.33%\"><\/div>\n<\/div>\n<\/div>\n<\/div>\n","protected":false},"excerpt":{"rendered":"<p>Yritysasiakkaiden palveluhinnasto on voimassa 1.4.2024 alkaen ja on voimassa toistaiseksi. Hinnat ALV 0 %. NF Fleet pid\u00e4tt\u00e4\u00e4 oikeuden hinnanmuutoksiin.<\/p>\n","protected":false},"author":1,"featured_media":0,"parent":0,"menu_order":0,"comment_status":"closed","ping_status":"closed","template":"","meta":{"_acf_changed":false,"footnotes":""},"class_list":["post-5207","page","type-page","status-publish","hentry"],"acf":[],"yoast_head":"<!-- This site is optimized with the Yoast SEO plugin v27.2 - https:\/\/yoast.com\/product\/yoast-seo-wordpress\/ -->\n<title>Palveluhinnasto - Autoleasing \u2013 Yrityksille<\/title>\n<meta name=\"robots\" content=\"index, follow, max-snippet:-1, max-image-preview:large, max-video-preview:-1\" \/>\n<link rel=\"canonical\" href=\"https:\/\/autoleasing.fi\/yrityksille\/palveluhinnasto\/\" \/>\n<meta property=\"og:locale\" content=\"fi_FI\" \/>\n<meta property=\"og:type\" content=\"article\" \/>\n<meta property=\"og:title\" content=\"Palveluhinnasto - Autoleasing \u2013 Yrityksille\" \/>\n<meta property=\"og:description\" content=\"Yritysasiakkaiden palveluhinnasto on voimassa 1.4.2024 alkaen ja on voimassa toistaiseksi. Hinnat ALV 0 %. NF Fleet pid\u00e4tt\u00e4\u00e4 oikeuden hinnanmuutoksiin.\" \/>\n<meta property=\"og:url\" content=\"https:\/\/autoleasing.fi\/yrityksille\/palveluhinnasto\/\" \/>\n<meta property=\"og:site_name\" content=\"Autoleasing \u2013 Yrityksille\" \/>\n<meta property=\"article:modified_time\" content=\"2025-01-09T11:39:00+00:00\" \/>\n<meta name=\"twitter:card\" content=\"summary_large_image\" \/>\n<meta name=\"twitter:label1\" content=\"Arvioitu lukuaika\" \/>\n\t<meta name=\"twitter:data1\" content=\"2 minuuttia\" \/>\n<script type=\"application\/ld+json\" class=\"yoast-schema-graph\">{\"@context\":\"https:\/\/schema.org\",\"@graph\":[{\"@type\":\"WebPage\",\"@id\":\"https:\/\/autoleasing.fi\/yrityksille\/palveluhinnasto\/\",\"url\":\"https:\/\/autoleasing.fi\/yrityksille\/palveluhinnasto\/\",\"name\":\"Palveluhinnasto - Autoleasing \u2013 Yrityksille\",\"isPartOf\":{\"@id\":\"https:\/\/autoleasing.fi\/yrityksille\/#website\"},\"datePublished\":\"2023-05-29T13:17:24+00:00\",\"dateModified\":\"2025-01-09T11:39:00+00:00\",\"breadcrumb\":{\"@id\":\"https:\/\/autoleasing.fi\/yrityksille\/palveluhinnasto\/#breadcrumb\"},\"inLanguage\":\"fi\",\"potentialAction\":[{\"@type\":\"ReadAction\",\"target\":[\"https:\/\/autoleasing.fi\/yrityksille\/palveluhinnasto\/\"]}]},{\"@type\":\"BreadcrumbList\",\"@id\":\"https:\/\/autoleasing.fi\/yrityksille\/palveluhinnasto\/#breadcrumb\",\"itemListElement\":[{\"@type\":\"ListItem\",\"position\":1,\"name\":\"Etusivu\",\"item\":\"https:\/\/autoleasing.fi\/yrityksille\/\"},{\"@type\":\"ListItem\",\"position\":2,\"name\":\"Palveluhinnasto\"}]},{\"@type\":\"WebSite\",\"@id\":\"https:\/\/autoleasing.fi\/yrityksille\/#website\",\"url\":\"https:\/\/autoleasing.fi\/yrityksille\/\",\"name\":\"Autoleasing \u2013 Yrityksille\",\"description\":\"\",\"publisher\":{\"@id\":\"https:\/\/autoleasing.fi\/yrityksille\/#organization\"},\"potentialAction\":[{\"@type\":\"SearchAction\",\"target\":{\"@type\":\"EntryPoint\",\"urlTemplate\":\"https:\/\/autoleasing.fi\/yrityksille\/?s={search_term_string}\"},\"query-input\":{\"@type\":\"PropertyValueSpecification\",\"valueRequired\":true,\"valueName\":\"search_term_string\"}}],\"inLanguage\":\"fi\"},{\"@type\":\"Organization\",\"@id\":\"https:\/\/autoleasing.fi\/yrityksille\/#organization\",\"name\":\"Autoleasing \u2013 Yrityksille\",\"url\":\"https:\/\/autoleasing.fi\/yrityksille\/\",\"logo\":{\"@type\":\"ImageObject\",\"inLanguage\":\"fi\",\"@id\":\"https:\/\/autoleasing.fi\/yrityksille\/#\/schema\/logo\/image\/\",\"url\":\"https:\/\/autoleasing.fi\/yrityksille\/wp-content\/uploads\/2023\/05\/happy-young-woman-looking-out-of-car-window-2.jpg\",\"contentUrl\":\"https:\/\/autoleasing.fi\/yrityksille\/wp-content\/uploads\/2023\/05\/happy-young-woman-looking-out-of-car-window-2.jpg\",\"width\":1600,\"height\":1157,\"caption\":\"Autoleasing \u2013 Yrityksille\"},\"image\":{\"@id\":\"https:\/\/autoleasing.fi\/yrityksille\/#\/schema\/logo\/image\/\"},\"sameAs\":[\"https:\/\/fi.linkedin.com\/company\/nffleetfinland\"]}]}<\/script>\n<!-- \/ Yoast SEO plugin. -->","yoast_head_json":{"title":"Palveluhinnasto - Autoleasing \u2013 Yrityksille","robots":{"index":"index","follow":"follow","max-snippet":"max-snippet:-1","max-image-preview":"max-image-preview:large","max-video-preview":"max-video-preview:-1"},"canonical":"https:\/\/autoleasing.fi\/yrityksille\/palveluhinnasto\/","og_locale":"fi_FI","og_type":"article","og_title":"Palveluhinnasto - Autoleasing \u2013 Yrityksille","og_description":"Yritysasiakkaiden palveluhinnasto on voimassa 1.4.2024 alkaen ja on voimassa toistaiseksi. Hinnat ALV 0 %. NF Fleet pid\u00e4tt\u00e4\u00e4 oikeuden hinnanmuutoksiin.","og_url":"https:\/\/autoleasing.fi\/yrityksille\/palveluhinnasto\/","og_site_name":"Autoleasing \u2013 Yrityksille","article_modified_time":"2025-01-09T11:39:00+00:00","twitter_card":"summary_large_image","twitter_misc":{"Arvioitu lukuaika":"2 minuuttia"},"schema":{"@context":"https:\/\/schema.org","@graph":[{"@type":"WebPage","@id":"https:\/\/autoleasing.fi\/yrityksille\/palveluhinnasto\/","url":"https:\/\/autoleasing.fi\/yrityksille\/palveluhinnasto\/","name":"Palveluhinnasto - Autoleasing \u2013 Yrityksille","isPartOf":{"@id":"https:\/\/autoleasing.fi\/yrityksille\/#website"},"datePublished":"2023-05-29T13:17:24+00:00","dateModified":"2025-01-09T11:39:00+00:00","breadcrumb":{"@id":"https:\/\/autoleasing.fi\/yrityksille\/palveluhinnasto\/#breadcrumb"},"inLanguage":"fi","potentialAction":[{"@type":"ReadAction","target":["https:\/\/autoleasing.fi\/yrityksille\/palveluhinnasto\/"]}]},{"@type":"BreadcrumbList","@id":"https:\/\/autoleasing.fi\/yrityksille\/palveluhinnasto\/#breadcrumb","itemListElement":[{"@type":"ListItem","position":1,"name":"Etusivu","item":"https:\/\/autoleasing.fi\/yrityksille\/"},{"@type":"ListItem","position":2,"name":"Palveluhinnasto"}]},{"@type":"WebSite","@id":"https:\/\/autoleasing.fi\/yrityksille\/#website","url":"https:\/\/autoleasing.fi\/yrityksille\/","name":"Autoleasing \u2013 Yrityksille","description":"","publisher":{"@id":"https:\/\/autoleasing.fi\/yrityksille\/#organization"},"potentialAction":[{"@type":"SearchAction","target":{"@type":"EntryPoint","urlTemplate":"https:\/\/autoleasing.fi\/yrityksille\/?s={search_term_string}"},"query-input":{"@type":"PropertyValueSpecification","valueRequired":true,"valueName":"search_term_string"}}],"inLanguage":"fi"},{"@type":"Organization","@id":"https:\/\/autoleasing.fi\/yrityksille\/#organization","name":"Autoleasing \u2013 Yrityksille","url":"https:\/\/autoleasing.fi\/yrityksille\/","logo":{"@type":"ImageObject","inLanguage":"fi","@id":"https:\/\/autoleasing.fi\/yrityksille\/#\/schema\/logo\/image\/","url":"https:\/\/autoleasing.fi\/yrityksille\/wp-content\/uploads\/2023\/05\/happy-young-woman-looking-out-of-car-window-2.jpg","contentUrl":"https:\/\/autoleasing.fi\/yrityksille\/wp-content\/uploads\/2023\/05\/happy-young-woman-looking-out-of-car-window-2.jpg","width":1600,"height":1157,"caption":"Autoleasing \u2013 Yrityksille"},"image":{"@id":"https:\/\/autoleasing.fi\/yrityksille\/#\/schema\/logo\/image\/"},"sameAs":["https:\/\/fi.linkedin.com\/company\/nffleetfinland"]}]}},"_links":{"self":[{"href":"https:\/\/autoleasing.fi\/yrityksille\/wp-json\/wp\/v2\/pages\/5207","targetHints":{"allow":["GET"]}}],"collection":[{"href":"https:\/\/autoleasing.fi\/yrityksille\/wp-json\/wp\/v2\/pages"}],"about":[{"href":"https:\/\/autoleasing.fi\/yrityksille\/wp-json\/wp\/v2\/types\/page"}],"author":[{"embeddable":true,"href":"https:\/\/autoleasing.fi\/yrityksille\/wp-json\/wp\/v2\/users\/1"}],"replies":[{"embeddable":true,"href":"https:\/\/autoleasing.fi\/yrityksille\/wp-json\/wp\/v2\/comments?post=5207"}],"version-history":[{"count":17,"href":"https:\/\/autoleasing.fi\/yrityksille\/wp-json\/wp\/v2\/pages\/5207\/revisions"}],"predecessor-version":[{"id":6321,"href":"https:\/\/autoleasing.fi\/yrityksille\/wp-json\/wp\/v2\/pages\/5207\/revisions\/6321"}],"wp:attachment":[{"href":"https:\/\/autoleasing.fi\/yrityksille\/wp-json\/wp\/v2\/media?parent=5207"}],"curies":[{"name":"wp","href":"https:\/\/api.w.org\/{rel}","templated":true}]}}