{"id":4957,"date":"2023-05-26T17:35:45","date_gmt":"2023-05-26T14:35:45","guid":{"rendered":"https:\/\/autoleasing.fi\/yrityksille\/?page_id=4957"},"modified":"2023-06-01T18:36:06","modified_gmt":"2023-06-01T15:36:06","slug":"leasingauton-palautus","status":"publish","type":"page","link":"https:\/\/autoleasing.fi\/yrityksille\/autoilijalle\/leasingauton-palautus\/","title":{"rendered":"Leasingauton palautus"},"content":{"rendered":"\n<div class=\"wp-block-group row is-layout-flow wp-block-group-is-layout-flow\">\n<div class=\"wp-block-group site-content has-global-padding is-layout-constrained wp-block-group-is-layout-constrained\">\n<div class=\"wp-block-columns is-layout-flex wp-container-core-columns-is-layout-28f84493 wp-block-columns-is-layout-flex\">\n<div class=\"wp-block-column is-layout-flow wp-block-column-is-layout-flow\" style=\"flex-basis:66.66%\">\n<h2 class=\"wp-block-heading\">Muista n\u00e4m\u00e4 palauttaessasi autoa<\/h2>\n\n\n\n<p>Palautuksen yhteydess\u00e4 tarkistetaan auton palautuskunto sek\u00e4 autoon kuuluvat varusteet.<\/p>\n\n\n\n<p><strong>Muista ottaa mukaan:<\/strong><\/p>\n\n\n\n<ul class=\"wp-block-list\">\n<li>kaikki auton avaimet<\/li>\n\n\n\n<li>autoon kuuluvat renkaat (kes\u00e4- ja talvirenkaat pultteineen)<\/li>\n\n\n\n<li>p\u00f6lykapselit<\/li>\n\n\n\n<li>lohkol\u00e4mmittimen johdon<\/li>\n\n\n\n<li>radion ja mahdollisen varkaudenestoj\u00e4rjestelm\u00e4n koodit sek\u00e4 kaukos\u00e4\u00e4timet<\/li>\n\n\n\n<li>auton asiapaperit<\/li>\n\n\n\n<li>k\u00e4ytt\u00f6ohjekirjat<\/li>\n\n\n\n<li>ty\u00f6kalut<\/li>\n<\/ul>\n\n\n\n<p>Puuttuvien varusteiden osalta tulisi olla suoraan yhteydess\u00e4 palautustarkastajaan ja sopia varusteiden palauttamisesta. Palautuksen tulisi tapahtua viikon kuluessa auton palautushetkest\u00e4.<\/p>\n<\/div>\n\n\n\n<div class=\"wp-block-column is-layout-flow wp-block-column-is-layout-flow\" style=\"flex-basis:33.33%\"><\/div>\n<\/div>\n<\/div>\n<\/div>\n","protected":false},"excerpt":{"rendered":"<p>Muista n\u00e4m\u00e4 palauttaessasi autoa Palautuksen yhteydess\u00e4 tarkistetaan auton palautuskunto sek\u00e4 autoon kuuluvat varusteet. Muista ottaa mukaan: Puuttuvien varusteiden osalta tulisi olla suoraan yhteydess\u00e4 palautustarkastajaan ja sopia varusteiden palauttamisesta. Palautuksen tulisi tapahtua viikon kuluessa auton palautushetkest\u00e4.<\/p>\n","protected":false},"author":1,"featured_media":5375,"parent":4464,"menu_order":0,"comment_status":"closed","ping_status":"closed","template":"page-templates\/page-with-icons.php","meta":{"_acf_changed":false,"footnotes":""},"class_list":["post-4957","page","type-page","status-publish","has-post-thumbnail","hentry"],"acf":[],"yoast_head":"<!-- This site is optimized with the Yoast SEO plugin v27.2 - https:\/\/yoast.com\/product\/yoast-seo-wordpress\/ -->\n<title>Leasingauton palautus - Autoleasing \u2013 Yrityksille<\/title>\n<meta name=\"robots\" content=\"index, follow, max-snippet:-1, max-image-preview:large, max-video-preview:-1\" \/>\n<link rel=\"canonical\" href=\"https:\/\/autoleasing.fi\/yrityksille\/autoilijalle\/leasingauton-palautus\/\" \/>\n<meta property=\"og:locale\" content=\"fi_FI\" \/>\n<meta property=\"og:type\" content=\"article\" \/>\n<meta property=\"og:title\" content=\"Leasingauton palautus - Autoleasing \u2013 Yrityksille\" \/>\n<meta property=\"og:description\" content=\"Muista n\u00e4m\u00e4 palauttaessasi autoa Palautuksen yhteydess\u00e4 tarkistetaan auton palautuskunto sek\u00e4 autoon kuuluvat varusteet. Muista ottaa mukaan: Puuttuvien varusteiden osalta tulisi olla suoraan yhteydess\u00e4 palautustarkastajaan ja sopia varusteiden palauttamisesta. Palautuksen tulisi tapahtua viikon kuluessa auton palautushetkest\u00e4.\" \/>\n<meta property=\"og:url\" content=\"https:\/\/autoleasing.fi\/yrityksille\/autoilijalle\/leasingauton-palautus\/\" \/>\n<meta property=\"og:site_name\" content=\"Autoleasing \u2013 Yrityksille\" \/>\n<meta property=\"article:modified_time\" content=\"2023-06-01T15:36:06+00:00\" \/>\n<meta property=\"og:image\" content=\"https:\/\/autoleasing.fi\/yrityksille\/wp-content\/uploads\/2023\/05\/portrait-of-smiling-bearded-man-on-the-beach-1.jpg\" \/>\n\t<meta property=\"og:image:width\" content=\"1600\" \/>\n\t<meta property=\"og:image:height\" content=\"1067\" \/>\n\t<meta property=\"og:image:type\" content=\"image\/jpeg\" \/>\n<meta name=\"twitter:card\" content=\"summary_large_image\" \/>\n<script type=\"application\/ld+json\" class=\"yoast-schema-graph\">{\"@context\":\"https:\/\/schema.org\",\"@graph\":[{\"@type\":\"WebPage\",\"@id\":\"https:\/\/autoleasing.fi\/yrityksille\/autoilijalle\/leasingauton-palautus\/\",\"url\":\"https:\/\/autoleasing.fi\/yrityksille\/autoilijalle\/leasingauton-palautus\/\",\"name\":\"Leasingauton palautus - Autoleasing \u2013 Yrityksille\",\"isPartOf\":{\"@id\":\"https:\/\/autoleasing.fi\/yrityksille\/#website\"},\"primaryImageOfPage\":{\"@id\":\"https:\/\/autoleasing.fi\/yrityksille\/autoilijalle\/leasingauton-palautus\/#primaryimage\"},\"image\":{\"@id\":\"https:\/\/autoleasing.fi\/yrityksille\/autoilijalle\/leasingauton-palautus\/#primaryimage\"},\"thumbnailUrl\":\"https:\/\/autoleasing.fi\/yrityksille\/wp-content\/uploads\/2023\/05\/portrait-of-smiling-bearded-man-on-the-beach-1.jpg\",\"datePublished\":\"2023-05-26T14:35:45+00:00\",\"dateModified\":\"2023-06-01T15:36:06+00:00\",\"breadcrumb\":{\"@id\":\"https:\/\/autoleasing.fi\/yrityksille\/autoilijalle\/leasingauton-palautus\/#breadcrumb\"},\"inLanguage\":\"fi\",\"potentialAction\":[{\"@type\":\"ReadAction\",\"target\":[\"https:\/\/autoleasing.fi\/yrityksille\/autoilijalle\/leasingauton-palautus\/\"]}]},{\"@type\":\"ImageObject\",\"inLanguage\":\"fi\",\"@id\":\"https:\/\/autoleasing.fi\/yrityksille\/autoilijalle\/leasingauton-palautus\/#primaryimage\",\"url\":\"https:\/\/autoleasing.fi\/yrityksille\/wp-content\/uploads\/2023\/05\/portrait-of-smiling-bearded-man-on-the-beach-1.jpg\",\"contentUrl\":\"https:\/\/autoleasing.fi\/yrityksille\/wp-content\/uploads\/2023\/05\/portrait-of-smiling-bearded-man-on-the-beach-1.jpg\",\"width\":1600,\"height\":1067},{\"@type\":\"BreadcrumbList\",\"@id\":\"https:\/\/autoleasing.fi\/yrityksille\/autoilijalle\/leasingauton-palautus\/#breadcrumb\",\"itemListElement\":[{\"@type\":\"ListItem\",\"position\":1,\"name\":\"Etusivu\",\"item\":\"https:\/\/autoleasing.fi\/yrityksille\/\"},{\"@type\":\"ListItem\",\"position\":2,\"name\":\"Autoilijalle\",\"item\":\"https:\/\/autoleasing.fi\/yrityksille\/autoilijalle\/\"},{\"@type\":\"ListItem\",\"position\":3,\"name\":\"Leasingauton palautus\"}]},{\"@type\":\"WebSite\",\"@id\":\"https:\/\/autoleasing.fi\/yrityksille\/#website\",\"url\":\"https:\/\/autoleasing.fi\/yrityksille\/\",\"name\":\"Autoleasing \u2013 Yrityksille\",\"description\":\"\",\"publisher\":{\"@id\":\"https:\/\/autoleasing.fi\/yrityksille\/#organization\"},\"potentialAction\":[{\"@type\":\"SearchAction\",\"target\":{\"@type\":\"EntryPoint\",\"urlTemplate\":\"https:\/\/autoleasing.fi\/yrityksille\/?s={search_term_string}\"},\"query-input\":{\"@type\":\"PropertyValueSpecification\",\"valueRequired\":true,\"valueName\":\"search_term_string\"}}],\"inLanguage\":\"fi\"},{\"@type\":\"Organization\",\"@id\":\"https:\/\/autoleasing.fi\/yrityksille\/#organization\",\"name\":\"Autoleasing \u2013 Yrityksille\",\"url\":\"https:\/\/autoleasing.fi\/yrityksille\/\",\"logo\":{\"@type\":\"ImageObject\",\"inLanguage\":\"fi\",\"@id\":\"https:\/\/autoleasing.fi\/yrityksille\/#\/schema\/logo\/image\/\",\"url\":\"https:\/\/autoleasing.fi\/yrityksille\/wp-content\/uploads\/2023\/05\/happy-young-woman-looking-out-of-car-window-2.jpg\",\"contentUrl\":\"https:\/\/autoleasing.fi\/yrityksille\/wp-content\/uploads\/2023\/05\/happy-young-woman-looking-out-of-car-window-2.jpg\",\"width\":1600,\"height\":1157,\"caption\":\"Autoleasing \u2013 Yrityksille\"},\"image\":{\"@id\":\"https:\/\/autoleasing.fi\/yrityksille\/#\/schema\/logo\/image\/\"},\"sameAs\":[\"https:\/\/fi.linkedin.com\/company\/nffleetfinland\"]}]}<\/script>\n<!-- \/ Yoast SEO plugin. -->","yoast_head_json":{"title":"Leasingauton palautus - Autoleasing \u2013 Yrityksille","robots":{"index":"index","follow":"follow","max-snippet":"max-snippet:-1","max-image-preview":"max-image-preview:large","max-video-preview":"max-video-preview:-1"},"canonical":"https:\/\/autoleasing.fi\/yrityksille\/autoilijalle\/leasingauton-palautus\/","og_locale":"fi_FI","og_type":"article","og_title":"Leasingauton palautus - Autoleasing \u2013 Yrityksille","og_description":"Muista n\u00e4m\u00e4 palauttaessasi autoa Palautuksen yhteydess\u00e4 tarkistetaan auton palautuskunto sek\u00e4 autoon kuuluvat varusteet. Muista ottaa mukaan: Puuttuvien varusteiden osalta tulisi olla suoraan yhteydess\u00e4 palautustarkastajaan ja sopia varusteiden palauttamisesta. Palautuksen tulisi tapahtua viikon kuluessa auton palautushetkest\u00e4.","og_url":"https:\/\/autoleasing.fi\/yrityksille\/autoilijalle\/leasingauton-palautus\/","og_site_name":"Autoleasing \u2013 Yrityksille","article_modified_time":"2023-06-01T15:36:06+00:00","og_image":[{"width":1600,"height":1067,"url":"https:\/\/autoleasing.fi\/yrityksille\/wp-content\/uploads\/2023\/05\/portrait-of-smiling-bearded-man-on-the-beach-1.jpg","type":"image\/jpeg"}],"twitter_card":"summary_large_image","schema":{"@context":"https:\/\/schema.org","@graph":[{"@type":"WebPage","@id":"https:\/\/autoleasing.fi\/yrityksille\/autoilijalle\/leasingauton-palautus\/","url":"https:\/\/autoleasing.fi\/yrityksille\/autoilijalle\/leasingauton-palautus\/","name":"Leasingauton palautus - Autoleasing \u2013 Yrityksille","isPartOf":{"@id":"https:\/\/autoleasing.fi\/yrityksille\/#website"},"primaryImageOfPage":{"@id":"https:\/\/autoleasing.fi\/yrityksille\/autoilijalle\/leasingauton-palautus\/#primaryimage"},"image":{"@id":"https:\/\/autoleasing.fi\/yrityksille\/autoilijalle\/leasingauton-palautus\/#primaryimage"},"thumbnailUrl":"https:\/\/autoleasing.fi\/yrityksille\/wp-content\/uploads\/2023\/05\/portrait-of-smiling-bearded-man-on-the-beach-1.jpg","datePublished":"2023-05-26T14:35:45+00:00","dateModified":"2023-06-01T15:36:06+00:00","breadcrumb":{"@id":"https:\/\/autoleasing.fi\/yrityksille\/autoilijalle\/leasingauton-palautus\/#breadcrumb"},"inLanguage":"fi","potentialAction":[{"@type":"ReadAction","target":["https:\/\/autoleasing.fi\/yrityksille\/autoilijalle\/leasingauton-palautus\/"]}]},{"@type":"ImageObject","inLanguage":"fi","@id":"https:\/\/autoleasing.fi\/yrityksille\/autoilijalle\/leasingauton-palautus\/#primaryimage","url":"https:\/\/autoleasing.fi\/yrityksille\/wp-content\/uploads\/2023\/05\/portrait-of-smiling-bearded-man-on-the-beach-1.jpg","contentUrl":"https:\/\/autoleasing.fi\/yrityksille\/wp-content\/uploads\/2023\/05\/portrait-of-smiling-bearded-man-on-the-beach-1.jpg","width":1600,"height":1067},{"@type":"BreadcrumbList","@id":"https:\/\/autoleasing.fi\/yrityksille\/autoilijalle\/leasingauton-palautus\/#breadcrumb","itemListElement":[{"@type":"ListItem","position":1,"name":"Etusivu","item":"https:\/\/autoleasing.fi\/yrityksille\/"},{"@type":"ListItem","position":2,"name":"Autoilijalle","item":"https:\/\/autoleasing.fi\/yrityksille\/autoilijalle\/"},{"@type":"ListItem","position":3,"name":"Leasingauton palautus"}]},{"@type":"WebSite","@id":"https:\/\/autoleasing.fi\/yrityksille\/#website","url":"https:\/\/autoleasing.fi\/yrityksille\/","name":"Autoleasing \u2013 Yrityksille","description":"","publisher":{"@id":"https:\/\/autoleasing.fi\/yrityksille\/#organization"},"potentialAction":[{"@type":"SearchAction","target":{"@type":"EntryPoint","urlTemplate":"https:\/\/autoleasing.fi\/yrityksille\/?s={search_term_string}"},"query-input":{"@type":"PropertyValueSpecification","valueRequired":true,"valueName":"search_term_string"}}],"inLanguage":"fi"},{"@type":"Organization","@id":"https:\/\/autoleasing.fi\/yrityksille\/#organization","name":"Autoleasing \u2013 Yrityksille","url":"https:\/\/autoleasing.fi\/yrityksille\/","logo":{"@type":"ImageObject","inLanguage":"fi","@id":"https:\/\/autoleasing.fi\/yrityksille\/#\/schema\/logo\/image\/","url":"https:\/\/autoleasing.fi\/yrityksille\/wp-content\/uploads\/2023\/05\/happy-young-woman-looking-out-of-car-window-2.jpg","contentUrl":"https:\/\/autoleasing.fi\/yrityksille\/wp-content\/uploads\/2023\/05\/happy-young-woman-looking-out-of-car-window-2.jpg","width":1600,"height":1157,"caption":"Autoleasing \u2013 Yrityksille"},"image":{"@id":"https:\/\/autoleasing.fi\/yrityksille\/#\/schema\/logo\/image\/"},"sameAs":["https:\/\/fi.linkedin.com\/company\/nffleetfinland"]}]}},"_links":{"self":[{"href":"https:\/\/autoleasing.fi\/yrityksille\/wp-json\/wp\/v2\/pages\/4957","targetHints":{"allow":["GET"]}}],"collection":[{"href":"https:\/\/autoleasing.fi\/yrityksille\/wp-json\/wp\/v2\/pages"}],"about":[{"href":"https:\/\/autoleasing.fi\/yrityksille\/wp-json\/wp\/v2\/types\/page"}],"author":[{"embeddable":true,"href":"https:\/\/autoleasing.fi\/yrityksille\/wp-json\/wp\/v2\/users\/1"}],"replies":[{"embeddable":true,"href":"https:\/\/autoleasing.fi\/yrityksille\/wp-json\/wp\/v2\/comments?post=4957"}],"version-history":[{"count":14,"href":"https:\/\/autoleasing.fi\/yrityksille\/wp-json\/wp\/v2\/pages\/4957\/revisions"}],"predecessor-version":[{"id":5462,"href":"https:\/\/autoleasing.fi\/yrityksille\/wp-json\/wp\/v2\/pages\/4957\/revisions\/5462"}],"up":[{"embeddable":true,"href":"https:\/\/autoleasing.fi\/yrityksille\/wp-json\/wp\/v2\/pages\/4464"}],"wp:featuredmedia":[{"embeddable":true,"href":"https:\/\/autoleasing.fi\/yrityksille\/wp-json\/wp\/v2\/media\/5375"}],"wp:attachment":[{"href":"https:\/\/autoleasing.fi\/yrityksille\/wp-json\/wp\/v2\/media?parent=4957"}],"curies":[{"name":"wp","href":"https:\/\/api.w.org\/{rel}","templated":true}]}}