{"id":4928,"date":"2023-05-26T17:12:24","date_gmt":"2023-05-26T14:12:24","guid":{"rendered":"https:\/\/autoleasing.fi\/yrityksille\/?page_id=4928"},"modified":"2023-06-15T14:13:18","modified_gmt":"2023-06-15T11:13:18","slug":"sijais-ja-odotusautopalvelu","status":"publish","type":"page","link":"https:\/\/autoleasing.fi\/yrityksille\/lisapalvelut\/sijais-ja-odotusautopalvelu\/","title":{"rendered":"Sijais- ja odotusautopalvelu"},"content":{"rendered":"\n<div class=\"wp-block-group row is-layout-flow wp-block-group-is-layout-flow\">\n<div class=\"wp-block-group site-content is-layout-flow wp-block-group-is-layout-flow\">\n<h2 class=\"wp-block-heading\">Sijaisauto huoltojen ja korjausten ajaksi<\/h2>\n\n\n\n<p>Leasingsopimuksestasi riippuen voit saada A-kategorian sijaisauton veloituksetta vuorokauden ajaksi k\u00e4ytt\u00f6\u00f6n esimerkiksi m\u00e4\u00e4r\u00e4aikaishuollon tai teknisen korjauksen yhteydess\u00e4 (Maksimiajo: 100 km\/p\u00e4iv\u00e4). Vaurio- ja kolarikorjaustapauksissa saat sijaisauton k\u00e4ytt\u00f6\u00f6si edullisin, valmiiksi neuvotelluin nettohinnoin. Varmistathan <a href=\"https:\/\/autoleasing.fi\/yrityksille\/nf-fleet\/yhteystiedot\/\" data-type=\"page\" data-id=\"4487\">asiakaspalvelustamme<\/a> aina ennen sijaisauton vuokrausta kuuluuko veloitukseton sijaisauto leasingsopimukseesi. Voit tilata Sijaisauton my\u00f6s erillisen\u00e4 lis\u00e4palveluna.<\/p>\n\n\n\n<div class=\"wp-block-buttons is-layout-flex wp-block-buttons-is-layout-flex\">\n<div class=\"wp-block-button popup\"><a class=\"wp-block-button__link wp-element-button\" href=\"#yhteydenotto\">Ota yhteytt\u00e4<\/a><\/div>\n<\/div>\n<\/div>\n<\/div>\n\n\n\n<h2 class=\"wp-block-heading\">Odotusauto uuden leasingauton toimitusajaksi<\/h2>\n\n\n\n<p>Tarvittaessa tarjoamme k\u00e4ytt\u00f6\u00f6si odotusauton kunnes tilaamasi leasingauto toimitetaan tehtaalta. Odotusauton vuokrasta sovitaan autokohtaisesti, eik\u00e4 sill\u00e4 ajaminen v\u00e4henn\u00e4 varsinaisen leasingsopimuksen vuokra-aikaa tai sallittua kokonaisajokilometrim\u00e4\u00e4r\u00e4\u00e4. Sovi odotusautopalvelusta yhteyshenkil\u00f6si kanssa uuden auton tilauksen yhteydess\u00e4.<\/p>\n\n\n\n<p>Sijais- ja odotusautopalvelumme autot v\u00e4litt\u00e4v\u00e4t yhteisty\u00f6kumppanimme Europcar ja Hertz.<\/p>\n\n\n\n<h3 class=\"wp-block-heading\">Europcar<\/h3>\n\n\n\n<p>Puhelin&nbsp;<a href=\"tel:0403062520\">0403 062 520<\/a><br><a href=\"mailto:sijaisautopalvelut@europcar.fi\">sijaisautopalvelut@europcar.fi<\/a><br><a href=\"https:\/\/www.europcar.fi\" data-type=\"URL\" data-id=\"https:\/\/www.europcar.fi\" target=\"_blank\" rel=\"noreferrer noopener\">www.europcar.fi<\/a><\/p>\n\n\n\n<h3 class=\"wp-block-heading\">Hertz<\/h3>\n\n\n\n<p>Puhelin&nbsp;<a href=\"tel:0205552228\">020 555 2228<\/a><br><a href=\"mailto:nffleetsijaisautot@hertz.fi\">nffleetsijaisautot@hertz.fi<\/a><br><a href=\"http:\/\/www.hertz.fi\" data-type=\"URL\" data-id=\"www.hertz.fi\" target=\"_blank\" rel=\"noreferrer noopener\">www.hertz.fi<\/a><\/p>\n","protected":false},"excerpt":{"rendered":"<p>Sijaisauto huoltojen ja korjausten ajaksi Leasingsopimuksestasi riippuen voit saada A-kategorian sijaisauton veloituksetta vuorokauden ajaksi k\u00e4ytt\u00f6\u00f6n esimerkiksi m\u00e4\u00e4r\u00e4aikaishuollon tai teknisen korjauksen yhteydess\u00e4 (Maksimiajo: 100 km\/p\u00e4iv\u00e4). Vaurio- ja kolarikorjaustapauksissa saat sijaisauton k\u00e4ytt\u00f6\u00f6si edullisin, valmiiksi neuvotelluin nettohinnoin. Varmistathan asiakaspalvelustamme aina ennen sijaisauton vuokrausta kuuluuko veloitukseton sijaisauto leasingsopimukseesi. Voit tilata Sijaisauton my\u00f6s erillisen\u00e4 lis\u00e4palveluna. Odotusauto uuden leasingauton toimitusajaksi Tarvittaessa [&hellip;]<\/p>\n","protected":false},"author":1,"featured_media":5289,"parent":4600,"menu_order":0,"comment_status":"closed","ping_status":"closed","template":"page-templates\/additional-services.php","meta":{"_acf_changed":false,"footnotes":""},"class_list":["post-4928","page","type-page","status-publish","has-post-thumbnail","hentry"],"acf":[],"yoast_head":"<!-- This site is optimized with the Yoast SEO plugin v27.2 - https:\/\/yoast.com\/product\/yoast-seo-wordpress\/ -->\n<title>Sijais- ja odotusautopalvelu - Autoleasing \u2013 Yrityksille<\/title>\n<meta name=\"robots\" content=\"index, follow, max-snippet:-1, max-image-preview:large, max-video-preview:-1\" \/>\n<link rel=\"canonical\" href=\"https:\/\/autoleasing.fi\/yrityksille\/lisapalvelut\/sijais-ja-odotusautopalvelu\/\" \/>\n<meta property=\"og:locale\" content=\"fi_FI\" \/>\n<meta property=\"og:type\" content=\"article\" \/>\n<meta property=\"og:title\" content=\"Sijais- ja odotusautopalvelu - Autoleasing \u2013 Yrityksille\" \/>\n<meta property=\"og:description\" content=\"Sijaisauto huoltojen ja korjausten ajaksi Leasingsopimuksestasi riippuen voit saada A-kategorian sijaisauton veloituksetta vuorokauden ajaksi k\u00e4ytt\u00f6\u00f6n esimerkiksi m\u00e4\u00e4r\u00e4aikaishuollon tai teknisen korjauksen yhteydess\u00e4 (Maksimiajo: 100 km\/p\u00e4iv\u00e4). Vaurio- ja kolarikorjaustapauksissa saat sijaisauton k\u00e4ytt\u00f6\u00f6si edullisin, valmiiksi neuvotelluin nettohinnoin. Varmistathan asiakaspalvelustamme aina ennen sijaisauton vuokrausta kuuluuko veloitukseton sijaisauto leasingsopimukseesi. Voit tilata Sijaisauton my\u00f6s erillisen\u00e4 lis\u00e4palveluna. Odotusauto uuden leasingauton toimitusajaksi Tarvittaessa [&hellip;]\" \/>\n<meta property=\"og:url\" content=\"https:\/\/autoleasing.fi\/yrityksille\/lisapalvelut\/sijais-ja-odotusautopalvelu\/\" \/>\n<meta property=\"og:site_name\" content=\"Autoleasing \u2013 Yrityksille\" \/>\n<meta property=\"article:modified_time\" content=\"2023-06-15T11:13:18+00:00\" \/>\n<meta property=\"og:image\" content=\"https:\/\/autoleasing.fi\/yrityksille\/wp-content\/uploads\/2023\/05\/handsome-man-driving-a-car-1.jpg\" \/>\n\t<meta property=\"og:image:width\" content=\"1600\" \/>\n\t<meta property=\"og:image:height\" content=\"1067\" \/>\n\t<meta property=\"og:image:type\" content=\"image\/jpeg\" \/>\n<meta name=\"twitter:card\" content=\"summary_large_image\" \/>\n<meta name=\"twitter:label1\" content=\"Arvioitu lukuaika\" \/>\n\t<meta name=\"twitter:data1\" content=\"1 minuutti\" \/>\n<script type=\"application\/ld+json\" class=\"yoast-schema-graph\">{\"@context\":\"https:\/\/schema.org\",\"@graph\":[{\"@type\":\"WebPage\",\"@id\":\"https:\/\/autoleasing.fi\/yrityksille\/lisapalvelut\/sijais-ja-odotusautopalvelu\/\",\"url\":\"https:\/\/autoleasing.fi\/yrityksille\/lisapalvelut\/sijais-ja-odotusautopalvelu\/\",\"name\":\"Sijais- ja odotusautopalvelu - Autoleasing \u2013 Yrityksille\",\"isPartOf\":{\"@id\":\"https:\/\/autoleasing.fi\/yrityksille\/#website\"},\"primaryImageOfPage\":{\"@id\":\"https:\/\/autoleasing.fi\/yrityksille\/lisapalvelut\/sijais-ja-odotusautopalvelu\/#primaryimage\"},\"image\":{\"@id\":\"https:\/\/autoleasing.fi\/yrityksille\/lisapalvelut\/sijais-ja-odotusautopalvelu\/#primaryimage\"},\"thumbnailUrl\":\"https:\/\/autoleasing.fi\/yrityksille\/wp-content\/uploads\/2023\/05\/handsome-man-driving-a-car-1.jpg\",\"datePublished\":\"2023-05-26T14:12:24+00:00\",\"dateModified\":\"2023-06-15T11:13:18+00:00\",\"breadcrumb\":{\"@id\":\"https:\/\/autoleasing.fi\/yrityksille\/lisapalvelut\/sijais-ja-odotusautopalvelu\/#breadcrumb\"},\"inLanguage\":\"fi\",\"potentialAction\":[{\"@type\":\"ReadAction\",\"target\":[\"https:\/\/autoleasing.fi\/yrityksille\/lisapalvelut\/sijais-ja-odotusautopalvelu\/\"]}]},{\"@type\":\"ImageObject\",\"inLanguage\":\"fi\",\"@id\":\"https:\/\/autoleasing.fi\/yrityksille\/lisapalvelut\/sijais-ja-odotusautopalvelu\/#primaryimage\",\"url\":\"https:\/\/autoleasing.fi\/yrityksille\/wp-content\/uploads\/2023\/05\/handsome-man-driving-a-car-1.jpg\",\"contentUrl\":\"https:\/\/autoleasing.fi\/yrityksille\/wp-content\/uploads\/2023\/05\/handsome-man-driving-a-car-1.jpg\",\"width\":1600,\"height\":1067,\"caption\":\"Handsome man driving a car\"},{\"@type\":\"BreadcrumbList\",\"@id\":\"https:\/\/autoleasing.fi\/yrityksille\/lisapalvelut\/sijais-ja-odotusautopalvelu\/#breadcrumb\",\"itemListElement\":[{\"@type\":\"ListItem\",\"position\":1,\"name\":\"Etusivu\",\"item\":\"https:\/\/autoleasing.fi\/yrityksille\/\"},{\"@type\":\"ListItem\",\"position\":2,\"name\":\"Lis\u00e4palvelut\",\"item\":\"https:\/\/autoleasing.fi\/yrityksille\/lisapalvelut\/\"},{\"@type\":\"ListItem\",\"position\":3,\"name\":\"Sijais- ja odotusautopalvelu\"}]},{\"@type\":\"WebSite\",\"@id\":\"https:\/\/autoleasing.fi\/yrityksille\/#website\",\"url\":\"https:\/\/autoleasing.fi\/yrityksille\/\",\"name\":\"Autoleasing \u2013 Yrityksille\",\"description\":\"\",\"publisher\":{\"@id\":\"https:\/\/autoleasing.fi\/yrityksille\/#organization\"},\"potentialAction\":[{\"@type\":\"SearchAction\",\"target\":{\"@type\":\"EntryPoint\",\"urlTemplate\":\"https:\/\/autoleasing.fi\/yrityksille\/?s={search_term_string}\"},\"query-input\":{\"@type\":\"PropertyValueSpecification\",\"valueRequired\":true,\"valueName\":\"search_term_string\"}}],\"inLanguage\":\"fi\"},{\"@type\":\"Organization\",\"@id\":\"https:\/\/autoleasing.fi\/yrityksille\/#organization\",\"name\":\"Autoleasing \u2013 Yrityksille\",\"url\":\"https:\/\/autoleasing.fi\/yrityksille\/\",\"logo\":{\"@type\":\"ImageObject\",\"inLanguage\":\"fi\",\"@id\":\"https:\/\/autoleasing.fi\/yrityksille\/#\/schema\/logo\/image\/\",\"url\":\"https:\/\/autoleasing.fi\/yrityksille\/wp-content\/uploads\/2023\/05\/happy-young-woman-looking-out-of-car-window-2.jpg\",\"contentUrl\":\"https:\/\/autoleasing.fi\/yrityksille\/wp-content\/uploads\/2023\/05\/happy-young-woman-looking-out-of-car-window-2.jpg\",\"width\":1600,\"height\":1157,\"caption\":\"Autoleasing \u2013 Yrityksille\"},\"image\":{\"@id\":\"https:\/\/autoleasing.fi\/yrityksille\/#\/schema\/logo\/image\/\"},\"sameAs\":[\"https:\/\/fi.linkedin.com\/company\/nffleetfinland\"]}]}<\/script>\n<!-- \/ Yoast SEO plugin. -->","yoast_head_json":{"title":"Sijais- ja odotusautopalvelu - Autoleasing \u2013 Yrityksille","robots":{"index":"index","follow":"follow","max-snippet":"max-snippet:-1","max-image-preview":"max-image-preview:large","max-video-preview":"max-video-preview:-1"},"canonical":"https:\/\/autoleasing.fi\/yrityksille\/lisapalvelut\/sijais-ja-odotusautopalvelu\/","og_locale":"fi_FI","og_type":"article","og_title":"Sijais- ja odotusautopalvelu - Autoleasing \u2013 Yrityksille","og_description":"Sijaisauto huoltojen ja korjausten ajaksi Leasingsopimuksestasi riippuen voit saada A-kategorian sijaisauton veloituksetta vuorokauden ajaksi k\u00e4ytt\u00f6\u00f6n esimerkiksi m\u00e4\u00e4r\u00e4aikaishuollon tai teknisen korjauksen yhteydess\u00e4 (Maksimiajo: 100 km\/p\u00e4iv\u00e4). Vaurio- ja kolarikorjaustapauksissa saat sijaisauton k\u00e4ytt\u00f6\u00f6si edullisin, valmiiksi neuvotelluin nettohinnoin. Varmistathan asiakaspalvelustamme aina ennen sijaisauton vuokrausta kuuluuko veloitukseton sijaisauto leasingsopimukseesi. Voit tilata Sijaisauton my\u00f6s erillisen\u00e4 lis\u00e4palveluna. Odotusauto uuden leasingauton toimitusajaksi Tarvittaessa [&hellip;]","og_url":"https:\/\/autoleasing.fi\/yrityksille\/lisapalvelut\/sijais-ja-odotusautopalvelu\/","og_site_name":"Autoleasing \u2013 Yrityksille","article_modified_time":"2023-06-15T11:13:18+00:00","og_image":[{"width":1600,"height":1067,"url":"https:\/\/autoleasing.fi\/yrityksille\/wp-content\/uploads\/2023\/05\/handsome-man-driving-a-car-1.jpg","type":"image\/jpeg"}],"twitter_card":"summary_large_image","twitter_misc":{"Arvioitu lukuaika":"1 minuutti"},"schema":{"@context":"https:\/\/schema.org","@graph":[{"@type":"WebPage","@id":"https:\/\/autoleasing.fi\/yrityksille\/lisapalvelut\/sijais-ja-odotusautopalvelu\/","url":"https:\/\/autoleasing.fi\/yrityksille\/lisapalvelut\/sijais-ja-odotusautopalvelu\/","name":"Sijais- ja odotusautopalvelu - Autoleasing \u2013 Yrityksille","isPartOf":{"@id":"https:\/\/autoleasing.fi\/yrityksille\/#website"},"primaryImageOfPage":{"@id":"https:\/\/autoleasing.fi\/yrityksille\/lisapalvelut\/sijais-ja-odotusautopalvelu\/#primaryimage"},"image":{"@id":"https:\/\/autoleasing.fi\/yrityksille\/lisapalvelut\/sijais-ja-odotusautopalvelu\/#primaryimage"},"thumbnailUrl":"https:\/\/autoleasing.fi\/yrityksille\/wp-content\/uploads\/2023\/05\/handsome-man-driving-a-car-1.jpg","datePublished":"2023-05-26T14:12:24+00:00","dateModified":"2023-06-15T11:13:18+00:00","breadcrumb":{"@id":"https:\/\/autoleasing.fi\/yrityksille\/lisapalvelut\/sijais-ja-odotusautopalvelu\/#breadcrumb"},"inLanguage":"fi","potentialAction":[{"@type":"ReadAction","target":["https:\/\/autoleasing.fi\/yrityksille\/lisapalvelut\/sijais-ja-odotusautopalvelu\/"]}]},{"@type":"ImageObject","inLanguage":"fi","@id":"https:\/\/autoleasing.fi\/yrityksille\/lisapalvelut\/sijais-ja-odotusautopalvelu\/#primaryimage","url":"https:\/\/autoleasing.fi\/yrityksille\/wp-content\/uploads\/2023\/05\/handsome-man-driving-a-car-1.jpg","contentUrl":"https:\/\/autoleasing.fi\/yrityksille\/wp-content\/uploads\/2023\/05\/handsome-man-driving-a-car-1.jpg","width":1600,"height":1067,"caption":"Handsome man driving a car"},{"@type":"BreadcrumbList","@id":"https:\/\/autoleasing.fi\/yrityksille\/lisapalvelut\/sijais-ja-odotusautopalvelu\/#breadcrumb","itemListElement":[{"@type":"ListItem","position":1,"name":"Etusivu","item":"https:\/\/autoleasing.fi\/yrityksille\/"},{"@type":"ListItem","position":2,"name":"Lis\u00e4palvelut","item":"https:\/\/autoleasing.fi\/yrityksille\/lisapalvelut\/"},{"@type":"ListItem","position":3,"name":"Sijais- ja odotusautopalvelu"}]},{"@type":"WebSite","@id":"https:\/\/autoleasing.fi\/yrityksille\/#website","url":"https:\/\/autoleasing.fi\/yrityksille\/","name":"Autoleasing \u2013 Yrityksille","description":"","publisher":{"@id":"https:\/\/autoleasing.fi\/yrityksille\/#organization"},"potentialAction":[{"@type":"SearchAction","target":{"@type":"EntryPoint","urlTemplate":"https:\/\/autoleasing.fi\/yrityksille\/?s={search_term_string}"},"query-input":{"@type":"PropertyValueSpecification","valueRequired":true,"valueName":"search_term_string"}}],"inLanguage":"fi"},{"@type":"Organization","@id":"https:\/\/autoleasing.fi\/yrityksille\/#organization","name":"Autoleasing \u2013 Yrityksille","url":"https:\/\/autoleasing.fi\/yrityksille\/","logo":{"@type":"ImageObject","inLanguage":"fi","@id":"https:\/\/autoleasing.fi\/yrityksille\/#\/schema\/logo\/image\/","url":"https:\/\/autoleasing.fi\/yrityksille\/wp-content\/uploads\/2023\/05\/happy-young-woman-looking-out-of-car-window-2.jpg","contentUrl":"https:\/\/autoleasing.fi\/yrityksille\/wp-content\/uploads\/2023\/05\/happy-young-woman-looking-out-of-car-window-2.jpg","width":1600,"height":1157,"caption":"Autoleasing \u2013 Yrityksille"},"image":{"@id":"https:\/\/autoleasing.fi\/yrityksille\/#\/schema\/logo\/image\/"},"sameAs":["https:\/\/fi.linkedin.com\/company\/nffleetfinland"]}]}},"_links":{"self":[{"href":"https:\/\/autoleasing.fi\/yrityksille\/wp-json\/wp\/v2\/pages\/4928","targetHints":{"allow":["GET"]}}],"collection":[{"href":"https:\/\/autoleasing.fi\/yrityksille\/wp-json\/wp\/v2\/pages"}],"about":[{"href":"https:\/\/autoleasing.fi\/yrityksille\/wp-json\/wp\/v2\/types\/page"}],"author":[{"embeddable":true,"href":"https:\/\/autoleasing.fi\/yrityksille\/wp-json\/wp\/v2\/users\/1"}],"replies":[{"embeddable":true,"href":"https:\/\/autoleasing.fi\/yrityksille\/wp-json\/wp\/v2\/comments?post=4928"}],"version-history":[{"count":8,"href":"https:\/\/autoleasing.fi\/yrityksille\/wp-json\/wp\/v2\/pages\/4928\/revisions"}],"predecessor-version":[{"id":5522,"href":"https:\/\/autoleasing.fi\/yrityksille\/wp-json\/wp\/v2\/pages\/4928\/revisions\/5522"}],"up":[{"embeddable":true,"href":"https:\/\/autoleasing.fi\/yrityksille\/wp-json\/wp\/v2\/pages\/4600"}],"wp:featuredmedia":[{"embeddable":true,"href":"https:\/\/autoleasing.fi\/yrityksille\/wp-json\/wp\/v2\/media\/5289"}],"wp:attachment":[{"href":"https:\/\/autoleasing.fi\/yrityksille\/wp-json\/wp\/v2\/media?parent=4928"}],"curies":[{"name":"wp","href":"https:\/\/api.w.org\/{rel}","templated":true}]}}