{"id":4925,"date":"2023-05-26T17:11:41","date_gmt":"2023-05-26T14:11:41","guid":{"rendered":"https:\/\/autoleasing.fi\/yrityksille\/?page_id=4925"},"modified":"2023-06-15T14:09:40","modified_gmt":"2023-06-15T11:09:40","slug":"palveluauto","status":"publish","type":"page","link":"https:\/\/autoleasing.fi\/yrityksille\/lisapalvelut\/palveluauto\/","title":{"rendered":"Palveluauto"},"content":{"rendered":"\n<div class=\"wp-block-group row is-layout-flow wp-block-group-is-layout-flow\">\n<div class=\"wp-block-group site-content is-layout-flow wp-block-group-is-layout-flow\">\n<h2 class=\"wp-block-heading\">K\u00e4tev\u00e4 Palveluauto<\/h2>\n\n\n\n<p>Palveluauto on tilattavissa k\u00e4tev\u00e4sti ty\u00f6paikalle hoitamaan korjauksia silloin kun on kyse useamman auton yht\u00e4aikaisesta korjaustarpeesta. Palvelualueena on p\u00e4\u00e4kaupunkiseutu.<\/p>\n\n\n\n<h2 class=\"wp-block-heading\">Miss\u00e4 kaikessa Palveluauto auttaa?<\/h2>\n\n\n\n<p><strong>Kolhukorjauksissa<\/strong><\/p>\n\n\n\n<ul class=\"wp-block-list\">\n<li>Pienehk\u00f6t kolhut korjataan paikan p\u00e4\u00e4ll\u00e4 Palveluauton korjauskapasiteetin puitteissa<\/li>\n<\/ul>\n\n\n\n<p><strong>Tuulilasikorjauksissa<\/strong><\/p>\n\n\n\n<ul class=\"wp-block-list\">\n<li>Kiven- ja nastaniskem\u00e4t korjataan paikan p\u00e4\u00e4ll\u00e4<\/li>\n\n\n\n<li>Jos todetaan, ett\u00e4 lasi vaatii vaihdon, Palveluauton henkil\u00f6kunta tilaa lasin ja varaa lasinvaihtoajan<\/li>\n\n\n\n<li>Sijaisauton varaus lasinvaihdon ajalle tarvittaessa (sijaisautokustannus ilmoitetaan varausta tehdess\u00e4si)<\/li>\n<\/ul>\n\n\n\n<p><strong>Vahinkotarkastuksissa<\/strong><\/p>\n\n\n\n<ul class=\"wp-block-list\">\n<li>Vahinkoneuvonnassa<\/li>\n\n\n\n<li>Kolarivahingon vahinkotarkastuksessa<\/li>\n\n\n\n<li>Vahinkolaskelman tekemisess\u00e4 vakuutusyhti\u00f6lle<\/li>\n\n\n\n<li>Vahinkoilmoituksen tekemisess\u00e4 yhdess\u00e4 asiakkaan kanssa<\/li>\n\n\n\n<li>Sijaisauton k\u00e4ytt\u00f6tarveselvityksen tekemisess\u00e4 yhdess\u00e4 asiakkaan kanssa (sijaisautokustannus ilmoitetaan varausta tehdess\u00e4si)<\/li>\n\n\n\n<li>Varaosien tilauksessa korjattavaan autoon<\/li>\n\n\n\n<li>Sijaisauton j\u00e4rjest\u00e4misess\u00e4 ja varauksessa<\/li>\n\n\n\n<li>Tarvittaessa korjattavan auton noudon j\u00e4rjest\u00e4misess\u00e4<\/li>\n<\/ul>\n\n\n\n<p>Ota yhteytt\u00e4 jos sinulla on kysytt\u00e4v\u00e4\u00e4 Palveluautosta.<\/p>\n\n\n\n<div class=\"wp-block-buttons is-layout-flex wp-block-buttons-is-layout-flex\">\n<div class=\"wp-block-button popup\"><a class=\"wp-block-button__link wp-element-button\" href=\"#yhteydenotto\">Ota yhteytt\u00e4<\/a><\/div>\n<\/div>\n\n\n\n<h2 class=\"wp-block-heading\">Palveluauton tilaaminen ty\u00f6paikalle<\/h2>\n\n\n\n<p>Autoleasing-yritysasiakkaana voit tilata palveluauton ty\u00f6paikallesi n\u00e4in: T\u00e4yt\u00e4&nbsp;<a href=\"https:\/\/www.incar.fi\/palvelut\/palveluauto\/\" data-type=\"URL\" data-id=\"https:\/\/www.incar.fi\/palvelut\/palveluauto\/\" target=\"_blank\" rel=\"noreferrer noopener\">tilauslomake<\/a>&nbsp;tai soita numeroon&nbsp;<a href=\"tel:0300247247\">0300 247 247<\/a>. Muistathan, ett\u00e4 palvelu edellytt\u00e4\u00e4 useamman leasingauton korjaustarvetta yhdell\u00e4 k\u00e4ynnill\u00e4. Palveluautoa k\u00e4ytt\u00e4ess\u00e4si maksat vain suoritetuista korjauksista silloin kun auton vakuutus ei kata niit\u00e4. Palvelun tuottaa InCar Oy.<\/p>\n<\/div>\n<\/div>\n","protected":false},"excerpt":{"rendered":"<p>K\u00e4tev\u00e4 Palveluauto Palveluauto on tilattavissa k\u00e4tev\u00e4sti ty\u00f6paikalle hoitamaan korjauksia silloin kun on kyse useamman auton yht\u00e4aikaisesta korjaustarpeesta. Palvelualueena on p\u00e4\u00e4kaupunkiseutu. Miss\u00e4 kaikessa Palveluauto auttaa? Kolhukorjauksissa Tuulilasikorjauksissa Vahinkotarkastuksissa Ota yhteytt\u00e4 jos sinulla on kysytt\u00e4v\u00e4\u00e4 Palveluautosta. Palveluauton tilaaminen ty\u00f6paikalle Autoleasing-yritysasiakkaana voit tilata palveluauton ty\u00f6paikallesi n\u00e4in: T\u00e4yt\u00e4&nbsp;tilauslomake&nbsp;tai soita numeroon&nbsp;0300 247 247. Muistathan, ett\u00e4 palvelu edellytt\u00e4\u00e4 useamman leasingauton korjaustarvetta [&hellip;]<\/p>\n","protected":false},"author":1,"featured_media":5341,"parent":4600,"menu_order":0,"comment_status":"closed","ping_status":"closed","template":"page-templates\/additional-services.php","meta":{"_acf_changed":false,"footnotes":""},"class_list":["post-4925","page","type-page","status-publish","has-post-thumbnail","hentry"],"acf":[],"yoast_head":"<!-- This site is optimized with the Yoast SEO plugin v27.2 - https:\/\/yoast.com\/product\/yoast-seo-wordpress\/ -->\n<title>Palveluauto - Autoleasing \u2013 Yrityksille<\/title>\n<meta name=\"robots\" content=\"index, follow, max-snippet:-1, max-image-preview:large, max-video-preview:-1\" \/>\n<link rel=\"canonical\" href=\"https:\/\/autoleasing.fi\/yrityksille\/lisapalvelut\/palveluauto\/\" \/>\n<meta property=\"og:locale\" content=\"fi_FI\" \/>\n<meta property=\"og:type\" content=\"article\" \/>\n<meta property=\"og:title\" content=\"Palveluauto - Autoleasing \u2013 Yrityksille\" \/>\n<meta property=\"og:description\" content=\"K\u00e4tev\u00e4 Palveluauto Palveluauto on tilattavissa k\u00e4tev\u00e4sti ty\u00f6paikalle hoitamaan korjauksia silloin kun on kyse useamman auton yht\u00e4aikaisesta korjaustarpeesta. Palvelualueena on p\u00e4\u00e4kaupunkiseutu. Miss\u00e4 kaikessa Palveluauto auttaa? Kolhukorjauksissa Tuulilasikorjauksissa Vahinkotarkastuksissa Ota yhteytt\u00e4 jos sinulla on kysytt\u00e4v\u00e4\u00e4 Palveluautosta. Palveluauton tilaaminen ty\u00f6paikalle Autoleasing-yritysasiakkaana voit tilata palveluauton ty\u00f6paikallesi n\u00e4in: T\u00e4yt\u00e4&nbsp;tilauslomake&nbsp;tai soita numeroon&nbsp;0300 247 247. Muistathan, ett\u00e4 palvelu edellytt\u00e4\u00e4 useamman leasingauton korjaustarvetta [&hellip;]\" \/>\n<meta property=\"og:url\" content=\"https:\/\/autoleasing.fi\/yrityksille\/lisapalvelut\/palveluauto\/\" \/>\n<meta property=\"og:site_name\" content=\"Autoleasing \u2013 Yrityksille\" \/>\n<meta property=\"article:modified_time\" content=\"2023-06-15T11:09:40+00:00\" \/>\n<meta property=\"og:image\" content=\"https:\/\/autoleasing.fi\/yrityksille\/wp-content\/uploads\/2023\/05\/worker-driving-vehicle-on-construction-site-1.jpg\" \/>\n\t<meta property=\"og:image:width\" content=\"1600\" \/>\n\t<meta property=\"og:image:height\" content=\"1111\" \/>\n\t<meta property=\"og:image:type\" content=\"image\/jpeg\" \/>\n<meta name=\"twitter:card\" content=\"summary_large_image\" \/>\n<meta name=\"twitter:label1\" content=\"Arvioitu lukuaika\" \/>\n\t<meta name=\"twitter:data1\" content=\"1 minuutti\" \/>\n<script type=\"application\/ld+json\" class=\"yoast-schema-graph\">{\"@context\":\"https:\/\/schema.org\",\"@graph\":[{\"@type\":\"WebPage\",\"@id\":\"https:\/\/autoleasing.fi\/yrityksille\/lisapalvelut\/palveluauto\/\",\"url\":\"https:\/\/autoleasing.fi\/yrityksille\/lisapalvelut\/palveluauto\/\",\"name\":\"Palveluauto - Autoleasing \u2013 Yrityksille\",\"isPartOf\":{\"@id\":\"https:\/\/autoleasing.fi\/yrityksille\/#website\"},\"primaryImageOfPage\":{\"@id\":\"https:\/\/autoleasing.fi\/yrityksille\/lisapalvelut\/palveluauto\/#primaryimage\"},\"image\":{\"@id\":\"https:\/\/autoleasing.fi\/yrityksille\/lisapalvelut\/palveluauto\/#primaryimage\"},\"thumbnailUrl\":\"https:\/\/autoleasing.fi\/yrityksille\/wp-content\/uploads\/2023\/05\/worker-driving-vehicle-on-construction-site-1.jpg\",\"datePublished\":\"2023-05-26T14:11:41+00:00\",\"dateModified\":\"2023-06-15T11:09:40+00:00\",\"breadcrumb\":{\"@id\":\"https:\/\/autoleasing.fi\/yrityksille\/lisapalvelut\/palveluauto\/#breadcrumb\"},\"inLanguage\":\"fi\",\"potentialAction\":[{\"@type\":\"ReadAction\",\"target\":[\"https:\/\/autoleasing.fi\/yrityksille\/lisapalvelut\/palveluauto\/\"]}]},{\"@type\":\"ImageObject\",\"inLanguage\":\"fi\",\"@id\":\"https:\/\/autoleasing.fi\/yrityksille\/lisapalvelut\/palveluauto\/#primaryimage\",\"url\":\"https:\/\/autoleasing.fi\/yrityksille\/wp-content\/uploads\/2023\/05\/worker-driving-vehicle-on-construction-site-1.jpg\",\"contentUrl\":\"https:\/\/autoleasing.fi\/yrityksille\/wp-content\/uploads\/2023\/05\/worker-driving-vehicle-on-construction-site-1.jpg\",\"width\":1600,\"height\":1111},{\"@type\":\"BreadcrumbList\",\"@id\":\"https:\/\/autoleasing.fi\/yrityksille\/lisapalvelut\/palveluauto\/#breadcrumb\",\"itemListElement\":[{\"@type\":\"ListItem\",\"position\":1,\"name\":\"Etusivu\",\"item\":\"https:\/\/autoleasing.fi\/yrityksille\/\"},{\"@type\":\"ListItem\",\"position\":2,\"name\":\"Lis\u00e4palvelut\",\"item\":\"https:\/\/autoleasing.fi\/yrityksille\/lisapalvelut\/\"},{\"@type\":\"ListItem\",\"position\":3,\"name\":\"Palveluauto\"}]},{\"@type\":\"WebSite\",\"@id\":\"https:\/\/autoleasing.fi\/yrityksille\/#website\",\"url\":\"https:\/\/autoleasing.fi\/yrityksille\/\",\"name\":\"Autoleasing \u2013 Yrityksille\",\"description\":\"\",\"publisher\":{\"@id\":\"https:\/\/autoleasing.fi\/yrityksille\/#organization\"},\"potentialAction\":[{\"@type\":\"SearchAction\",\"target\":{\"@type\":\"EntryPoint\",\"urlTemplate\":\"https:\/\/autoleasing.fi\/yrityksille\/?s={search_term_string}\"},\"query-input\":{\"@type\":\"PropertyValueSpecification\",\"valueRequired\":true,\"valueName\":\"search_term_string\"}}],\"inLanguage\":\"fi\"},{\"@type\":\"Organization\",\"@id\":\"https:\/\/autoleasing.fi\/yrityksille\/#organization\",\"name\":\"Autoleasing \u2013 Yrityksille\",\"url\":\"https:\/\/autoleasing.fi\/yrityksille\/\",\"logo\":{\"@type\":\"ImageObject\",\"inLanguage\":\"fi\",\"@id\":\"https:\/\/autoleasing.fi\/yrityksille\/#\/schema\/logo\/image\/\",\"url\":\"https:\/\/autoleasing.fi\/yrityksille\/wp-content\/uploads\/2023\/05\/happy-young-woman-looking-out-of-car-window-2.jpg\",\"contentUrl\":\"https:\/\/autoleasing.fi\/yrityksille\/wp-content\/uploads\/2023\/05\/happy-young-woman-looking-out-of-car-window-2.jpg\",\"width\":1600,\"height\":1157,\"caption\":\"Autoleasing \u2013 Yrityksille\"},\"image\":{\"@id\":\"https:\/\/autoleasing.fi\/yrityksille\/#\/schema\/logo\/image\/\"},\"sameAs\":[\"https:\/\/fi.linkedin.com\/company\/nffleetfinland\"]}]}<\/script>\n<!-- \/ Yoast SEO plugin. -->","yoast_head_json":{"title":"Palveluauto - Autoleasing \u2013 Yrityksille","robots":{"index":"index","follow":"follow","max-snippet":"max-snippet:-1","max-image-preview":"max-image-preview:large","max-video-preview":"max-video-preview:-1"},"canonical":"https:\/\/autoleasing.fi\/yrityksille\/lisapalvelut\/palveluauto\/","og_locale":"fi_FI","og_type":"article","og_title":"Palveluauto - Autoleasing \u2013 Yrityksille","og_description":"K\u00e4tev\u00e4 Palveluauto Palveluauto on tilattavissa k\u00e4tev\u00e4sti ty\u00f6paikalle hoitamaan korjauksia silloin kun on kyse useamman auton yht\u00e4aikaisesta korjaustarpeesta. Palvelualueena on p\u00e4\u00e4kaupunkiseutu. Miss\u00e4 kaikessa Palveluauto auttaa? Kolhukorjauksissa Tuulilasikorjauksissa Vahinkotarkastuksissa Ota yhteytt\u00e4 jos sinulla on kysytt\u00e4v\u00e4\u00e4 Palveluautosta. Palveluauton tilaaminen ty\u00f6paikalle Autoleasing-yritysasiakkaana voit tilata palveluauton ty\u00f6paikallesi n\u00e4in: T\u00e4yt\u00e4&nbsp;tilauslomake&nbsp;tai soita numeroon&nbsp;0300 247 247. Muistathan, ett\u00e4 palvelu edellytt\u00e4\u00e4 useamman leasingauton korjaustarvetta [&hellip;]","og_url":"https:\/\/autoleasing.fi\/yrityksille\/lisapalvelut\/palveluauto\/","og_site_name":"Autoleasing \u2013 Yrityksille","article_modified_time":"2023-06-15T11:09:40+00:00","og_image":[{"width":1600,"height":1111,"url":"https:\/\/autoleasing.fi\/yrityksille\/wp-content\/uploads\/2023\/05\/worker-driving-vehicle-on-construction-site-1.jpg","type":"image\/jpeg"}],"twitter_card":"summary_large_image","twitter_misc":{"Arvioitu lukuaika":"1 minuutti"},"schema":{"@context":"https:\/\/schema.org","@graph":[{"@type":"WebPage","@id":"https:\/\/autoleasing.fi\/yrityksille\/lisapalvelut\/palveluauto\/","url":"https:\/\/autoleasing.fi\/yrityksille\/lisapalvelut\/palveluauto\/","name":"Palveluauto - Autoleasing \u2013 Yrityksille","isPartOf":{"@id":"https:\/\/autoleasing.fi\/yrityksille\/#website"},"primaryImageOfPage":{"@id":"https:\/\/autoleasing.fi\/yrityksille\/lisapalvelut\/palveluauto\/#primaryimage"},"image":{"@id":"https:\/\/autoleasing.fi\/yrityksille\/lisapalvelut\/palveluauto\/#primaryimage"},"thumbnailUrl":"https:\/\/autoleasing.fi\/yrityksille\/wp-content\/uploads\/2023\/05\/worker-driving-vehicle-on-construction-site-1.jpg","datePublished":"2023-05-26T14:11:41+00:00","dateModified":"2023-06-15T11:09:40+00:00","breadcrumb":{"@id":"https:\/\/autoleasing.fi\/yrityksille\/lisapalvelut\/palveluauto\/#breadcrumb"},"inLanguage":"fi","potentialAction":[{"@type":"ReadAction","target":["https:\/\/autoleasing.fi\/yrityksille\/lisapalvelut\/palveluauto\/"]}]},{"@type":"ImageObject","inLanguage":"fi","@id":"https:\/\/autoleasing.fi\/yrityksille\/lisapalvelut\/palveluauto\/#primaryimage","url":"https:\/\/autoleasing.fi\/yrityksille\/wp-content\/uploads\/2023\/05\/worker-driving-vehicle-on-construction-site-1.jpg","contentUrl":"https:\/\/autoleasing.fi\/yrityksille\/wp-content\/uploads\/2023\/05\/worker-driving-vehicle-on-construction-site-1.jpg","width":1600,"height":1111},{"@type":"BreadcrumbList","@id":"https:\/\/autoleasing.fi\/yrityksille\/lisapalvelut\/palveluauto\/#breadcrumb","itemListElement":[{"@type":"ListItem","position":1,"name":"Etusivu","item":"https:\/\/autoleasing.fi\/yrityksille\/"},{"@type":"ListItem","position":2,"name":"Lis\u00e4palvelut","item":"https:\/\/autoleasing.fi\/yrityksille\/lisapalvelut\/"},{"@type":"ListItem","position":3,"name":"Palveluauto"}]},{"@type":"WebSite","@id":"https:\/\/autoleasing.fi\/yrityksille\/#website","url":"https:\/\/autoleasing.fi\/yrityksille\/","name":"Autoleasing \u2013 Yrityksille","description":"","publisher":{"@id":"https:\/\/autoleasing.fi\/yrityksille\/#organization"},"potentialAction":[{"@type":"SearchAction","target":{"@type":"EntryPoint","urlTemplate":"https:\/\/autoleasing.fi\/yrityksille\/?s={search_term_string}"},"query-input":{"@type":"PropertyValueSpecification","valueRequired":true,"valueName":"search_term_string"}}],"inLanguage":"fi"},{"@type":"Organization","@id":"https:\/\/autoleasing.fi\/yrityksille\/#organization","name":"Autoleasing \u2013 Yrityksille","url":"https:\/\/autoleasing.fi\/yrityksille\/","logo":{"@type":"ImageObject","inLanguage":"fi","@id":"https:\/\/autoleasing.fi\/yrityksille\/#\/schema\/logo\/image\/","url":"https:\/\/autoleasing.fi\/yrityksille\/wp-content\/uploads\/2023\/05\/happy-young-woman-looking-out-of-car-window-2.jpg","contentUrl":"https:\/\/autoleasing.fi\/yrityksille\/wp-content\/uploads\/2023\/05\/happy-young-woman-looking-out-of-car-window-2.jpg","width":1600,"height":1157,"caption":"Autoleasing \u2013 Yrityksille"},"image":{"@id":"https:\/\/autoleasing.fi\/yrityksille\/#\/schema\/logo\/image\/"},"sameAs":["https:\/\/fi.linkedin.com\/company\/nffleetfinland"]}]}},"_links":{"self":[{"href":"https:\/\/autoleasing.fi\/yrityksille\/wp-json\/wp\/v2\/pages\/4925","targetHints":{"allow":["GET"]}}],"collection":[{"href":"https:\/\/autoleasing.fi\/yrityksille\/wp-json\/wp\/v2\/pages"}],"about":[{"href":"https:\/\/autoleasing.fi\/yrityksille\/wp-json\/wp\/v2\/types\/page"}],"author":[{"embeddable":true,"href":"https:\/\/autoleasing.fi\/yrityksille\/wp-json\/wp\/v2\/users\/1"}],"replies":[{"embeddable":true,"href":"https:\/\/autoleasing.fi\/yrityksille\/wp-json\/wp\/v2\/comments?post=4925"}],"version-history":[{"count":11,"href":"https:\/\/autoleasing.fi\/yrityksille\/wp-json\/wp\/v2\/pages\/4925\/revisions"}],"predecessor-version":[{"id":5520,"href":"https:\/\/autoleasing.fi\/yrityksille\/wp-json\/wp\/v2\/pages\/4925\/revisions\/5520"}],"up":[{"embeddable":true,"href":"https:\/\/autoleasing.fi\/yrityksille\/wp-json\/wp\/v2\/pages\/4600"}],"wp:featuredmedia":[{"embeddable":true,"href":"https:\/\/autoleasing.fi\/yrityksille\/wp-json\/wp\/v2\/media\/5341"}],"wp:attachment":[{"href":"https:\/\/autoleasing.fi\/yrityksille\/wp-json\/wp\/v2\/media?parent=4925"}],"curies":[{"name":"wp","href":"https:\/\/api.w.org\/{rel}","templated":true}]}}