{"id":4902,"date":"2023-05-26T16:59:52","date_gmt":"2023-05-26T13:59:52","guid":{"rendered":"https:\/\/autoleasing.fi\/yrityksille\/?page_id=4902"},"modified":"2023-06-07T18:01:25","modified_gmt":"2023-06-07T15:01:25","slug":"keskittamisedut","status":"publish","type":"page","link":"https:\/\/autoleasing.fi\/yrityksille\/leasingpalvelut\/keskittamisedut\/","title":{"rendered":"Keskitt\u00e4misedut"},"content":{"rendered":"\n<div class=\"wp-block-group row bg-grey is-layout-flow wp-block-group-is-layout-flow\">\n<div class=\"wp-block-group site-content wrapper flex-columns has-global-padding is-layout-constrained wp-block-group-is-layout-constrained\">\n<div class=\"wp-block-columns is-layout-flex wp-container-core-columns-is-layout-28f84493 wp-block-columns-is-layout-flex\">\n<div class=\"wp-block-column has-white-background-color has-background is-layout-flow wp-block-column-is-layout-flow\" style=\"padding-top:var(--wp--preset--spacing--60);padding-right:var(--wp--preset--spacing--60);padding-bottom:var(--wp--preset--spacing--60);padding-left:var(--wp--preset--spacing--60)\">\n<h2 class=\"wp-block-heading\">Palkitsevat keskitt\u00e4misedut<\/h2>\n\n\n\n<p>Haluamme palkita yritysleasingasiakkaitamme palveluiden keskitt\u00e4misest\u00e4 mahdollisimman monipuolisesti.<\/p>\n\n\n\n<p><strong>T\u00e4ss\u00e4 muutama esimerkki keskitt\u00e4miseduista yhteisty\u00f6sopimusasiakkaillemme:<\/strong><\/p>\n\n\n\n<h2 class=\"wp-block-heading\">Matriisi<\/h2>\n\n\n\n<p>Matriisi on ainutlaatuinen keskitt\u00e4misetu, jonka tarjoamme v\u00e4hint\u00e4\u00e4n kahdeksan auton leasingautokannan omaaville sopimusasiakkaillemme. Matriisin avulla maksat aina vain todellisten ajettujen kilometrien mukaisen vuokran. Matriisi tuo l\u00e4pin\u00e4kyvyytt\u00e4, joustavuutta ja helppoa ennakoitavuutta leasingsopimukseen ja se poistaa kaikki sopimusmuutosten ep\u00e4varmuustekij\u00e4t kuten lis\u00e4kustannukset.&nbsp;&nbsp;<\/p>\n\n\n\n<h2 class=\"wp-block-heading\">Autopolitiikan konsultointi<\/h2>\n\n\n\n<p>Konsultoimme, yll\u00e4pid\u00e4mme ja kehit\u00e4mme kanssasi yrityksenne autopolitiikan linjauksia. Oikeanlaisilla, k\u00e4ytt\u00f6tarpeeseen sek\u00e4 yrityksen arvomaailmaan sopivilla autovalinnoilla voidaan saavuttaa merkitt\u00e4vi\u00e4 s\u00e4\u00e4st\u00f6j\u00e4 sek\u00e4 tukea yrityksen vastuullisuus- ja kustannuss\u00e4\u00e4st\u00f6tavoitteita. Autopolitiikka on my\u00f6s osa ty\u00f6hyvinvointia.&nbsp;<\/p>\n<\/div>\n\n\n\n<div class=\"wp-block-column has-white-background-color has-background is-layout-flow wp-block-column-is-layout-flow\" style=\"padding-top:var(--wp--preset--spacing--60);padding-right:var(--wp--preset--spacing--60);padding-bottom:var(--wp--preset--spacing--60);padding-left:var(--wp--preset--spacing--60)\">\n<h2 class=\"wp-block-heading\">Purkukiinti\u00f6<\/h2>\n\n\n\n<p>Mik\u00e4li yhteisty\u00f6sopimusasiakkaallamme tulee eteen tilanne, jossa jokin ty\u00f6suhdeauto k\u00e4y kesken sopimuskauden tarpeettomaksi (esimerkiksi ty\u00f6tekij\u00e4n irtisanouduttua), kannattaa tarkistaa kyseisen henkil\u00f6- tai pakettiauton purkukiinti\u00f6mahdollisuus. Useinmiten t\u00e4llaisissa tapauksissa asiakkaamme on mahdollista purkaa leasingsopimus&nbsp;kyseisen ajoneuvon osalta joustavasti ja edullisesti kesken sopimuskauden.<\/p>\n\n\n\n<h2 class=\"wp-block-heading\">My NF Fleet<\/h2>\n\n\n\n<p>Yhteisty\u00f6sopimusasiakkaamme saavat k\u00e4ytt\u00f6\u00f6ns\u00e4 k\u00e4tev\u00e4n digitaalisen My NF Fleet -ty\u00f6kalun useamman leasingauton hallintaan. My NF Fleet sis\u00e4lt\u00e4\u00e4 helpot ja hy\u00f6dylliset toiminnot sek\u00e4 yrityksen autoasioista vastaavalle sek\u00e4 leasingautoilijalle.\u00a0<\/p>\n\n\n\n<div class=\"wp-block-buttons popup is-layout-flex wp-block-buttons-is-layout-flex\">\n<div class=\"wp-block-button\"><a class=\"wp-block-button__link wp-element-button\" href=\"#yhteydenotto\">Kysy lis\u00e4\u00e4<\/a><\/div>\n<\/div>\n<\/div>\n<\/div>\n<\/div>\n<\/div>\n","protected":false},"excerpt":{"rendered":"<p>Palkitsevat keskitt\u00e4misedut Haluamme palkita yritysleasingasiakkaitamme palveluiden keskitt\u00e4misest\u00e4 mahdollisimman monipuolisesti. T\u00e4ss\u00e4 muutama esimerkki keskitt\u00e4miseduista yhteisty\u00f6sopimusasiakkaillemme: Matriisi Matriisi on ainutlaatuinen keskitt\u00e4misetu, jonka tarjoamme v\u00e4hint\u00e4\u00e4n kahdeksan auton leasingautokannan omaaville sopimusasiakkaillemme. Matriisin avulla maksat aina vain todellisten ajettujen kilometrien mukaisen vuokran. Matriisi tuo l\u00e4pin\u00e4kyvyytt\u00e4, joustavuutta ja helppoa ennakoitavuutta leasingsopimukseen ja se poistaa kaikki sopimusmuutosten ep\u00e4varmuustekij\u00e4t kuten lis\u00e4kustannukset.&nbsp;&nbsp; Autopolitiikan konsultointi [&hellip;]<\/p>\n","protected":false},"author":1,"featured_media":5323,"parent":11,"menu_order":0,"comment_status":"closed","ping_status":"closed","template":"","meta":{"_acf_changed":false,"footnotes":""},"class_list":["post-4902","page","type-page","status-publish","has-post-thumbnail","hentry"],"acf":[],"yoast_head":"<!-- This site is optimized with the Yoast SEO plugin v27.2 - https:\/\/yoast.com\/product\/yoast-seo-wordpress\/ -->\n<title>Keskitt\u00e4misedut - Autoleasing \u2013 Yrityksille<\/title>\n<meta name=\"robots\" content=\"index, follow, max-snippet:-1, max-image-preview:large, max-video-preview:-1\" \/>\n<link rel=\"canonical\" href=\"https:\/\/autoleasing.fi\/yrityksille\/leasingpalvelut\/keskittamisedut\/\" \/>\n<meta property=\"og:locale\" content=\"fi_FI\" \/>\n<meta property=\"og:type\" content=\"article\" \/>\n<meta property=\"og:title\" content=\"Keskitt\u00e4misedut - Autoleasing \u2013 Yrityksille\" \/>\n<meta property=\"og:description\" content=\"Palkitsevat keskitt\u00e4misedut Haluamme palkita yritysleasingasiakkaitamme palveluiden keskitt\u00e4misest\u00e4 mahdollisimman monipuolisesti. T\u00e4ss\u00e4 muutama esimerkki keskitt\u00e4miseduista yhteisty\u00f6sopimusasiakkaillemme: Matriisi Matriisi on ainutlaatuinen keskitt\u00e4misetu, jonka tarjoamme v\u00e4hint\u00e4\u00e4n kahdeksan auton leasingautokannan omaaville sopimusasiakkaillemme. Matriisin avulla maksat aina vain todellisten ajettujen kilometrien mukaisen vuokran. Matriisi tuo l\u00e4pin\u00e4kyvyytt\u00e4, joustavuutta ja helppoa ennakoitavuutta leasingsopimukseen ja se poistaa kaikki sopimusmuutosten ep\u00e4varmuustekij\u00e4t kuten lis\u00e4kustannukset.&nbsp;&nbsp; Autopolitiikan konsultointi [&hellip;]\" \/>\n<meta property=\"og:url\" content=\"https:\/\/autoleasing.fi\/yrityksille\/leasingpalvelut\/keskittamisedut\/\" \/>\n<meta property=\"og:site_name\" content=\"Autoleasing \u2013 Yrityksille\" \/>\n<meta property=\"article:modified_time\" content=\"2023-06-07T15:01:25+00:00\" \/>\n<meta property=\"og:image\" content=\"https:\/\/autoleasing.fi\/yrityksille\/wp-content\/uploads\/2023\/05\/business-people-discussion-advisor-concept-1.jpg\" \/>\n\t<meta property=\"og:image:width\" content=\"1600\" \/>\n\t<meta property=\"og:image:height\" content=\"1108\" \/>\n\t<meta property=\"og:image:type\" content=\"image\/jpeg\" \/>\n<meta name=\"twitter:card\" content=\"summary_large_image\" \/>\n<meta name=\"twitter:label1\" content=\"Arvioitu lukuaika\" \/>\n\t<meta name=\"twitter:data1\" content=\"1 minuutti\" \/>\n<script type=\"application\/ld+json\" class=\"yoast-schema-graph\">{\"@context\":\"https:\/\/schema.org\",\"@graph\":[{\"@type\":\"WebPage\",\"@id\":\"https:\/\/autoleasing.fi\/yrityksille\/leasingpalvelut\/keskittamisedut\/\",\"url\":\"https:\/\/autoleasing.fi\/yrityksille\/leasingpalvelut\/keskittamisedut\/\",\"name\":\"Keskitt\u00e4misedut - Autoleasing \u2013 Yrityksille\",\"isPartOf\":{\"@id\":\"https:\/\/autoleasing.fi\/yrityksille\/#website\"},\"primaryImageOfPage\":{\"@id\":\"https:\/\/autoleasing.fi\/yrityksille\/leasingpalvelut\/keskittamisedut\/#primaryimage\"},\"image\":{\"@id\":\"https:\/\/autoleasing.fi\/yrityksille\/leasingpalvelut\/keskittamisedut\/#primaryimage\"},\"thumbnailUrl\":\"https:\/\/autoleasing.fi\/yrityksille\/wp-content\/uploads\/2023\/05\/business-people-discussion-advisor-concept-1.jpg\",\"datePublished\":\"2023-05-26T13:59:52+00:00\",\"dateModified\":\"2023-06-07T15:01:25+00:00\",\"breadcrumb\":{\"@id\":\"https:\/\/autoleasing.fi\/yrityksille\/leasingpalvelut\/keskittamisedut\/#breadcrumb\"},\"inLanguage\":\"fi\",\"potentialAction\":[{\"@type\":\"ReadAction\",\"target\":[\"https:\/\/autoleasing.fi\/yrityksille\/leasingpalvelut\/keskittamisedut\/\"]}]},{\"@type\":\"ImageObject\",\"inLanguage\":\"fi\",\"@id\":\"https:\/\/autoleasing.fi\/yrityksille\/leasingpalvelut\/keskittamisedut\/#primaryimage\",\"url\":\"https:\/\/autoleasing.fi\/yrityksille\/wp-content\/uploads\/2023\/05\/business-people-discussion-advisor-concept-1.jpg\",\"contentUrl\":\"https:\/\/autoleasing.fi\/yrityksille\/wp-content\/uploads\/2023\/05\/business-people-discussion-advisor-concept-1.jpg\",\"width\":1600,\"height\":1108},{\"@type\":\"BreadcrumbList\",\"@id\":\"https:\/\/autoleasing.fi\/yrityksille\/leasingpalvelut\/keskittamisedut\/#breadcrumb\",\"itemListElement\":[{\"@type\":\"ListItem\",\"position\":1,\"name\":\"Etusivu\",\"item\":\"https:\/\/autoleasing.fi\/yrityksille\/\"},{\"@type\":\"ListItem\",\"position\":2,\"name\":\"Leasingpalvelut\",\"item\":\"https:\/\/autoleasing.fi\/yrityksille\/leasingpalvelut\/\"},{\"@type\":\"ListItem\",\"position\":3,\"name\":\"Keskitt\u00e4misedut\"}]},{\"@type\":\"WebSite\",\"@id\":\"https:\/\/autoleasing.fi\/yrityksille\/#website\",\"url\":\"https:\/\/autoleasing.fi\/yrityksille\/\",\"name\":\"Autoleasing \u2013 Yrityksille\",\"description\":\"\",\"publisher\":{\"@id\":\"https:\/\/autoleasing.fi\/yrityksille\/#organization\"},\"potentialAction\":[{\"@type\":\"SearchAction\",\"target\":{\"@type\":\"EntryPoint\",\"urlTemplate\":\"https:\/\/autoleasing.fi\/yrityksille\/?s={search_term_string}\"},\"query-input\":{\"@type\":\"PropertyValueSpecification\",\"valueRequired\":true,\"valueName\":\"search_term_string\"}}],\"inLanguage\":\"fi\"},{\"@type\":\"Organization\",\"@id\":\"https:\/\/autoleasing.fi\/yrityksille\/#organization\",\"name\":\"Autoleasing \u2013 Yrityksille\",\"url\":\"https:\/\/autoleasing.fi\/yrityksille\/\",\"logo\":{\"@type\":\"ImageObject\",\"inLanguage\":\"fi\",\"@id\":\"https:\/\/autoleasing.fi\/yrityksille\/#\/schema\/logo\/image\/\",\"url\":\"https:\/\/autoleasing.fi\/yrityksille\/wp-content\/uploads\/2023\/05\/happy-young-woman-looking-out-of-car-window-2.jpg\",\"contentUrl\":\"https:\/\/autoleasing.fi\/yrityksille\/wp-content\/uploads\/2023\/05\/happy-young-woman-looking-out-of-car-window-2.jpg\",\"width\":1600,\"height\":1157,\"caption\":\"Autoleasing \u2013 Yrityksille\"},\"image\":{\"@id\":\"https:\/\/autoleasing.fi\/yrityksille\/#\/schema\/logo\/image\/\"},\"sameAs\":[\"https:\/\/fi.linkedin.com\/company\/nffleetfinland\"]}]}<\/script>\n<!-- \/ Yoast SEO plugin. -->","yoast_head_json":{"title":"Keskitt\u00e4misedut - Autoleasing \u2013 Yrityksille","robots":{"index":"index","follow":"follow","max-snippet":"max-snippet:-1","max-image-preview":"max-image-preview:large","max-video-preview":"max-video-preview:-1"},"canonical":"https:\/\/autoleasing.fi\/yrityksille\/leasingpalvelut\/keskittamisedut\/","og_locale":"fi_FI","og_type":"article","og_title":"Keskitt\u00e4misedut - Autoleasing \u2013 Yrityksille","og_description":"Palkitsevat keskitt\u00e4misedut Haluamme palkita yritysleasingasiakkaitamme palveluiden keskitt\u00e4misest\u00e4 mahdollisimman monipuolisesti. T\u00e4ss\u00e4 muutama esimerkki keskitt\u00e4miseduista yhteisty\u00f6sopimusasiakkaillemme: Matriisi Matriisi on ainutlaatuinen keskitt\u00e4misetu, jonka tarjoamme v\u00e4hint\u00e4\u00e4n kahdeksan auton leasingautokannan omaaville sopimusasiakkaillemme. Matriisin avulla maksat aina vain todellisten ajettujen kilometrien mukaisen vuokran. Matriisi tuo l\u00e4pin\u00e4kyvyytt\u00e4, joustavuutta ja helppoa ennakoitavuutta leasingsopimukseen ja se poistaa kaikki sopimusmuutosten ep\u00e4varmuustekij\u00e4t kuten lis\u00e4kustannukset.&nbsp;&nbsp; Autopolitiikan konsultointi [&hellip;]","og_url":"https:\/\/autoleasing.fi\/yrityksille\/leasingpalvelut\/keskittamisedut\/","og_site_name":"Autoleasing \u2013 Yrityksille","article_modified_time":"2023-06-07T15:01:25+00:00","og_image":[{"width":1600,"height":1108,"url":"https:\/\/autoleasing.fi\/yrityksille\/wp-content\/uploads\/2023\/05\/business-people-discussion-advisor-concept-1.jpg","type":"image\/jpeg"}],"twitter_card":"summary_large_image","twitter_misc":{"Arvioitu lukuaika":"1 minuutti"},"schema":{"@context":"https:\/\/schema.org","@graph":[{"@type":"WebPage","@id":"https:\/\/autoleasing.fi\/yrityksille\/leasingpalvelut\/keskittamisedut\/","url":"https:\/\/autoleasing.fi\/yrityksille\/leasingpalvelut\/keskittamisedut\/","name":"Keskitt\u00e4misedut - Autoleasing \u2013 Yrityksille","isPartOf":{"@id":"https:\/\/autoleasing.fi\/yrityksille\/#website"},"primaryImageOfPage":{"@id":"https:\/\/autoleasing.fi\/yrityksille\/leasingpalvelut\/keskittamisedut\/#primaryimage"},"image":{"@id":"https:\/\/autoleasing.fi\/yrityksille\/leasingpalvelut\/keskittamisedut\/#primaryimage"},"thumbnailUrl":"https:\/\/autoleasing.fi\/yrityksille\/wp-content\/uploads\/2023\/05\/business-people-discussion-advisor-concept-1.jpg","datePublished":"2023-05-26T13:59:52+00:00","dateModified":"2023-06-07T15:01:25+00:00","breadcrumb":{"@id":"https:\/\/autoleasing.fi\/yrityksille\/leasingpalvelut\/keskittamisedut\/#breadcrumb"},"inLanguage":"fi","potentialAction":[{"@type":"ReadAction","target":["https:\/\/autoleasing.fi\/yrityksille\/leasingpalvelut\/keskittamisedut\/"]}]},{"@type":"ImageObject","inLanguage":"fi","@id":"https:\/\/autoleasing.fi\/yrityksille\/leasingpalvelut\/keskittamisedut\/#primaryimage","url":"https:\/\/autoleasing.fi\/yrityksille\/wp-content\/uploads\/2023\/05\/business-people-discussion-advisor-concept-1.jpg","contentUrl":"https:\/\/autoleasing.fi\/yrityksille\/wp-content\/uploads\/2023\/05\/business-people-discussion-advisor-concept-1.jpg","width":1600,"height":1108},{"@type":"BreadcrumbList","@id":"https:\/\/autoleasing.fi\/yrityksille\/leasingpalvelut\/keskittamisedut\/#breadcrumb","itemListElement":[{"@type":"ListItem","position":1,"name":"Etusivu","item":"https:\/\/autoleasing.fi\/yrityksille\/"},{"@type":"ListItem","position":2,"name":"Leasingpalvelut","item":"https:\/\/autoleasing.fi\/yrityksille\/leasingpalvelut\/"},{"@type":"ListItem","position":3,"name":"Keskitt\u00e4misedut"}]},{"@type":"WebSite","@id":"https:\/\/autoleasing.fi\/yrityksille\/#website","url":"https:\/\/autoleasing.fi\/yrityksille\/","name":"Autoleasing \u2013 Yrityksille","description":"","publisher":{"@id":"https:\/\/autoleasing.fi\/yrityksille\/#organization"},"potentialAction":[{"@type":"SearchAction","target":{"@type":"EntryPoint","urlTemplate":"https:\/\/autoleasing.fi\/yrityksille\/?s={search_term_string}"},"query-input":{"@type":"PropertyValueSpecification","valueRequired":true,"valueName":"search_term_string"}}],"inLanguage":"fi"},{"@type":"Organization","@id":"https:\/\/autoleasing.fi\/yrityksille\/#organization","name":"Autoleasing \u2013 Yrityksille","url":"https:\/\/autoleasing.fi\/yrityksille\/","logo":{"@type":"ImageObject","inLanguage":"fi","@id":"https:\/\/autoleasing.fi\/yrityksille\/#\/schema\/logo\/image\/","url":"https:\/\/autoleasing.fi\/yrityksille\/wp-content\/uploads\/2023\/05\/happy-young-woman-looking-out-of-car-window-2.jpg","contentUrl":"https:\/\/autoleasing.fi\/yrityksille\/wp-content\/uploads\/2023\/05\/happy-young-woman-looking-out-of-car-window-2.jpg","width":1600,"height":1157,"caption":"Autoleasing \u2013 Yrityksille"},"image":{"@id":"https:\/\/autoleasing.fi\/yrityksille\/#\/schema\/logo\/image\/"},"sameAs":["https:\/\/fi.linkedin.com\/company\/nffleetfinland"]}]}},"_links":{"self":[{"href":"https:\/\/autoleasing.fi\/yrityksille\/wp-json\/wp\/v2\/pages\/4902","targetHints":{"allow":["GET"]}}],"collection":[{"href":"https:\/\/autoleasing.fi\/yrityksille\/wp-json\/wp\/v2\/pages"}],"about":[{"href":"https:\/\/autoleasing.fi\/yrityksille\/wp-json\/wp\/v2\/types\/page"}],"author":[{"embeddable":true,"href":"https:\/\/autoleasing.fi\/yrityksille\/wp-json\/wp\/v2\/users\/1"}],"replies":[{"embeddable":true,"href":"https:\/\/autoleasing.fi\/yrityksille\/wp-json\/wp\/v2\/comments?post=4902"}],"version-history":[{"count":18,"href":"https:\/\/autoleasing.fi\/yrityksille\/wp-json\/wp\/v2\/pages\/4902\/revisions"}],"predecessor-version":[{"id":5471,"href":"https:\/\/autoleasing.fi\/yrityksille\/wp-json\/wp\/v2\/pages\/4902\/revisions\/5471"}],"up":[{"embeddable":true,"href":"https:\/\/autoleasing.fi\/yrityksille\/wp-json\/wp\/v2\/pages\/11"}],"wp:featuredmedia":[{"embeddable":true,"href":"https:\/\/autoleasing.fi\/yrityksille\/wp-json\/wp\/v2\/media\/5323"}],"wp:attachment":[{"href":"https:\/\/autoleasing.fi\/yrityksille\/wp-json\/wp\/v2\/media?parent=4902"}],"curies":[{"name":"wp","href":"https:\/\/api.w.org\/{rel}","templated":true}]}}