{"id":4665,"date":"2023-05-26T12:26:50","date_gmt":"2023-05-26T09:26:50","guid":{"rendered":"https:\/\/autoleasing.fi\/yrityksille\/?page_id=4665"},"modified":"2024-04-16T16:40:40","modified_gmt":"2024-04-16T13:40:40","slug":"evastekaytanto","status":"publish","type":"page","link":"https:\/\/autoleasing.fi\/yrityksille\/evastekaytanto\/","title":{"rendered":"Ev\u00e4stek\u00e4yt\u00e4nt\u00f6"},"content":{"rendered":"\n<div class=\"wp-block-group row is-layout-flow wp-block-group-is-layout-flow\">\n<div class=\"wp-block-group site-content has-global-padding is-layout-constrained wp-block-group-is-layout-constrained\">\n<div class=\"wp-block-columns is-layout-flex wp-container-core-columns-is-layout-28f84493 wp-block-columns-is-layout-flex\">\n<div class=\"wp-block-column is-layout-flow wp-block-column-is-layout-flow\" style=\"flex-basis:66.66%\">\n<p>NF Fleet Oy voi k\u00e4ytt\u00e4\u00e4 ev\u00e4steit\u00e4, j\u00e4ljitteit\u00e4, j\u00e4ljityspikseleit\u00e4 sek\u00e4 muuta j\u00e4ljitysteknologiaa, kun vierailet verkkosivustollamme, sis\u00e4lt\u00e4en kaikki muut median muodot, mediakanavat, mobiilisivustot, tai mobiiliapplikaatiot, jotka liittyv\u00e4t tai ovat yhteydess\u00e4 verkkosivustoon (yleisesti, \u201d<strong>sivustoon<\/strong>\u201d). Ev\u00e4steit\u00e4 k\u00e4ytet\u00e4\u00e4n muun muassa k\u00e4ytt\u00e4j\u00e4kokemuksesi parantamiseksi, verkkosivujen liikenteen analysoimiseen ja mainosten kohdentamiseen omilla verkkosivuillamme ja kolmansien osapuolten verkkosivuilla.<\/p>\n\n\n\n<h2 class=\"wp-block-heading\">Ev\u00e4steiden k\u00e4ytt\u00f6<\/h2>\n\n\n\n<p>\u201dEv\u00e4ste\u201d on informaatiopaketti, jonka kautta sinulle muodostuu uniikki tunniste, joka tallentuu tietokoneellesi. Selaimesi l\u00e4hett\u00e4\u00e4 meille t\u00e4m\u00e4n uniikin tunnisteen aina kun vierailet sivustollamme. K\u00e4yt\u00e4mme sivustolla ev\u00e4steit\u00e4 mm. pit\u00e4\u00e4ksemme lukua k\u00e4ytt\u00e4mist\u00e4si palveluista, tallentaaksemme rekister\u00f6it\u00e4v\u00e4\u00e4 informaatiota, tallentaaksemme k\u00e4ytt\u00e4j\u00e4preferenssej\u00e4si, pit\u00e4\u00e4ksemme sinut sis\u00e4\u00e4nkirjautuneena sivustolle, helpottaaksemme ostosprosesseja ja j\u00e4ljitt\u00e4\u00e4ksemme sivuja, joilla vierailet. Ev\u00e4steet auttavat meit\u00e4 ymm\u00e4rt\u00e4m\u00e4\u00e4n kuinka k\u00e4yt\u00e4t sivustoamme ja parantamaan k\u00e4ytt\u00e4j\u00e4kokemustasi.<\/p>\n\n\n\n<p>Kun k\u00e4yt\u00e4t verkkosivujamme, hyv\u00e4ksyt ev\u00e4steiden k\u00e4yt\u00f6n. Alla kerrotaan, miten ev\u00e4steiden hyv\u00e4ksym\u00e4tt\u00e4 j\u00e4tt\u00e4minen vaikuttaa.<\/p>\n\n\n\n<h2 class=\"wp-block-heading\">Ev\u00e4stetyypit<\/h2>\n\n\n\n<p>Voimme k\u00e4ytt\u00e4\u00e4 seuraaviin ryhmiin kuuluvia ev\u00e4steit\u00e4:<\/p>\n\n\n\n<h3 class=\"wp-block-heading\">V\u00e4ltt\u00e4m\u00e4tt\u00f6m\u00e4t ev\u00e4steet<\/h3>\n\n\n\n<p>N\u00e4m\u00e4 ev\u00e4steet ovat t\u00e4rkeit\u00e4 verkkosivun perustoiminnoille ja sen t\u00e4rkeille ominaisuuksille, kuten ostoskoreille sek\u00e4 teknisille toiminnoille. Ne varmistavat sivun toimivan odotustesi mukaisesti.<\/p>\n\n\n\n<h3 class=\"wp-block-heading\">Toiminnalliset ev\u00e4steet<\/h3>\n\n\n\n<p>N\u00e4m\u00e4 ev\u00e4steet eiv\u00e4t ole pakollisia sivuston toiminnan kannalta, mutta ovat suunniteltu auttamaan k\u00e4ytt\u00e4j\u00e4\u00e4. Esimerkkin\u00e4 Chat-toiminto. Mik\u00e4li et halua antaa suotumusta niiden k\u00e4yt\u00f6lle, esimerkiksi Chat-palvelu ei lataudu lainkaan sivustolla.<\/p>\n\n\n\n<h3 class=\"wp-block-heading\">Tilastointi<\/h3>\n\n\n\n<p>N\u00e4it\u00e4 ev\u00e4steit\u00e4 k\u00e4ytet\u00e4\u00e4n sivuston hallinnointiin. Ne tallentavat mm. sivun vierasm\u00e4\u00e4ri\u00e4 ja muita verkkoanalyyseja. N\u00e4m\u00e4 ev\u00e4steet voivat ker\u00e4t\u00e4 henkil\u00f6kohtaisia tietoja rajoitetusti.<\/p>\n\n\n\n<h3 class=\"wp-block-heading\"><strong>Markkinointi<\/strong><\/h3>\n\n\n\n<p>N\u00e4it\u00e4 ev\u00e4steit\u00e4 k\u00e4ytet\u00e4\u00e4n vierailijoiden seuraamiseen verkkosivulta toiselle. Niit\u00e4 voidaan k\u00e4ytt\u00e4\u00e4 kunkin vierailijan haku ja\/tai selausprofiilin rakentamiseksi. Henkil\u00f6kohtaisia tai uniikkeja tietoja voidaan ker\u00e4t\u00e4. Anonymisoituja tietoja voidaan jakaa ulkopuolisten kanssa.<\/p>\n\n\n\n<h3 class=\"wp-block-heading\">Kolmannen osapuolen ev\u00e4steet<\/h3>\n\n\n\n<p>Kolmannen osapuolen ev\u00e4steit\u00e4 voidaan asentaa tietokoneellesi yhti\u00f6iden puolesta, jotka tuottavat sivustollemme tiettyj\u00e4 palveluita, kun asioit sivustolla. N\u00e4m\u00e4 ev\u00e4steet mahdollistivat kolmansille osapuolille sen, ett\u00e4 ne voivat ker\u00e4t\u00e4 ja j\u00e4ljitt\u00e4\u00e4 tietty\u00e4 informaatiota sinusta. N\u00e4m\u00e4 ev\u00e4steet voidaan ottaa manuaalisesti pois k\u00e4yt\u00f6st\u00e4 selaimessasi.<\/p>\n\n\n\n<h2 class=\"wp-block-heading\">Ev\u00e4steiden hallinta selaimessa<\/h2>\n\n\n\n<h3 class=\"wp-block-heading\">Toiminnalliset ev\u00e4steet, tilastointi- sek\u00e4 markkinointiev\u00e4steet<\/h3>\n\n\n\n<p>Voit hallita toiminnallisia ev\u00e4steit\u00e4 ja tilastointi- sek\u00e4 markkinointiev\u00e4steit\u00e4 ev\u00e4stepaneelista (alempana). Ko. ev\u00e4steit\u00e4 ei k\u00e4ytet\u00e4, jollet ole antanut suostumusta niiden k\u00e4ytt\u00f6\u00f6n. Huomaathan, ett\u00e4 ev\u00e4steiden rajoittaminen voi vaikuttaa verkkosivuston toimivuuteen. Ev\u00e4stepaneelista n\u00e4et eri ev\u00e4steryhm\u00e4t ja niihin sis\u00e4ltyv\u00e4t ev\u00e4steet.<\/p>\n\n\n\n<h3 class=\"wp-block-heading\">Selaimen asetukset (mahdollisuus est\u00e4\u00e4 ev\u00e4steet kokonaan)<\/h3>\n\n\n\n<p>Voit valita selaimesi asetuksista hyv\u00e4ksytk\u00f6 ev\u00e4steiden k\u00e4yt\u00f6n. Voit k\u00e4ytt\u00e4\u00e4 verkkosivua, vaikka et hyv\u00e4ksyisi ev\u00e4steiden k\u00e4ytt\u00f6\u00e4, mutta t\u00e4m\u00e4 valinta voi rajoittaa merkitt\u00e4v\u00e4sti sivuston toimintaa. Monet sivuston interaktiiviset toiminnot riippuvat ev\u00e4steist\u00e4 ja niiden sammuttaminen tai est\u00e4minen voi est\u00e4\u00e4 n\u00e4it\u00e4 palveluita toimimasta tai tehd\u00e4 niist\u00e4 hy\u00f6dytt\u00f6mi\u00e4.<\/p>\n\n\n\n<p>Eri verkkoselaimet voivat k\u00e4ytt\u00e4\u00e4 eri tapoja ev\u00e4steiden hallinnoimiseen. Seuraathan alla olevia, suoraan verkkoselaimen valmistajalta tulevia ohjeita konfiguroidaksesi selaimesi asetukset.<\/p>\n\n\n\n<p><a href=\"https:\/\/support.microsoft.com\/fi-fi\/help\/17442\/windows-internet-explorer-delete-manage-cookies\" target=\"_blank\" rel=\"noreferrer noopener\"><strong>Microsoft Internet Explorer (IE)<\/strong><\/a><br><a href=\"https:\/\/support.google.com\/chrome\/answer\/95647?hl=fi\" target=\"_blank\" rel=\"noreferrer noopener\"><strong>Google Chrome<\/strong><\/a><br><a href=\"https:\/\/support.apple.com\/en-euro\/guide\/safari\/manage-cookies-and-website-data-sfri11471\/mac\" target=\"_blank\" rel=\"noreferrer noopener\"><strong>Safari<\/strong><\/a><br><a href=\"https:\/\/support.mozilla.org\/fi\/kb\/evasteiden-salliminen-ja-estaminen?redirectlocale=fi&amp;redirectslug=evasteiden-paalle-ja-poiskytkeminen\" target=\"_blank\" rel=\"noreferrer noopener\"><strong>Firefox<\/strong><\/a><\/p>\n\n\n\n<p>N\u00e4m\u00e4 linkit ovat ulkopuolisia sivuja, joita me emme voi kontrolloida \u2013 emme ota vastuuta niiden sis\u00e4ll\u00f6st\u00e4.<\/p>\n\n\n\n<h2 class=\"wp-block-heading\">Muu j\u00e4ljitysteknologia<\/h2>\n\n\n\n<p>Ev\u00e4steiden lis\u00e4ksi voimme k\u00e4ytt\u00e4\u00e4 j\u00e4ljitteit\u00e4, pikselimerkint\u00f6j\u00e4 ja muuta j\u00e4ljitysteknologiaa sivustolla, jotta voimme muokata sivustoa sinulle sopivaksi ja parantaa k\u00e4ytt\u00e4j\u00e4kokemustasi. \u201dJ\u00e4ljite\u201d tai \u201dpikselimerkint\u00e4\u201d on pieni objekti tai kuva, joka on sis\u00e4llytetty verkkosivuun. Niit\u00e4 k\u00e4ytet\u00e4\u00e4n selvitt\u00e4m\u00e4\u00e4n sit\u00e4, kuinka moni k\u00e4ytt\u00e4j\u00e4 on vieraillut tietyill\u00e4 sivustoilla sek\u00e4 ker\u00e4\u00e4m\u00e4\u00e4n muuta tilastollista dataa. Ne ker\u00e4\u00e4v\u00e4t vain rajoitettuja datakokonaisuuksia, kuten ev\u00e4steiden m\u00e4\u00e4r\u00e4\u00e4, kellonaikaa ja p\u00e4iv\u00e4m\u00e4\u00e4r\u00e4\u00e4 sivuston katsomisesta, sek\u00e4 kuvausta sivusta, jossa ne ovat. J\u00e4ljitteist\u00e4 ja pikselimerkinn\u00f6ist\u00e4 ei voi kielt\u00e4yty\u00e4. Voit kuitenkin rajoittaa niiden k\u00e4ytt\u00f6\u00e4 hallinnoimalla ev\u00e4steit\u00e4, jotka ovat vuorovaikutuksessa niiden kanssa.<\/p>\n\n\n\n<h2 class=\"wp-block-heading\">Tietosuojak\u00e4yt\u00e4nt\u00f6<\/h2>\n\n\n\n<p>Saadaksesi tietoa siit\u00e4, miten k\u00e4yt\u00e4mme ev\u00e4steiden ja muun j\u00e4ljitysteknologian kautta ker\u00e4\u00e4m\u00e4\u00e4mme tietoa, voit tutustua\u00a0<a href=\"https:\/\/autoleasing.fi\/yrityksille\/tietosuojaseloste\/\"><strong>tietosuojak\u00e4yt\u00e4nt\u00f6\u00f6mme<\/strong><\/a>.\u00a0T\u00e4m\u00e4 ev\u00e4stek\u00e4yt\u00e4nt\u00f6 on osa tietosuojak\u00e4yt\u00e4nt\u00f6\u00e4mme ja sis\u00e4ltyy siihen. K\u00e4ytt\u00e4m\u00e4ll\u00e4 sivustoamme sitoudut t\u00e4h\u00e4n ev\u00e4stek\u00e4yt\u00e4nt\u00f6\u00f6n sek\u00e4 tietosuojak\u00e4yt\u00e4nt\u00f6\u00f6mme.<\/p>\n\n\n\n<h2 class=\"wp-block-heading\">Yhteystiedot<\/h2>\n\n\n\n<p>Jos sinulla on kysytt\u00e4v\u00e4\u00e4, ole hyv\u00e4 ota yhteytt\u00e4:<\/p>\n\n\n\n<p>NF Fleet Oy<br>Ohtolankatu 4 VANTAA, 01510<br>010&nbsp;404&nbsp;505<br><a href=\"mailto:fi.dataprotection@nffleet.com\">fi.dataprotection@nffleet.com<\/a><\/p>\n\n\n\n<h2 class=\"wp-block-heading\">Ev\u00e4steet<\/h2>\n\n\n\n<p>Voit hallinnoida ev\u00e4steasetuksiasi\u00a0<a data-type=\"URL\" data-id=\"javascript:Didomi.preferences.show()\" href=\"javascript:Didomi.preferences.show()\">t\u00e4\u00e4lt\u00e4<\/a>.<\/p>\n<\/div>\n\n\n\n<div class=\"wp-block-column is-layout-flow wp-block-column-is-layout-flow\" style=\"flex-basis:33.33%\"><\/div>\n<\/div>\n<\/div>\n<\/div>\n","protected":false},"excerpt":{"rendered":"<p>NF Fleet Oy voi k\u00e4ytt\u00e4\u00e4 ev\u00e4steit\u00e4, j\u00e4ljitteit\u00e4, j\u00e4ljityspikseleit\u00e4 sek\u00e4 muuta j\u00e4ljitysteknologiaa, kun vierailet verkkosivustollamme, sis\u00e4lt\u00e4en kaikki muut median muodot, mediakanavat, mobiilisivustot, tai mobiiliapplikaatiot, jotka liittyv\u00e4t tai ovat yhteydess\u00e4 verkkosivustoon (yleisesti, \u201dsivustoon\u201d). Ev\u00e4steit\u00e4 k\u00e4ytet\u00e4\u00e4n muun muassa k\u00e4ytt\u00e4j\u00e4kokemuksesi parantamiseksi, verkkosivujen liikenteen analysoimiseen ja mainosten kohdentamiseen omilla verkkosivuillamme ja kolmansien osapuolten verkkosivuilla. Ev\u00e4steiden k\u00e4ytt\u00f6 \u201dEv\u00e4ste\u201d on informaatiopaketti, jonka [&hellip;]<\/p>\n","protected":false},"author":1,"featured_media":0,"parent":0,"menu_order":0,"comment_status":"closed","ping_status":"closed","template":"","meta":{"_acf_changed":false,"footnotes":""},"class_list":["post-4665","page","type-page","status-publish","hentry"],"acf":[],"yoast_head":"<!-- This site is optimized with the Yoast SEO plugin v27.2 - https:\/\/yoast.com\/product\/yoast-seo-wordpress\/ -->\n<title>Ev\u00e4stek\u00e4yt\u00e4nt\u00f6 - Autoleasing \u2013 Yrityksille<\/title>\n<meta name=\"robots\" content=\"index, follow, max-snippet:-1, max-image-preview:large, max-video-preview:-1\" \/>\n<link rel=\"canonical\" href=\"https:\/\/autoleasing.fi\/yrityksille\/evastekaytanto\/\" \/>\n<meta property=\"og:locale\" content=\"fi_FI\" \/>\n<meta property=\"og:type\" content=\"article\" \/>\n<meta property=\"og:title\" content=\"Ev\u00e4stek\u00e4yt\u00e4nt\u00f6 - Autoleasing \u2013 Yrityksille\" \/>\n<meta property=\"og:description\" content=\"NF Fleet Oy voi k\u00e4ytt\u00e4\u00e4 ev\u00e4steit\u00e4, j\u00e4ljitteit\u00e4, j\u00e4ljityspikseleit\u00e4 sek\u00e4 muuta j\u00e4ljitysteknologiaa, kun vierailet verkkosivustollamme, sis\u00e4lt\u00e4en kaikki muut median muodot, mediakanavat, mobiilisivustot, tai mobiiliapplikaatiot, jotka liittyv\u00e4t tai ovat yhteydess\u00e4 verkkosivustoon (yleisesti, \u201dsivustoon\u201d). Ev\u00e4steit\u00e4 k\u00e4ytet\u00e4\u00e4n muun muassa k\u00e4ytt\u00e4j\u00e4kokemuksesi parantamiseksi, verkkosivujen liikenteen analysoimiseen ja mainosten kohdentamiseen omilla verkkosivuillamme ja kolmansien osapuolten verkkosivuilla. Ev\u00e4steiden k\u00e4ytt\u00f6 \u201dEv\u00e4ste\u201d on informaatiopaketti, jonka [&hellip;]\" \/>\n<meta property=\"og:url\" content=\"https:\/\/autoleasing.fi\/yrityksille\/evastekaytanto\/\" \/>\n<meta property=\"og:site_name\" content=\"Autoleasing \u2013 Yrityksille\" \/>\n<meta property=\"article:modified_time\" content=\"2024-04-16T13:40:40+00:00\" \/>\n<meta name=\"twitter:card\" content=\"summary_large_image\" \/>\n<meta name=\"twitter:label1\" content=\"Arvioitu lukuaika\" \/>\n\t<meta name=\"twitter:data1\" content=\"4 minuuttia\" \/>\n<script type=\"application\/ld+json\" class=\"yoast-schema-graph\">{\"@context\":\"https:\/\/schema.org\",\"@graph\":[{\"@type\":\"WebPage\",\"@id\":\"https:\/\/autoleasing.fi\/yrityksille\/evastekaytanto\/\",\"url\":\"https:\/\/autoleasing.fi\/yrityksille\/evastekaytanto\/\",\"name\":\"Ev\u00e4stek\u00e4yt\u00e4nt\u00f6 - Autoleasing \u2013 Yrityksille\",\"isPartOf\":{\"@id\":\"https:\/\/autoleasing.fi\/yrityksille\/#website\"},\"datePublished\":\"2023-05-26T09:26:50+00:00\",\"dateModified\":\"2024-04-16T13:40:40+00:00\",\"breadcrumb\":{\"@id\":\"https:\/\/autoleasing.fi\/yrityksille\/evastekaytanto\/#breadcrumb\"},\"inLanguage\":\"fi\",\"potentialAction\":[{\"@type\":\"ReadAction\",\"target\":[\"https:\/\/autoleasing.fi\/yrityksille\/evastekaytanto\/\"]}]},{\"@type\":\"BreadcrumbList\",\"@id\":\"https:\/\/autoleasing.fi\/yrityksille\/evastekaytanto\/#breadcrumb\",\"itemListElement\":[{\"@type\":\"ListItem\",\"position\":1,\"name\":\"Etusivu\",\"item\":\"https:\/\/autoleasing.fi\/yrityksille\/\"},{\"@type\":\"ListItem\",\"position\":2,\"name\":\"Ev\u00e4stek\u00e4yt\u00e4nt\u00f6\"}]},{\"@type\":\"WebSite\",\"@id\":\"https:\/\/autoleasing.fi\/yrityksille\/#website\",\"url\":\"https:\/\/autoleasing.fi\/yrityksille\/\",\"name\":\"Autoleasing \u2013 Yrityksille\",\"description\":\"\",\"publisher\":{\"@id\":\"https:\/\/autoleasing.fi\/yrityksille\/#organization\"},\"potentialAction\":[{\"@type\":\"SearchAction\",\"target\":{\"@type\":\"EntryPoint\",\"urlTemplate\":\"https:\/\/autoleasing.fi\/yrityksille\/?s={search_term_string}\"},\"query-input\":{\"@type\":\"PropertyValueSpecification\",\"valueRequired\":true,\"valueName\":\"search_term_string\"}}],\"inLanguage\":\"fi\"},{\"@type\":\"Organization\",\"@id\":\"https:\/\/autoleasing.fi\/yrityksille\/#organization\",\"name\":\"Autoleasing \u2013 Yrityksille\",\"url\":\"https:\/\/autoleasing.fi\/yrityksille\/\",\"logo\":{\"@type\":\"ImageObject\",\"inLanguage\":\"fi\",\"@id\":\"https:\/\/autoleasing.fi\/yrityksille\/#\/schema\/logo\/image\/\",\"url\":\"https:\/\/autoleasing.fi\/yrityksille\/wp-content\/uploads\/2023\/05\/happy-young-woman-looking-out-of-car-window-2.jpg\",\"contentUrl\":\"https:\/\/autoleasing.fi\/yrityksille\/wp-content\/uploads\/2023\/05\/happy-young-woman-looking-out-of-car-window-2.jpg\",\"width\":1600,\"height\":1157,\"caption\":\"Autoleasing \u2013 Yrityksille\"},\"image\":{\"@id\":\"https:\/\/autoleasing.fi\/yrityksille\/#\/schema\/logo\/image\/\"},\"sameAs\":[\"https:\/\/fi.linkedin.com\/company\/nffleetfinland\"]}]}<\/script>\n<!-- \/ Yoast SEO plugin. -->","yoast_head_json":{"title":"Ev\u00e4stek\u00e4yt\u00e4nt\u00f6 - Autoleasing \u2013 Yrityksille","robots":{"index":"index","follow":"follow","max-snippet":"max-snippet:-1","max-image-preview":"max-image-preview:large","max-video-preview":"max-video-preview:-1"},"canonical":"https:\/\/autoleasing.fi\/yrityksille\/evastekaytanto\/","og_locale":"fi_FI","og_type":"article","og_title":"Ev\u00e4stek\u00e4yt\u00e4nt\u00f6 - Autoleasing \u2013 Yrityksille","og_description":"NF Fleet Oy voi k\u00e4ytt\u00e4\u00e4 ev\u00e4steit\u00e4, j\u00e4ljitteit\u00e4, j\u00e4ljityspikseleit\u00e4 sek\u00e4 muuta j\u00e4ljitysteknologiaa, kun vierailet verkkosivustollamme, sis\u00e4lt\u00e4en kaikki muut median muodot, mediakanavat, mobiilisivustot, tai mobiiliapplikaatiot, jotka liittyv\u00e4t tai ovat yhteydess\u00e4 verkkosivustoon (yleisesti, \u201dsivustoon\u201d). Ev\u00e4steit\u00e4 k\u00e4ytet\u00e4\u00e4n muun muassa k\u00e4ytt\u00e4j\u00e4kokemuksesi parantamiseksi, verkkosivujen liikenteen analysoimiseen ja mainosten kohdentamiseen omilla verkkosivuillamme ja kolmansien osapuolten verkkosivuilla. Ev\u00e4steiden k\u00e4ytt\u00f6 \u201dEv\u00e4ste\u201d on informaatiopaketti, jonka [&hellip;]","og_url":"https:\/\/autoleasing.fi\/yrityksille\/evastekaytanto\/","og_site_name":"Autoleasing \u2013 Yrityksille","article_modified_time":"2024-04-16T13:40:40+00:00","twitter_card":"summary_large_image","twitter_misc":{"Arvioitu lukuaika":"4 minuuttia"},"schema":{"@context":"https:\/\/schema.org","@graph":[{"@type":"WebPage","@id":"https:\/\/autoleasing.fi\/yrityksille\/evastekaytanto\/","url":"https:\/\/autoleasing.fi\/yrityksille\/evastekaytanto\/","name":"Ev\u00e4stek\u00e4yt\u00e4nt\u00f6 - Autoleasing \u2013 Yrityksille","isPartOf":{"@id":"https:\/\/autoleasing.fi\/yrityksille\/#website"},"datePublished":"2023-05-26T09:26:50+00:00","dateModified":"2024-04-16T13:40:40+00:00","breadcrumb":{"@id":"https:\/\/autoleasing.fi\/yrityksille\/evastekaytanto\/#breadcrumb"},"inLanguage":"fi","potentialAction":[{"@type":"ReadAction","target":["https:\/\/autoleasing.fi\/yrityksille\/evastekaytanto\/"]}]},{"@type":"BreadcrumbList","@id":"https:\/\/autoleasing.fi\/yrityksille\/evastekaytanto\/#breadcrumb","itemListElement":[{"@type":"ListItem","position":1,"name":"Etusivu","item":"https:\/\/autoleasing.fi\/yrityksille\/"},{"@type":"ListItem","position":2,"name":"Ev\u00e4stek\u00e4yt\u00e4nt\u00f6"}]},{"@type":"WebSite","@id":"https:\/\/autoleasing.fi\/yrityksille\/#website","url":"https:\/\/autoleasing.fi\/yrityksille\/","name":"Autoleasing \u2013 Yrityksille","description":"","publisher":{"@id":"https:\/\/autoleasing.fi\/yrityksille\/#organization"},"potentialAction":[{"@type":"SearchAction","target":{"@type":"EntryPoint","urlTemplate":"https:\/\/autoleasing.fi\/yrityksille\/?s={search_term_string}"},"query-input":{"@type":"PropertyValueSpecification","valueRequired":true,"valueName":"search_term_string"}}],"inLanguage":"fi"},{"@type":"Organization","@id":"https:\/\/autoleasing.fi\/yrityksille\/#organization","name":"Autoleasing \u2013 Yrityksille","url":"https:\/\/autoleasing.fi\/yrityksille\/","logo":{"@type":"ImageObject","inLanguage":"fi","@id":"https:\/\/autoleasing.fi\/yrityksille\/#\/schema\/logo\/image\/","url":"https:\/\/autoleasing.fi\/yrityksille\/wp-content\/uploads\/2023\/05\/happy-young-woman-looking-out-of-car-window-2.jpg","contentUrl":"https:\/\/autoleasing.fi\/yrityksille\/wp-content\/uploads\/2023\/05\/happy-young-woman-looking-out-of-car-window-2.jpg","width":1600,"height":1157,"caption":"Autoleasing \u2013 Yrityksille"},"image":{"@id":"https:\/\/autoleasing.fi\/yrityksille\/#\/schema\/logo\/image\/"},"sameAs":["https:\/\/fi.linkedin.com\/company\/nffleetfinland"]}]}},"_links":{"self":[{"href":"https:\/\/autoleasing.fi\/yrityksille\/wp-json\/wp\/v2\/pages\/4665","targetHints":{"allow":["GET"]}}],"collection":[{"href":"https:\/\/autoleasing.fi\/yrityksille\/wp-json\/wp\/v2\/pages"}],"about":[{"href":"https:\/\/autoleasing.fi\/yrityksille\/wp-json\/wp\/v2\/types\/page"}],"author":[{"embeddable":true,"href":"https:\/\/autoleasing.fi\/yrityksille\/wp-json\/wp\/v2\/users\/1"}],"replies":[{"embeddable":true,"href":"https:\/\/autoleasing.fi\/yrityksille\/wp-json\/wp\/v2\/comments?post=4665"}],"version-history":[{"count":6,"href":"https:\/\/autoleasing.fi\/yrityksille\/wp-json\/wp\/v2\/pages\/4665\/revisions"}],"predecessor-version":[{"id":6109,"href":"https:\/\/autoleasing.fi\/yrityksille\/wp-json\/wp\/v2\/pages\/4665\/revisions\/6109"}],"wp:attachment":[{"href":"https:\/\/autoleasing.fi\/yrityksille\/wp-json\/wp\/v2\/media?parent=4665"}],"curies":[{"name":"wp","href":"https:\/\/api.w.org\/{rel}","templated":true}]}}