{"id":4602,"date":"2023-05-24T16:29:25","date_gmt":"2023-05-24T13:29:25","guid":{"rendered":"https:\/\/autoleasing.fi\/yrityksille\/?page_id=4602"},"modified":"2026-01-05T16:07:11","modified_gmt":"2026-01-05T14:07:11","slug":"taysvakuutus","status":"publish","type":"page","link":"https:\/\/autoleasing.fi\/yrityksille\/lisapalvelut\/taysvakuutus\/","title":{"rendered":"NF Fleet T\u00e4ysvakuutus"},"content":{"rendered":"\n<div class=\"wp-block-group is-layout-flow wp-block-group-is-layout-flow\">\n<p>NF Fleet T\u00e4ysvakuutus on kehitetty joustamaan asiakkaidemme tarpeiden mukaan ja vastaamaan markkinoiden vaatimuksiin esimerkiksi s\u00e4hk\u00f6autoilusta.<\/p>\n\n\n\n<p>Vakuutus kattaa my\u00f6s s\u00e4hk\u00f6auton latauskaapelin, kotilatauslaitteen sek\u00e4 s\u00e4hk\u00f6auton hinauksen k\u00e4ytt\u00f6s\u00e4hk\u00f6n loppuessa. Voit valita tilanteeseesi sopivan omavastuun m\u00e4\u00e4r\u00e4n ja n\u00e4in vaikuttaa aktiivisesti maksamiesi vakuutusmaksujen m\u00e4\u00e4r\u00e4\u00e4n.<\/p>\n\n\n\n<p><\/p>\n\n\n\n<ol class=\"wp-block-list\">\n<li><strong>Autoissa on aina kattava turva<\/strong>, jolloin vahinkotilanteissakaan ei synny yll\u00e4tyksi\u00e4.<\/li>\n\n\n\n<li>T\u00e4ysvakuutuksen vakuutusmaksut tulevat muiden autoilun kulujen mukana samalla laskulla kuukausi kerrallaan ja aina autokohtaisesti eriteltyn\u00e4 &#8211;&nbsp;<strong>s\u00e4\u00e4st\u00e4t laskujen k\u00e4sittelykuluissa eik\u00e4 tasauslaskuja tarvita<\/strong>.<\/li>\n\n\n\n<li><strong>Vahinkotilanteiden k\u00e4sittely on nopeaa<\/strong>, sill\u00e4 tekninen palvelumme tuntee vakuutussis\u00e4ll\u00f6n ja pystyy neuvomaan korjaamoa ripe\u00e4sti.<\/li>\n\n\n\n<li>Hinnoittelu perustuu ajoneuvon verolliseen hintaan.<\/li>\n\n\n\n<li>Vakuutus kattaa my\u00f6s s\u00e4hk\u00f6auton latauskaapelin, kotilatauslaitteen sek\u00e4 s\u00e4hk\u00f6auton hinauksen k\u00e4ytt\u00f6s\u00e4hk\u00f6n loppuessa..<\/li>\n<\/ol>\n\n\n\n<h2 class=\"wp-block-heading\">T\u00e4ysvakuutus takaa laajan turvan<\/h2>\n\n\n\n<p>Olemme yhdist\u00e4neet pakollisen lakis\u00e4\u00e4teisen liikennevakuutuksen kattavaan kaskovakuutukseen. Kaskovakuutuksemme sis\u00e4lt\u00e4\u00e4 turvan kolaroinnin, hirvivahingon, palon, varkauden, ilkivallan ja lasivaurion varalta, sek\u00e4 tiepalvelun (auton hinaus, majoitus- ja matkakulut vahingon sattuessa), oikeusturvan ja laajennetun uusarvoturvan. Katso tarkemmat tiedot vakuutuksen ehdoista.<\/p>\n\n\n\n<h2 class=\"wp-block-heading\">Hinnat ja omavastuu<\/h2>\n\n\n\n<p>T\u00e4ysvakuutuksen hinnat ovat kilpailukykyiset: hinnat alkaen 47 \u20ac kuukaudessa. Voit valita omavastuun kolmesta eri tasosta: 250 \u20ac, 500 \u20ac tai 1000 \u20ac. Uudistuksen my\u00f6t\u00e4 ajoneuvokohtainen hinnoittelu vaihtuu moottoritilavuuteen perustuvasta vakuutusmaksusta ajoneuvon verolliseen hintaan perustuvaan hinnoitteluun. Tuulilasin korjauksesta ja autopalvelun k\u00e4yt\u00f6st\u00e4 et maksa lainkaan omavastuuta. Tutustu t\u00e4st\u00e4 tarkempaan vakuutuskuvaukseen ja hintoihin sek\u00e4 vakuutusehtoihin.<\/p>\n\n\n\n<div class=\"wp-block-buttons is-layout-flex wp-block-buttons-is-layout-flex\">\n<div class=\"wp-block-button\"><a class=\"wp-block-button__link wp-element-button\" href=\"https:\/\/autoleasing.fi\/yrityksille\/vakuutushinnat\">Tuotekuvaus<\/a><\/div>\n<\/div>\n\n\n\n<h2 class=\"wp-block-heading\">Mit\u00e4 korkeampi omavastuu, sit\u00e4 halvempi vakuutus<\/h2>\n\n\n\n<p>Korkea omavastuu ei kuitenkaan aina kannata. Mik\u00e4li autosi liikkuu paljon kaupungeissa ja vuodessa ajokilometrej\u00e4 kertyy paljon, suosittelemme pient\u00e4 omavastuuta. Kokemuksemme mukaan korkeasta omavastuusta voi synty\u00e4 s\u00e4\u00e4st\u00f6\u00e4 aluksi, mutta useampien omavastuuvaurioiden my\u00f6t\u00e4 s\u00e4\u00e4st\u00f6 muuttuu pitk\u00e4ll\u00e4 aikav\u00e4lill\u00e4 lis\u00e4kustannukseksi. Asiakaspalvelumme neuvoo mielell\u00e4\u00e4n my\u00f6s autokohtaisen omavastuun valinnassa.<\/p>\n\n\n\n<h2 class=\"wp-block-heading\">Vakuutushinnat \u20ac \/ auto \/ kuukausi<\/h2>\n\n\n\n<p>T\u00e4ysvakuutuksen maksut m\u00e4\u00e4ritell\u00e4\u00e4n 1.1.2026 alkaen ajoneuvon investointihinnan* ja valitun omavastuun m\u00e4\u00e4r\u00e4n mukaan seuraavasti:<\/p>\n\n\n\n<figure class=\"wp-block-table\"><table class=\"has-fixed-layout\"><thead><tr><th>Investointihinta*<\/th><th>Omavastuu 250 \u20ac<\/th><th>Omavastuu 500 \u20ac<\/th><th>Omavastuu 1000 \u20ac<\/th><\/tr><\/thead><tbody><tr><td>Alle 24 999 \u20ac<\/td><td>71 \u20ac<\/td><td>55 \u20ac<\/td><td>47 \u20ac<\/td><\/tr><tr><td>25 000-34 999 \u20ac<\/td><td>81 \u20ac<\/td><td>66 \u20ac<\/td><td>57 \u20ac<\/td><\/tr><tr><td>35 000-44 999 \u20ac<\/td><td>92 \u20ac<\/td><td>76 \u20ac<\/td><td>62 \u20ac<\/td><\/tr><tr><td>45 000-54 999 \u20ac<\/td><td>102 \u20ac<\/td><td>86 \u20ac<\/td><td>73 \u20ac<\/td><\/tr><tr><td>55 000-64 999 \u20ac<\/td><td>112 \u20ac<\/td><td>97 \u20ac<\/td><td>79 \u20ac<\/td><\/tr><tr><td>yli 65 000 \u20ac<\/td><td>123 \u20ac<\/td><td>107 \u20ac<\/td><td>89 \u20ac<\/td><\/tr><tr><td colspan=\"4\">* Investointihinta on auton verollinen suositusv\u00e4hitt\u00e4ishinta.<\/td><\/tr><\/tbody><\/table><\/figure>\n\n\n\n<h2 class=\"wp-block-heading\">Mit\u00e4 jos yrityksess\u00e4 on paljon autoja, mutta vahinkoja on sattunut v\u00e4h\u00e4n?<\/h2>\n\n\n\n<p>Mit\u00e4 paremmin autoilijat ajavat, sit\u00e4 edullisemmin voimme my\u00f6nt\u00e4\u00e4 vakuutukset. Laskemme mielell\u00e4mme yksil\u00f6idyn tarjouksen vakuutuksista, mik\u00e4li yrityksenne autoille on historiassa tapahtunut harvoin vahinkoja. Pyyd\u00e4 tarjous&nbsp;<a href=\"https:\/\/autoleasing.fi\/yrityksille\/nf-fleet\/yhteystiedot\/\">asiakaspalvelustamme<\/a>.<\/p>\n\n\n\n<h2 class=\"wp-block-heading\">Ayvens Insurances on erikoistunut ajoneuvojen vakuuttamiseen<\/h2>\n\n\n\n<p>Ayvens Insurances (yritystunnus 222618) on Ayvens konsernin 100% omistama tyt\u00e4ryhti\u00f6, jonka p\u00e4\u00e4paikka on Irlannissa. Ayvens Insurances on operoinut vuodesta 1994 ja toimii 42 maassa ymp\u00e4ri maailmaa. Ayvens on erikoistunut ajoneuvojen vakuuttamiseen ja t\u00e4ll\u00e4 hetkell\u00e4 vakuutettuna on noin 1,7 miljoonaa ajoneuvoa. Ayvens Insurances toimii Irlannin Keskuspankin valvonnan alaisuudessa (valtuutusnumero C33597).<\/p>\n\n\n\n<p>Ayvens Insurancesin yhteisty\u00f6kumppani on Crawford &amp; Company. Ayvens Insurances \/ Crawford &amp; Company asiakaspalvelu neuvoo kaikissa autovakuutukseen, vakuutusehtoihin ja Green Cardin hankintaan liittyviss\u00e4 asioissa.<\/p>\n\n\n\n<div class=\"wp-block-buttons is-layout-flex wp-block-buttons-is-layout-flex\">\n<div class=\"wp-block-button\"><a class=\"wp-block-button__link wp-element-button\" href=\"https:\/\/autoleasing.fi\/yrityksille\/wp-content\/uploads\/2024\/11\/Euro_Insurances_DAC_ehdot_NFFleet_01012025.pdf\">Vakuutusehdot<\/a><\/div>\n<\/div>\n\n\n\n<p><strong>Ayvens Insurances \/ Crawford asiakaspalvelun yhteystiedot:&nbsp;<\/strong><br>Puh. 09 251 37540<br>ma-pe 8.30 &#8211; 16.30<br><a href=\"mailto:euro@crawco.fi\">euro@crawco.fi<\/a><\/p>\n\n\n\n<div class=\"wp-block-buttons is-layout-flex wp-block-buttons-is-layout-flex\">\n<div class=\"wp-block-button\"><a class=\"wp-block-button__link wp-element-button\" href=\"https:\/\/autoleasing.fi\/yrityksille\/autoilijalle\/usein-kysytyt-kysymykset\/#huollot-korjaukset-ja-vahingot\">Ohjeet vahingon sattuessa<\/a><\/div>\n<\/div>\n<\/div>\n","protected":false},"excerpt":{"rendered":"<p>NF Fleet T\u00e4ysvakuutus on kehitetty joustamaan asiakkaidemme tarpeiden mukaan ja vastaamaan markkinoiden vaatimuksiin esimerkiksi s\u00e4hk\u00f6autoilusta. Vakuutus kattaa my\u00f6s s\u00e4hk\u00f6auton latauskaapelin, kotilatauslaitteen sek\u00e4 s\u00e4hk\u00f6auton hinauksen k\u00e4ytt\u00f6s\u00e4hk\u00f6n loppuessa. Voit valita tilanteeseesi sopivan omavastuun m\u00e4\u00e4r\u00e4n ja n\u00e4in vaikuttaa aktiivisesti maksamiesi vakuutusmaksujen m\u00e4\u00e4r\u00e4\u00e4n. T\u00e4ysvakuutus takaa laajan turvan Olemme yhdist\u00e4neet pakollisen lakis\u00e4\u00e4teisen liikennevakuutuksen kattavaan kaskovakuutukseen. Kaskovakuutuksemme sis\u00e4lt\u00e4\u00e4 turvan kolaroinnin, hirvivahingon, [&hellip;]<\/p>\n","protected":false},"author":1,"featured_media":5294,"parent":4600,"menu_order":0,"comment_status":"closed","ping_status":"closed","template":"page-templates\/additional-services.php","meta":{"_acf_changed":false,"footnotes":""},"class_list":["post-4602","page","type-page","status-publish","has-post-thumbnail","hentry"],"acf":[],"yoast_head":"<!-- This site is optimized with the Yoast SEO plugin v27.2 - https:\/\/yoast.com\/product\/yoast-seo-wordpress\/ -->\n<title>NF Fleet T\u00e4ysvakuutus - Autoleasing \u2013 Yrityksille<\/title>\n<meta name=\"robots\" content=\"index, follow, max-snippet:-1, max-image-preview:large, max-video-preview:-1\" \/>\n<link rel=\"canonical\" href=\"https:\/\/autoleasing.fi\/yrityksille\/lisapalvelut\/taysvakuutus\/\" \/>\n<meta property=\"og:locale\" content=\"fi_FI\" \/>\n<meta property=\"og:type\" content=\"article\" \/>\n<meta property=\"og:title\" content=\"NF Fleet T\u00e4ysvakuutus - Autoleasing \u2013 Yrityksille\" \/>\n<meta property=\"og:description\" content=\"NF Fleet T\u00e4ysvakuutus on kehitetty joustamaan asiakkaidemme tarpeiden mukaan ja vastaamaan markkinoiden vaatimuksiin esimerkiksi s\u00e4hk\u00f6autoilusta. Vakuutus kattaa my\u00f6s s\u00e4hk\u00f6auton latauskaapelin, kotilatauslaitteen sek\u00e4 s\u00e4hk\u00f6auton hinauksen k\u00e4ytt\u00f6s\u00e4hk\u00f6n loppuessa. Voit valita tilanteeseesi sopivan omavastuun m\u00e4\u00e4r\u00e4n ja n\u00e4in vaikuttaa aktiivisesti maksamiesi vakuutusmaksujen m\u00e4\u00e4r\u00e4\u00e4n. T\u00e4ysvakuutus takaa laajan turvan Olemme yhdist\u00e4neet pakollisen lakis\u00e4\u00e4teisen liikennevakuutuksen kattavaan kaskovakuutukseen. Kaskovakuutuksemme sis\u00e4lt\u00e4\u00e4 turvan kolaroinnin, hirvivahingon, [&hellip;]\" \/>\n<meta property=\"og:url\" content=\"https:\/\/autoleasing.fi\/yrityksille\/lisapalvelut\/taysvakuutus\/\" \/>\n<meta property=\"og:site_name\" content=\"Autoleasing \u2013 Yrityksille\" \/>\n<meta property=\"article:modified_time\" content=\"2026-01-05T14:07:11+00:00\" \/>\n<meta property=\"og:image\" content=\"https:\/\/autoleasing.fi\/yrityksille\/wp-content\/uploads\/2023\/05\/man-driving-along-the-atlantic-ocean-road.jpg\" \/>\n\t<meta property=\"og:image:width\" content=\"1600\" \/>\n\t<meta property=\"og:image:height\" content=\"1067\" \/>\n\t<meta property=\"og:image:type\" content=\"image\/jpeg\" \/>\n<meta name=\"twitter:card\" content=\"summary_large_image\" \/>\n<meta name=\"twitter:label1\" content=\"Arvioitu lukuaika\" \/>\n\t<meta name=\"twitter:data1\" content=\"4 minuuttia\" \/>\n<script type=\"application\/ld+json\" class=\"yoast-schema-graph\">{\"@context\":\"https:\/\/schema.org\",\"@graph\":[{\"@type\":\"WebPage\",\"@id\":\"https:\/\/autoleasing.fi\/yrityksille\/lisapalvelut\/taysvakuutus\/\",\"url\":\"https:\/\/autoleasing.fi\/yrityksille\/lisapalvelut\/taysvakuutus\/\",\"name\":\"NF Fleet T\u00e4ysvakuutus - Autoleasing \u2013 Yrityksille\",\"isPartOf\":{\"@id\":\"https:\/\/autoleasing.fi\/yrityksille\/#website\"},\"primaryImageOfPage\":{\"@id\":\"https:\/\/autoleasing.fi\/yrityksille\/lisapalvelut\/taysvakuutus\/#primaryimage\"},\"image\":{\"@id\":\"https:\/\/autoleasing.fi\/yrityksille\/lisapalvelut\/taysvakuutus\/#primaryimage\"},\"thumbnailUrl\":\"https:\/\/autoleasing.fi\/yrityksille\/wp-content\/uploads\/2023\/05\/man-driving-along-the-atlantic-ocean-road.jpg\",\"datePublished\":\"2023-05-24T13:29:25+00:00\",\"dateModified\":\"2026-01-05T14:07:11+00:00\",\"breadcrumb\":{\"@id\":\"https:\/\/autoleasing.fi\/yrityksille\/lisapalvelut\/taysvakuutus\/#breadcrumb\"},\"inLanguage\":\"fi\",\"potentialAction\":[{\"@type\":\"ReadAction\",\"target\":[\"https:\/\/autoleasing.fi\/yrityksille\/lisapalvelut\/taysvakuutus\/\"]}]},{\"@type\":\"ImageObject\",\"inLanguage\":\"fi\",\"@id\":\"https:\/\/autoleasing.fi\/yrityksille\/lisapalvelut\/taysvakuutus\/#primaryimage\",\"url\":\"https:\/\/autoleasing.fi\/yrityksille\/wp-content\/uploads\/2023\/05\/man-driving-along-the-atlantic-ocean-road.jpg\",\"contentUrl\":\"https:\/\/autoleasing.fi\/yrityksille\/wp-content\/uploads\/2023\/05\/man-driving-along-the-atlantic-ocean-road.jpg\",\"width\":1600,\"height\":1067,\"caption\":\"Tourist driving on the Atlantic Road with the famous Storseisundet bridge in the background\"},{\"@type\":\"BreadcrumbList\",\"@id\":\"https:\/\/autoleasing.fi\/yrityksille\/lisapalvelut\/taysvakuutus\/#breadcrumb\",\"itemListElement\":[{\"@type\":\"ListItem\",\"position\":1,\"name\":\"Etusivu\",\"item\":\"https:\/\/autoleasing.fi\/yrityksille\/\"},{\"@type\":\"ListItem\",\"position\":2,\"name\":\"Lis\u00e4palvelut\",\"item\":\"https:\/\/autoleasing.fi\/yrityksille\/lisapalvelut\/\"},{\"@type\":\"ListItem\",\"position\":3,\"name\":\"NF Fleet T\u00e4ysvakuutus\"}]},{\"@type\":\"WebSite\",\"@id\":\"https:\/\/autoleasing.fi\/yrityksille\/#website\",\"url\":\"https:\/\/autoleasing.fi\/yrityksille\/\",\"name\":\"Autoleasing \u2013 Yrityksille\",\"description\":\"\",\"publisher\":{\"@id\":\"https:\/\/autoleasing.fi\/yrityksille\/#organization\"},\"potentialAction\":[{\"@type\":\"SearchAction\",\"target\":{\"@type\":\"EntryPoint\",\"urlTemplate\":\"https:\/\/autoleasing.fi\/yrityksille\/?s={search_term_string}\"},\"query-input\":{\"@type\":\"PropertyValueSpecification\",\"valueRequired\":true,\"valueName\":\"search_term_string\"}}],\"inLanguage\":\"fi\"},{\"@type\":\"Organization\",\"@id\":\"https:\/\/autoleasing.fi\/yrityksille\/#organization\",\"name\":\"Autoleasing \u2013 Yrityksille\",\"url\":\"https:\/\/autoleasing.fi\/yrityksille\/\",\"logo\":{\"@type\":\"ImageObject\",\"inLanguage\":\"fi\",\"@id\":\"https:\/\/autoleasing.fi\/yrityksille\/#\/schema\/logo\/image\/\",\"url\":\"https:\/\/autoleasing.fi\/yrityksille\/wp-content\/uploads\/2023\/05\/happy-young-woman-looking-out-of-car-window-2.jpg\",\"contentUrl\":\"https:\/\/autoleasing.fi\/yrityksille\/wp-content\/uploads\/2023\/05\/happy-young-woman-looking-out-of-car-window-2.jpg\",\"width\":1600,\"height\":1157,\"caption\":\"Autoleasing \u2013 Yrityksille\"},\"image\":{\"@id\":\"https:\/\/autoleasing.fi\/yrityksille\/#\/schema\/logo\/image\/\"},\"sameAs\":[\"https:\/\/fi.linkedin.com\/company\/nffleetfinland\"]}]}<\/script>\n<!-- \/ Yoast SEO plugin. -->","yoast_head_json":{"title":"NF Fleet T\u00e4ysvakuutus - Autoleasing \u2013 Yrityksille","robots":{"index":"index","follow":"follow","max-snippet":"max-snippet:-1","max-image-preview":"max-image-preview:large","max-video-preview":"max-video-preview:-1"},"canonical":"https:\/\/autoleasing.fi\/yrityksille\/lisapalvelut\/taysvakuutus\/","og_locale":"fi_FI","og_type":"article","og_title":"NF Fleet T\u00e4ysvakuutus - Autoleasing \u2013 Yrityksille","og_description":"NF Fleet T\u00e4ysvakuutus on kehitetty joustamaan asiakkaidemme tarpeiden mukaan ja vastaamaan markkinoiden vaatimuksiin esimerkiksi s\u00e4hk\u00f6autoilusta. Vakuutus kattaa my\u00f6s s\u00e4hk\u00f6auton latauskaapelin, kotilatauslaitteen sek\u00e4 s\u00e4hk\u00f6auton hinauksen k\u00e4ytt\u00f6s\u00e4hk\u00f6n loppuessa. Voit valita tilanteeseesi sopivan omavastuun m\u00e4\u00e4r\u00e4n ja n\u00e4in vaikuttaa aktiivisesti maksamiesi vakuutusmaksujen m\u00e4\u00e4r\u00e4\u00e4n. T\u00e4ysvakuutus takaa laajan turvan Olemme yhdist\u00e4neet pakollisen lakis\u00e4\u00e4teisen liikennevakuutuksen kattavaan kaskovakuutukseen. Kaskovakuutuksemme sis\u00e4lt\u00e4\u00e4 turvan kolaroinnin, hirvivahingon, [&hellip;]","og_url":"https:\/\/autoleasing.fi\/yrityksille\/lisapalvelut\/taysvakuutus\/","og_site_name":"Autoleasing \u2013 Yrityksille","article_modified_time":"2026-01-05T14:07:11+00:00","og_image":[{"width":1600,"height":1067,"url":"https:\/\/autoleasing.fi\/yrityksille\/wp-content\/uploads\/2023\/05\/man-driving-along-the-atlantic-ocean-road.jpg","type":"image\/jpeg"}],"twitter_card":"summary_large_image","twitter_misc":{"Arvioitu lukuaika":"4 minuuttia"},"schema":{"@context":"https:\/\/schema.org","@graph":[{"@type":"WebPage","@id":"https:\/\/autoleasing.fi\/yrityksille\/lisapalvelut\/taysvakuutus\/","url":"https:\/\/autoleasing.fi\/yrityksille\/lisapalvelut\/taysvakuutus\/","name":"NF Fleet T\u00e4ysvakuutus - Autoleasing \u2013 Yrityksille","isPartOf":{"@id":"https:\/\/autoleasing.fi\/yrityksille\/#website"},"primaryImageOfPage":{"@id":"https:\/\/autoleasing.fi\/yrityksille\/lisapalvelut\/taysvakuutus\/#primaryimage"},"image":{"@id":"https:\/\/autoleasing.fi\/yrityksille\/lisapalvelut\/taysvakuutus\/#primaryimage"},"thumbnailUrl":"https:\/\/autoleasing.fi\/yrityksille\/wp-content\/uploads\/2023\/05\/man-driving-along-the-atlantic-ocean-road.jpg","datePublished":"2023-05-24T13:29:25+00:00","dateModified":"2026-01-05T14:07:11+00:00","breadcrumb":{"@id":"https:\/\/autoleasing.fi\/yrityksille\/lisapalvelut\/taysvakuutus\/#breadcrumb"},"inLanguage":"fi","potentialAction":[{"@type":"ReadAction","target":["https:\/\/autoleasing.fi\/yrityksille\/lisapalvelut\/taysvakuutus\/"]}]},{"@type":"ImageObject","inLanguage":"fi","@id":"https:\/\/autoleasing.fi\/yrityksille\/lisapalvelut\/taysvakuutus\/#primaryimage","url":"https:\/\/autoleasing.fi\/yrityksille\/wp-content\/uploads\/2023\/05\/man-driving-along-the-atlantic-ocean-road.jpg","contentUrl":"https:\/\/autoleasing.fi\/yrityksille\/wp-content\/uploads\/2023\/05\/man-driving-along-the-atlantic-ocean-road.jpg","width":1600,"height":1067,"caption":"Tourist driving on the Atlantic Road with the famous Storseisundet bridge in the background"},{"@type":"BreadcrumbList","@id":"https:\/\/autoleasing.fi\/yrityksille\/lisapalvelut\/taysvakuutus\/#breadcrumb","itemListElement":[{"@type":"ListItem","position":1,"name":"Etusivu","item":"https:\/\/autoleasing.fi\/yrityksille\/"},{"@type":"ListItem","position":2,"name":"Lis\u00e4palvelut","item":"https:\/\/autoleasing.fi\/yrityksille\/lisapalvelut\/"},{"@type":"ListItem","position":3,"name":"NF Fleet T\u00e4ysvakuutus"}]},{"@type":"WebSite","@id":"https:\/\/autoleasing.fi\/yrityksille\/#website","url":"https:\/\/autoleasing.fi\/yrityksille\/","name":"Autoleasing \u2013 Yrityksille","description":"","publisher":{"@id":"https:\/\/autoleasing.fi\/yrityksille\/#organization"},"potentialAction":[{"@type":"SearchAction","target":{"@type":"EntryPoint","urlTemplate":"https:\/\/autoleasing.fi\/yrityksille\/?s={search_term_string}"},"query-input":{"@type":"PropertyValueSpecification","valueRequired":true,"valueName":"search_term_string"}}],"inLanguage":"fi"},{"@type":"Organization","@id":"https:\/\/autoleasing.fi\/yrityksille\/#organization","name":"Autoleasing \u2013 Yrityksille","url":"https:\/\/autoleasing.fi\/yrityksille\/","logo":{"@type":"ImageObject","inLanguage":"fi","@id":"https:\/\/autoleasing.fi\/yrityksille\/#\/schema\/logo\/image\/","url":"https:\/\/autoleasing.fi\/yrityksille\/wp-content\/uploads\/2023\/05\/happy-young-woman-looking-out-of-car-window-2.jpg","contentUrl":"https:\/\/autoleasing.fi\/yrityksille\/wp-content\/uploads\/2023\/05\/happy-young-woman-looking-out-of-car-window-2.jpg","width":1600,"height":1157,"caption":"Autoleasing \u2013 Yrityksille"},"image":{"@id":"https:\/\/autoleasing.fi\/yrityksille\/#\/schema\/logo\/image\/"},"sameAs":["https:\/\/fi.linkedin.com\/company\/nffleetfinland"]}]}},"_links":{"self":[{"href":"https:\/\/autoleasing.fi\/yrityksille\/wp-json\/wp\/v2\/pages\/4602","targetHints":{"allow":["GET"]}}],"collection":[{"href":"https:\/\/autoleasing.fi\/yrityksille\/wp-json\/wp\/v2\/pages"}],"about":[{"href":"https:\/\/autoleasing.fi\/yrityksille\/wp-json\/wp\/v2\/types\/page"}],"author":[{"embeddable":true,"href":"https:\/\/autoleasing.fi\/yrityksille\/wp-json\/wp\/v2\/users\/1"}],"replies":[{"embeddable":true,"href":"https:\/\/autoleasing.fi\/yrityksille\/wp-json\/wp\/v2\/comments?post=4602"}],"version-history":[{"count":34,"href":"https:\/\/autoleasing.fi\/yrityksille\/wp-json\/wp\/v2\/pages\/4602\/revisions"}],"predecessor-version":[{"id":6450,"href":"https:\/\/autoleasing.fi\/yrityksille\/wp-json\/wp\/v2\/pages\/4602\/revisions\/6450"}],"up":[{"embeddable":true,"href":"https:\/\/autoleasing.fi\/yrityksille\/wp-json\/wp\/v2\/pages\/4600"}],"wp:featuredmedia":[{"embeddable":true,"href":"https:\/\/autoleasing.fi\/yrityksille\/wp-json\/wp\/v2\/media\/5294"}],"wp:attachment":[{"href":"https:\/\/autoleasing.fi\/yrityksille\/wp-json\/wp\/v2\/media?parent=4602"}],"curies":[{"name":"wp","href":"https:\/\/api.w.org\/{rel}","templated":true}]}}