{"id":4480,"date":"2023-05-16T17:26:55","date_gmt":"2023-05-16T14:26:55","guid":{"rendered":"https:\/\/autoleasing.fi\/yrityksille\/?page_id=4480"},"modified":"2023-05-30T18:46:49","modified_gmt":"2023-05-30T15:46:49","slug":"verotusarvolaskuri","status":"publish","type":"page","link":"https:\/\/autoleasing.fi\/yrityksille\/autoilijalle\/verotusarvolaskuri\/","title":{"rendered":"Verotusarvolaskuri"},"content":{"rendered":"\n<p>Verotusarvolaskurimme laskee k\u00e4tev\u00e4sti toivomasi automerkin- ja mallin, ohjehinnan, autoveron sek\u00e4 vapaan k\u00e4ytt\u00f6edun ja k\u00e4ytt\u00f6edun m\u00e4\u00e4r\u00e4n. Vapaa autoetu on kysymyksess\u00e4 silloin, kun ty\u00f6nantaja maksaa kaikki autoilun kustannukset. K\u00e4ytt\u00f6edussa ty\u00f6suhdeautoilija maksaa itse lataus- ja\/tai polttoainekulut.<\/p>\n\n\n\n<p>Jos sinulla on kysytt\u00e4v\u00e4\u00e4, ole yhteydess\u00e4 asiakaspalveluumme.<\/p>\n\n\n\n<div class=\"wp-block-buttons is-layout-flex wp-block-buttons-is-layout-flex\">\n<div class=\"wp-block-button popup\"><a class=\"wp-block-button__link wp-element-button\" href=\"#yhteydenotto\">Ota yhteytt\u00e4<\/a><\/div>\n<\/div>\n\n\n\n<div style=\"height:51px\" aria-hidden=\"true\" class=\"wp-block-spacer\"><\/div>\n","protected":false},"excerpt":{"rendered":"<p>Verotusarvolaskurimme laskee k\u00e4tev\u00e4sti toivomasi automerkin- ja mallin, ohjehinnan, autoveron sek\u00e4 vapaan k\u00e4ytt\u00f6edun ja k\u00e4ytt\u00f6edun m\u00e4\u00e4r\u00e4n. Vapaa autoetu on kysymyksess\u00e4 silloin, kun ty\u00f6nantaja maksaa kaikki autoilun kustannukset. K\u00e4ytt\u00f6edussa ty\u00f6suhdeautoilija maksaa itse lataus- ja\/tai polttoainekulut. Jos sinulla on kysytt\u00e4v\u00e4\u00e4, ole yhteydess\u00e4 asiakaspalveluumme.<\/p>\n","protected":false},"author":1,"featured_media":5286,"parent":4464,"menu_order":0,"comment_status":"closed","ping_status":"closed","template":"page-templates\/taxcalc.php","meta":{"_acf_changed":false,"footnotes":""},"class_list":["post-4480","page","type-page","status-publish","has-post-thumbnail","hentry"],"acf":[],"yoast_head":"<!-- This site is optimized with the Yoast SEO plugin v27.2 - https:\/\/yoast.com\/product\/yoast-seo-wordpress\/ -->\n<title>Verotusarvolaskuri - Autoleasing \u2013 Yrityksille<\/title>\n<meta name=\"robots\" content=\"index, follow, max-snippet:-1, max-image-preview:large, max-video-preview:-1\" \/>\n<link rel=\"canonical\" href=\"https:\/\/autoleasing.fi\/yrityksille\/autoilijalle\/verotusarvolaskuri\/\" \/>\n<meta property=\"og:locale\" content=\"fi_FI\" \/>\n<meta property=\"og:type\" content=\"article\" \/>\n<meta property=\"og:title\" content=\"Verotusarvolaskuri - Autoleasing \u2013 Yrityksille\" \/>\n<meta property=\"og:description\" content=\"Verotusarvolaskurimme laskee k\u00e4tev\u00e4sti toivomasi automerkin- ja mallin, ohjehinnan, autoveron sek\u00e4 vapaan k\u00e4ytt\u00f6edun ja k\u00e4ytt\u00f6edun m\u00e4\u00e4r\u00e4n. Vapaa autoetu on kysymyksess\u00e4 silloin, kun ty\u00f6nantaja maksaa kaikki autoilun kustannukset. K\u00e4ytt\u00f6edussa ty\u00f6suhdeautoilija maksaa itse lataus- ja\/tai polttoainekulut. Jos sinulla on kysytt\u00e4v\u00e4\u00e4, ole yhteydess\u00e4 asiakaspalveluumme.\" \/>\n<meta property=\"og:url\" content=\"https:\/\/autoleasing.fi\/yrityksille\/autoilijalle\/verotusarvolaskuri\/\" \/>\n<meta property=\"og:site_name\" content=\"Autoleasing \u2013 Yrityksille\" \/>\n<meta property=\"article:modified_time\" content=\"2023-05-30T15:46:49+00:00\" \/>\n<meta property=\"og:image\" content=\"https:\/\/autoleasing.fi\/yrityksille\/wp-content\/uploads\/2023\/05\/financial-advisor-meeting-with-prospective-customer.jpg\" \/>\n\t<meta property=\"og:image:width\" content=\"1600\" \/>\n\t<meta property=\"og:image:height\" content=\"1068\" \/>\n\t<meta property=\"og:image:type\" content=\"image\/jpeg\" \/>\n<meta name=\"twitter:card\" content=\"summary_large_image\" \/>\n<script type=\"application\/ld+json\" class=\"yoast-schema-graph\">{\"@context\":\"https:\/\/schema.org\",\"@graph\":[{\"@type\":\"WebPage\",\"@id\":\"https:\/\/autoleasing.fi\/yrityksille\/autoilijalle\/verotusarvolaskuri\/\",\"url\":\"https:\/\/autoleasing.fi\/yrityksille\/autoilijalle\/verotusarvolaskuri\/\",\"name\":\"Verotusarvolaskuri - Autoleasing \u2013 Yrityksille\",\"isPartOf\":{\"@id\":\"https:\/\/autoleasing.fi\/yrityksille\/#website\"},\"primaryImageOfPage\":{\"@id\":\"https:\/\/autoleasing.fi\/yrityksille\/autoilijalle\/verotusarvolaskuri\/#primaryimage\"},\"image\":{\"@id\":\"https:\/\/autoleasing.fi\/yrityksille\/autoilijalle\/verotusarvolaskuri\/#primaryimage\"},\"thumbnailUrl\":\"https:\/\/autoleasing.fi\/yrityksille\/wp-content\/uploads\/2023\/05\/financial-advisor-meeting-with-prospective-customer.jpg\",\"datePublished\":\"2023-05-16T14:26:55+00:00\",\"dateModified\":\"2023-05-30T15:46:49+00:00\",\"breadcrumb\":{\"@id\":\"https:\/\/autoleasing.fi\/yrityksille\/autoilijalle\/verotusarvolaskuri\/#breadcrumb\"},\"inLanguage\":\"fi\",\"potentialAction\":[{\"@type\":\"ReadAction\",\"target\":[\"https:\/\/autoleasing.fi\/yrityksille\/autoilijalle\/verotusarvolaskuri\/\"]}]},{\"@type\":\"ImageObject\",\"inLanguage\":\"fi\",\"@id\":\"https:\/\/autoleasing.fi\/yrityksille\/autoilijalle\/verotusarvolaskuri\/#primaryimage\",\"url\":\"https:\/\/autoleasing.fi\/yrityksille\/wp-content\/uploads\/2023\/05\/financial-advisor-meeting-with-prospective-customer.jpg\",\"contentUrl\":\"https:\/\/autoleasing.fi\/yrityksille\/wp-content\/uploads\/2023\/05\/financial-advisor-meeting-with-prospective-customer.jpg\",\"width\":1600,\"height\":1068},{\"@type\":\"BreadcrumbList\",\"@id\":\"https:\/\/autoleasing.fi\/yrityksille\/autoilijalle\/verotusarvolaskuri\/#breadcrumb\",\"itemListElement\":[{\"@type\":\"ListItem\",\"position\":1,\"name\":\"Etusivu\",\"item\":\"https:\/\/autoleasing.fi\/yrityksille\/\"},{\"@type\":\"ListItem\",\"position\":2,\"name\":\"Autoilijalle\",\"item\":\"https:\/\/autoleasing.fi\/yrityksille\/autoilijalle\/\"},{\"@type\":\"ListItem\",\"position\":3,\"name\":\"Verotusarvolaskuri\"}]},{\"@type\":\"WebSite\",\"@id\":\"https:\/\/autoleasing.fi\/yrityksille\/#website\",\"url\":\"https:\/\/autoleasing.fi\/yrityksille\/\",\"name\":\"Autoleasing \u2013 Yrityksille\",\"description\":\"\",\"publisher\":{\"@id\":\"https:\/\/autoleasing.fi\/yrityksille\/#organization\"},\"potentialAction\":[{\"@type\":\"SearchAction\",\"target\":{\"@type\":\"EntryPoint\",\"urlTemplate\":\"https:\/\/autoleasing.fi\/yrityksille\/?s={search_term_string}\"},\"query-input\":{\"@type\":\"PropertyValueSpecification\",\"valueRequired\":true,\"valueName\":\"search_term_string\"}}],\"inLanguage\":\"fi\"},{\"@type\":\"Organization\",\"@id\":\"https:\/\/autoleasing.fi\/yrityksille\/#organization\",\"name\":\"Autoleasing \u2013 Yrityksille\",\"url\":\"https:\/\/autoleasing.fi\/yrityksille\/\",\"logo\":{\"@type\":\"ImageObject\",\"inLanguage\":\"fi\",\"@id\":\"https:\/\/autoleasing.fi\/yrityksille\/#\/schema\/logo\/image\/\",\"url\":\"https:\/\/autoleasing.fi\/yrityksille\/wp-content\/uploads\/2023\/05\/happy-young-woman-looking-out-of-car-window-2.jpg\",\"contentUrl\":\"https:\/\/autoleasing.fi\/yrityksille\/wp-content\/uploads\/2023\/05\/happy-young-woman-looking-out-of-car-window-2.jpg\",\"width\":1600,\"height\":1157,\"caption\":\"Autoleasing \u2013 Yrityksille\"},\"image\":{\"@id\":\"https:\/\/autoleasing.fi\/yrityksille\/#\/schema\/logo\/image\/\"},\"sameAs\":[\"https:\/\/fi.linkedin.com\/company\/nffleetfinland\"]}]}<\/script>\n<!-- \/ Yoast SEO plugin. -->","yoast_head_json":{"title":"Verotusarvolaskuri - Autoleasing \u2013 Yrityksille","robots":{"index":"index","follow":"follow","max-snippet":"max-snippet:-1","max-image-preview":"max-image-preview:large","max-video-preview":"max-video-preview:-1"},"canonical":"https:\/\/autoleasing.fi\/yrityksille\/autoilijalle\/verotusarvolaskuri\/","og_locale":"fi_FI","og_type":"article","og_title":"Verotusarvolaskuri - Autoleasing \u2013 Yrityksille","og_description":"Verotusarvolaskurimme laskee k\u00e4tev\u00e4sti toivomasi automerkin- ja mallin, ohjehinnan, autoveron sek\u00e4 vapaan k\u00e4ytt\u00f6edun ja k\u00e4ytt\u00f6edun m\u00e4\u00e4r\u00e4n. Vapaa autoetu on kysymyksess\u00e4 silloin, kun ty\u00f6nantaja maksaa kaikki autoilun kustannukset. K\u00e4ytt\u00f6edussa ty\u00f6suhdeautoilija maksaa itse lataus- ja\/tai polttoainekulut. Jos sinulla on kysytt\u00e4v\u00e4\u00e4, ole yhteydess\u00e4 asiakaspalveluumme.","og_url":"https:\/\/autoleasing.fi\/yrityksille\/autoilijalle\/verotusarvolaskuri\/","og_site_name":"Autoleasing \u2013 Yrityksille","article_modified_time":"2023-05-30T15:46:49+00:00","og_image":[{"width":1600,"height":1068,"url":"https:\/\/autoleasing.fi\/yrityksille\/wp-content\/uploads\/2023\/05\/financial-advisor-meeting-with-prospective-customer.jpg","type":"image\/jpeg"}],"twitter_card":"summary_large_image","schema":{"@context":"https:\/\/schema.org","@graph":[{"@type":"WebPage","@id":"https:\/\/autoleasing.fi\/yrityksille\/autoilijalle\/verotusarvolaskuri\/","url":"https:\/\/autoleasing.fi\/yrityksille\/autoilijalle\/verotusarvolaskuri\/","name":"Verotusarvolaskuri - Autoleasing \u2013 Yrityksille","isPartOf":{"@id":"https:\/\/autoleasing.fi\/yrityksille\/#website"},"primaryImageOfPage":{"@id":"https:\/\/autoleasing.fi\/yrityksille\/autoilijalle\/verotusarvolaskuri\/#primaryimage"},"image":{"@id":"https:\/\/autoleasing.fi\/yrityksille\/autoilijalle\/verotusarvolaskuri\/#primaryimage"},"thumbnailUrl":"https:\/\/autoleasing.fi\/yrityksille\/wp-content\/uploads\/2023\/05\/financial-advisor-meeting-with-prospective-customer.jpg","datePublished":"2023-05-16T14:26:55+00:00","dateModified":"2023-05-30T15:46:49+00:00","breadcrumb":{"@id":"https:\/\/autoleasing.fi\/yrityksille\/autoilijalle\/verotusarvolaskuri\/#breadcrumb"},"inLanguage":"fi","potentialAction":[{"@type":"ReadAction","target":["https:\/\/autoleasing.fi\/yrityksille\/autoilijalle\/verotusarvolaskuri\/"]}]},{"@type":"ImageObject","inLanguage":"fi","@id":"https:\/\/autoleasing.fi\/yrityksille\/autoilijalle\/verotusarvolaskuri\/#primaryimage","url":"https:\/\/autoleasing.fi\/yrityksille\/wp-content\/uploads\/2023\/05\/financial-advisor-meeting-with-prospective-customer.jpg","contentUrl":"https:\/\/autoleasing.fi\/yrityksille\/wp-content\/uploads\/2023\/05\/financial-advisor-meeting-with-prospective-customer.jpg","width":1600,"height":1068},{"@type":"BreadcrumbList","@id":"https:\/\/autoleasing.fi\/yrityksille\/autoilijalle\/verotusarvolaskuri\/#breadcrumb","itemListElement":[{"@type":"ListItem","position":1,"name":"Etusivu","item":"https:\/\/autoleasing.fi\/yrityksille\/"},{"@type":"ListItem","position":2,"name":"Autoilijalle","item":"https:\/\/autoleasing.fi\/yrityksille\/autoilijalle\/"},{"@type":"ListItem","position":3,"name":"Verotusarvolaskuri"}]},{"@type":"WebSite","@id":"https:\/\/autoleasing.fi\/yrityksille\/#website","url":"https:\/\/autoleasing.fi\/yrityksille\/","name":"Autoleasing \u2013 Yrityksille","description":"","publisher":{"@id":"https:\/\/autoleasing.fi\/yrityksille\/#organization"},"potentialAction":[{"@type":"SearchAction","target":{"@type":"EntryPoint","urlTemplate":"https:\/\/autoleasing.fi\/yrityksille\/?s={search_term_string}"},"query-input":{"@type":"PropertyValueSpecification","valueRequired":true,"valueName":"search_term_string"}}],"inLanguage":"fi"},{"@type":"Organization","@id":"https:\/\/autoleasing.fi\/yrityksille\/#organization","name":"Autoleasing \u2013 Yrityksille","url":"https:\/\/autoleasing.fi\/yrityksille\/","logo":{"@type":"ImageObject","inLanguage":"fi","@id":"https:\/\/autoleasing.fi\/yrityksille\/#\/schema\/logo\/image\/","url":"https:\/\/autoleasing.fi\/yrityksille\/wp-content\/uploads\/2023\/05\/happy-young-woman-looking-out-of-car-window-2.jpg","contentUrl":"https:\/\/autoleasing.fi\/yrityksille\/wp-content\/uploads\/2023\/05\/happy-young-woman-looking-out-of-car-window-2.jpg","width":1600,"height":1157,"caption":"Autoleasing \u2013 Yrityksille"},"image":{"@id":"https:\/\/autoleasing.fi\/yrityksille\/#\/schema\/logo\/image\/"},"sameAs":["https:\/\/fi.linkedin.com\/company\/nffleetfinland"]}]}},"_links":{"self":[{"href":"https:\/\/autoleasing.fi\/yrityksille\/wp-json\/wp\/v2\/pages\/4480","targetHints":{"allow":["GET"]}}],"collection":[{"href":"https:\/\/autoleasing.fi\/yrityksille\/wp-json\/wp\/v2\/pages"}],"about":[{"href":"https:\/\/autoleasing.fi\/yrityksille\/wp-json\/wp\/v2\/types\/page"}],"author":[{"embeddable":true,"href":"https:\/\/autoleasing.fi\/yrityksille\/wp-json\/wp\/v2\/users\/1"}],"replies":[{"embeddable":true,"href":"https:\/\/autoleasing.fi\/yrityksille\/wp-json\/wp\/v2\/comments?post=4480"}],"version-history":[{"count":15,"href":"https:\/\/autoleasing.fi\/yrityksille\/wp-json\/wp\/v2\/pages\/4480\/revisions"}],"predecessor-version":[{"id":5421,"href":"https:\/\/autoleasing.fi\/yrityksille\/wp-json\/wp\/v2\/pages\/4480\/revisions\/5421"}],"up":[{"embeddable":true,"href":"https:\/\/autoleasing.fi\/yrityksille\/wp-json\/wp\/v2\/pages\/4464"}],"wp:featuredmedia":[{"embeddable":true,"href":"https:\/\/autoleasing.fi\/yrityksille\/wp-json\/wp\/v2\/media\/5286"}],"wp:attachment":[{"href":"https:\/\/autoleasing.fi\/yrityksille\/wp-json\/wp\/v2\/media?parent=4480"}],"curies":[{"name":"wp","href":"https:\/\/api.w.org\/{rel}","templated":true}]}}